{"id":87,"date":"2021-06-10T17:14:37","date_gmt":"2021-06-10T15:14:37","guid":{"rendered":"https:\/\/www.schlosserei-strodl.at\/?page_id=87"},"modified":"2025-04-29T08:42:44","modified_gmt":"2025-04-29T06:42:44","slug":"gelaender","status":"publish","type":"page","link":"https:\/\/schlosserei-strodl.at\/?page_id=87","title":{"rendered":"Gel\u00e4nder"},"content":{"rendered":"<p>[et_pb_section fb_built=&#8220;1&#8243; _builder_version=&#8220;4.9.4&#8243; _module_preset=&#8220;default&#8220; background_color=&#8220;#e5e5e5&#8243;][et_pb_row _builder_version=&#8220;4.9.4&#8243; _module_preset=&#8220;default&#8220;][et_pb_column type=&#8220;4_4&#8243; _builder_version=&#8220;4.9.4&#8243; _module_preset=&#8220;default&#8220;][et_pb_text _builder_version=&#8220;4.9.4&#8243; _module_preset=&#8220;default&#8220; min_height=&#8220;0px&#8220;]<\/p>\n<h1 style=\"text-align: center;\">Gel\u00e4nder<\/h1>\n<p>[\/et_pb_text][\/et_pb_column][\/et_pb_row][et_pb_row column_structure=&#8220;1_3,1_3,1_3&#8243; _builder_version=&#8220;4.9.4&#8243; _module_preset=&#8220;default&#8220; border_width_bottom=&#8220;1px&#8220;][et_pb_column type=&#8220;1_3&#8243; _builder_version=&#8220;4.9.4&#8243; _module_preset=&#8220;default&#8220;][et_pb_text _builder_version=&#8220;4.9.4&#8243; _module_preset=&#8220;default&#8220;]<\/p>\n<p>&nbsp;<\/p>\n<p><strong>Stahlgel\u00e4nder<\/strong> sind f\u00fcr den Innen- und Au\u00dfenbereich geeignet. Die Ausf\u00fchrung kann individuell an die Begebenheiten angepasst werden. Die Gel\u00e4nder k\u00f6nnen roh, grundiert, feuerverzinkt, lackiert und pulverbeschichtet geliefert werden. Bei der Farbenwahl steht Ihnen eine breite Palette zur Verf\u00fcgung.<\/p>\n<p>[\/et_pb_text][\/et_pb_column][et_pb_column type=&#8220;1_3&#8243; _builder_version=&#8220;4.9.4&#8243; _module_preset=&#8220;default&#8220;][et_pb_image src=&#8220;https:\/\/schlosserei-strodl.at\/wp-content\/uploads\/2021\/10\/IMG_6488-scaled-e1633937989119.jpg&#8220; alt=&#8220;Schlosserei Strod Gel\u00e4nder aus Flachstahl&#8220; title_text=&#8220;Schlosserei Strod Gel\u00e4nder au&#8220; _builder_version=&#8220;4.9.4&#8243; _module_preset=&#8220;default&#8220;][\/et_pb_image][\/et_pb_column][et_pb_column type=&#8220;1_3&#8243; _builder_version=&#8220;4.9.4&#8243; _module_preset=&#8220;default&#8220;][et_pb_image src=&#8220;https:\/\/schlosserei-strodl.at\/wp-content\/uploads\/2022\/11\/IMG_4254-scaled-e1713263521295.jpg&#8220; alt=&#8220;Schlosserei Strodl Gel\u00e4nder aus Stahlblech mit Ausschnitten&#8220; title_text=&#8220;Schlosserei Strodl Gel\u00e4nder aus Stahlblech mit Ausschnitten&#8220; _builder_version=&#8220;4.9.4&#8243; _module_preset=&#8220;default&#8220;][\/et_pb_image][\/et_pb_column][\/et_pb_row][et_pb_row column_structure=&#8220;1_3,1_3,1_3&#8243; _builder_version=&#8220;4.9.4&#8243; _module_preset=&#8220;default&#8220; border_width_bottom=&#8220;1px&#8220;][et_pb_column type=&#8220;1_3&#8243; _builder_version=&#8220;4.9.4&#8243; _module_preset=&#8220;default&#8220;][et_pb_text _builder_version=&#8220;4.9.4&#8243; _module_preset=&#8220;default&#8220;]<\/p>\n<p>&nbsp;<\/p>\n<p>\u00a0Gel\u00e4nder aus <strong>Schmiedeeisen<\/strong> werden schon seit Jahrhunderten gefertigt und sind dennoch immer noch gefragt. Ob in der klassischen Ausf\u00fchrung mit geh\u00e4mmerten St\u00e4ben und Schn\u00f6rksel oder in der modernen Variante &#8211; die Entscheidung liegt bei Ihnen.<\/p>\n<p>[\/et_pb_text][\/et_pb_column][et_pb_column type=&#8220;1_3&#8243; _builder_version=&#8220;4.9.4&#8243; _module_preset=&#8220;default&#8220;][et_pb_image src=&#8220;https:\/\/schlosserei-strodl.at\/wp-content\/uploads\/2021\/10\/IMG_00891-scaled.jpg&#8220; alt=&#8220;Schlosserei Strodl Schmiedeeisernes Gel\u00e4nder&#8220; title_text=&#8220;Schlosserei Strodl Schmiedeeisernes Gel\u00e4nder&#8220; _builder_version=&#8220;4.9.4&#8243; _module_preset=&#8220;default&#8220;][\/et_pb_image][\/et_pb_column][et_pb_column type=&#8220;1_3&#8243; _builder_version=&#8220;4.9.4&#8243; _module_preset=&#8220;default&#8220;][et_pb_image src=&#8220;https:\/\/schlosserei-strodl.at\/wp-content\/uploads\/2021\/10\/e031e472-31d2-43bd-bc8e-023d36733029.jpg&#8220; alt=&#8220;Schlosserei Strodl Gel\u00e4nder aus Schmiedeeisen&#8220; title_text=&#8220;Schlosserei Strodl Gel\u00e4nder aus Schmiedeeisen&#8220; _builder_version=&#8220;4.9.4&#8243; _module_preset=&#8220;default&#8220; custom_margin=&#8220;||0px||false|false&#8220; custom_padding=&#8220;0px||0px||false|false&#8220;][\/et_pb_image][\/et_pb_column][\/et_pb_row][et_pb_row column_structure=&#8220;1_3,1_3,1_3&#8243; _builder_version=&#8220;4.9.4&#8243; _module_preset=&#8220;default&#8220; border_width_bottom=&#8220;1px&#8220;][et_pb_column type=&#8220;1_3&#8243; _builder_version=&#8220;4.9.4&#8243; _module_preset=&#8220;default&#8220;][et_pb_text _builder_version=&#8220;4.9.4&#8243; _module_preset=&#8220;default&#8220;]<\/p>\n<p>&nbsp;<\/p>\n<p>&nbsp;<\/p>\n<p>Gel\u00e4nder mit <strong>Edelstahlnetz<\/strong> sind modern und unaufdringlich. Das optimale Gel\u00e4nder, wenn Sie Besitzer von kleinen Hunderassen sind.<\/p>\n<p>[\/et_pb_text][\/et_pb_column][et_pb_column type=&#8220;1_3&#8243; _builder_version=&#8220;4.9.4&#8243; _module_preset=&#8220;default&#8220;][et_pb_image src=&#8220;https:\/\/schlosserei-strodl.at\/wp-content\/uploads\/2021\/10\/zaun_edelstahl-scaled.jpg&#8220; alt=&#8220;Schlosserei Strodl Gel\u00e4nder mit Edelstahlnetz&#8220; title_text=&#8220;Schlosserei Strodl Gel\u00e4nder mit Edelstahlnetz&#8220; _builder_version=&#8220;4.9.4&#8243; _module_preset=&#8220;default&#8220;][\/et_pb_image][\/et_pb_column][et_pb_column type=&#8220;1_3&#8243; _builder_version=&#8220;4.9.4&#8243; _module_preset=&#8220;default&#8220;][et_pb_image src=&#8220;https:\/\/schlosserei-strodl.at\/wp-content\/uploads\/2022\/06\/IMG_2329-scaled.jpg&#8220; alt=&#8220;Schlosserei Strodl Gel\u00e4nder mit Edelstahlnetz&#8220; title_text=&#8220;Schlosserei Strodl Gel\u00e4nder mit Edelstahlnetz&#8220; _builder_version=&#8220;4.9.4&#8243; _module_preset=&#8220;default&#8220;][\/et_pb_image][\/et_pb_column][\/et_pb_row][et_pb_row column_structure=&#8220;1_3,1_3,1_3&#8243; _builder_version=&#8220;4.9.4&#8243; _module_preset=&#8220;default&#8220; border_width_bottom=&#8220;1px&#8220;][et_pb_column type=&#8220;1_3&#8243; _builder_version=&#8220;4.9.4&#8243; _module_preset=&#8220;default&#8220;][et_pb_text _builder_version=&#8220;4.9.4&#8243; _module_preset=&#8220;default&#8220;]<\/p>\n<p>&nbsp;<\/p>\n<p>&nbsp;<\/p>\n<p><strong>Franz\u00f6sische Gel\u00e4nder<\/strong> bodentiefen Fenstern oder Balkont\u00fcren sind gesetzlich vorgeschrieben und versch\u00f6nern gleichzeitig ihr Haus in vielen Varianten.<\/p>\n<p>[\/et_pb_text][\/et_pb_column][et_pb_column type=&#8220;1_3&#8243; _builder_version=&#8220;4.9.4&#8243; _module_preset=&#8220;default&#8220;][et_pb_image src=&#8220;https:\/\/schlosserei-strodl.at\/wp-content\/uploads\/2021\/10\/franzoesisches_gelaender_mit_glasfuellung-scaled.jpg&#8220; alt=&#8220;Schlosserei Strodl Franz\u00f6sisches Gel\u00e4nder mit Glas&#8220; title_text=&#8220;Schlosserei Strodl Franz\u00f6sisches Gel\u00e4nd&#8220; _builder_version=&#8220;4.9.4&#8243; _module_preset=&#8220;default&#8220;][\/et_pb_image][\/et_pb_column][et_pb_column type=&#8220;1_3&#8243; _builder_version=&#8220;4.9.4&#8243; _module_preset=&#8220;default&#8220;][et_pb_image src=&#8220;https:\/\/schlosserei-strodl.at\/wp-content\/uploads\/2025\/04\/fe91d0e1-754b-4b00-a88d-27720c122064-1-e1745908854147.jpg&#8220; alt=&#8220;Schlosserei Strodl Gel\u00e4nder aus gelasertem Blech&#8220; title_text=&#8220;Schlosserei Strodl Gel\u00e4nder aus gelasertem Blech&#8220; _builder_version=&#8220;4.9.4&#8243; _module_preset=&#8220;default&#8220; hover_enabled=&#8220;0&#8243; sticky_enabled=&#8220;0&#8243;][\/et_pb_image][\/et_pb_column][\/et_pb_row][et_pb_row column_structure=&#8220;1_3,1_3,1_3&#8243; _builder_version=&#8220;4.9.4&#8243; _module_preset=&#8220;default&#8220; border_width_bottom=&#8220;1px&#8220;][et_pb_column type=&#8220;1_3&#8243; _builder_version=&#8220;4.9.4&#8243; _module_preset=&#8220;default&#8220;][et_pb_text _builder_version=&#8220;4.9.4&#8243; _module_preset=&#8220;default&#8220;]<\/p>\n<p>&nbsp;<\/p>\n<p>\u00a0Gel\u00e4nder aus <strong>Aluminium<\/strong> k\u00f6nnen in vielen verschiedenen Ausf\u00fchrungen und in allen RAL Farben gefertigt werden. Sie sind pflegeleicht, witterungsbest\u00e4ndig und eine gute Alternative zu Holzgel\u00e4ndern.<\/p>\n<p>[\/et_pb_text][\/et_pb_column][et_pb_column type=&#8220;1_3&#8243; _builder_version=&#8220;4.9.4&#8243; _module_preset=&#8220;default&#8220;][et_pb_image src=&#8220;https:\/\/schlosserei-strodl.at\/wp-content\/uploads\/2021\/10\/balkongelaender_aus_aluminium-scaled.jpg&#8220; alt=&#8220;Schlosserei Strodl Balkongel\u00e4nder aus Aluminium&#8220; title_text=&#8220;Schlosserei Strodl Balkongel\u00e4nder aus Aluminium&#8220; _builder_version=&#8220;4.9.4&#8243; _module_preset=&#8220;default&#8220;][\/et_pb_image][\/et_pb_column][et_pb_column type=&#8220;1_3&#8243; _builder_version=&#8220;4.9.4&#8243; _module_preset=&#8220;default&#8220;][\/et_pb_column][\/et_pb_row][et_pb_row column_structure=&#8220;1_3,1_3,1_3&#8243; _builder_version=&#8220;4.9.4&#8243; _module_preset=&#8220;default&#8220; border_width_bottom=&#8220;1px&#8220;][et_pb_column type=&#8220;1_3&#8243; _builder_version=&#8220;4.9.4&#8243; _module_preset=&#8220;default&#8220;][et_pb_text _builder_version=&#8220;4.9.4&#8243; _module_preset=&#8220;default&#8220;]<\/p>\n<p>&nbsp;<\/p>\n<p>&nbsp;<\/p>\n<p>Gel\u00e4nder mit <strong>Lochblechf\u00fcllung oder gelaserten Blechen<\/strong>\u00a0gibt es in vielen verschiedenen Varianten. In Edelstahl oder Aluminium pulverbeschichtet, mit runden oder quadratischen L\u00f6chern.<\/p>\n<p>[\/et_pb_text][\/et_pb_column][et_pb_column type=&#8220;1_3&#8243; _builder_version=&#8220;4.9.4&#8243; _module_preset=&#8220;default&#8220;][et_pb_image src=&#8220;https:\/\/schlosserei-strodl.at\/wp-content\/uploads\/2021\/10\/IMG_9242-scaled.jpg&#8220; alt=&#8220;Schlosserei Strodl Gel\u00e4nder mit gelasertem Blech&#8220; title_text=&#8220;Schlosserei Strodl Gel\u00e4nder mit gelasertem Blech&#8220; _builder_version=&#8220;4.9.4&#8243; _module_preset=&#8220;default&#8220;][\/et_pb_image][\/et_pb_column][et_pb_column type=&#8220;1_3&#8243; _builder_version=&#8220;4.9.4&#8243; _module_preset=&#8220;default&#8220;][et_pb_image src=&#8220;https:\/\/schlosserei-strodl.at\/wp-content\/uploads\/2021\/10\/stiegengelaender_mit_lochblechfuellung-scaled-e1633940037908.jpg&#8220; alt=&#8220;Schlosserei Strodl stiegengel\u00e4nder_mit_lochblechf\u00fcllung&#8220; title_text=&#8220;Schlosserei Strodl stiegengel\u00e4nder_mit_lochblechf\u00fcllung&#8220; _builder_version=&#8220;4.9.4&#8243; _module_preset=&#8220;default&#8220;][\/et_pb_image][\/et_pb_column][\/et_pb_row][et_pb_row column_structure=&#8220;1_3,1_3,1_3&#8243; _builder_version=&#8220;4.9.4&#8243; _module_preset=&#8220;default&#8220; border_width_bottom=&#8220;1px&#8220;][et_pb_column type=&#8220;1_3&#8243; _builder_version=&#8220;4.9.4&#8243; _module_preset=&#8220;default&#8220;][et_pb_text _builder_version=&#8220;4.9.4&#8243; _module_preset=&#8220;default&#8220;]<\/p>\n<p><strong><\/strong><\/p>\n<p><strong><\/strong><\/p>\n<p><strong><\/strong><\/p>\n<p><strong>Edelstahlgel\u00e4nder<\/strong> zeichnen sich durch zeitlose Eleganz aus und sind sowohl f\u00fcr den Innen- als auch f\u00fcr den Au\u00dfenbereich geeignet. Durch zahlreiche Kombinationsm\u00f6glichkeiten mit Glas oder farblich beschichten Elementen sind sie sehr vielseitig im Design.<\/p>\n<p>[\/et_pb_text][\/et_pb_column][et_pb_column type=&#8220;1_3&#8243; _builder_version=&#8220;4.9.4&#8243; _module_preset=&#8220;default&#8220;][et_pb_image src=&#8220;https:\/\/schlosserei-strodl.at\/wp-content\/uploads\/2021\/10\/edelstahlgelaender_mit_waagrechten_durchzuegen_3.jpg&#8220; alt=&#8220;Schlosserei Strodl Edelstahlgel\u00e4nder mit waagrechten Durchz\u00fcgen&#8220; title_text=&#8220;Schlosserei Strodl Edelstahlgel\u00e4nder mit waagrechten Durchz\u00fcgen&#8220; _builder_version=&#8220;4.9.4&#8243; _module_preset=&#8220;default&#8220;][\/et_pb_image][\/et_pb_column][et_pb_column type=&#8220;1_3&#8243; _builder_version=&#8220;4.9.4&#8243; _module_preset=&#8220;default&#8220;][et_pb_image src=&#8220;https:\/\/schlosserei-strodl.at\/wp-content\/uploads\/2021\/10\/balkongelaender_aus_edelstahl-2-1-scaled.jpg&#8220; alt=&#8220;Schlosserei Strodl Edelstahlgel\u00e4nder mit senkrechten Sprossen&#8220; title_text=&#8220;Schlosserei Strodl Edelstahlgel\u00e4nder mit senkrechten Sprossen&#8220; _builder_version=&#8220;4.9.4&#8243; _module_preset=&#8220;default&#8220;][\/et_pb_image][\/et_pb_column][\/et_pb_row][et_pb_row column_structure=&#8220;1_3,1_3,1_3&#8243; _builder_version=&#8220;4.9.4&#8243; _module_preset=&#8220;default&#8220; border_width_bottom=&#8220;1px&#8220;][et_pb_column type=&#8220;1_3&#8243; _builder_version=&#8220;4.9.4&#8243; _module_preset=&#8220;default&#8220;][et_pb_text _builder_version=&#8220;4.9.4&#8243; _module_preset=&#8220;default&#8220;]<\/p>\n<p><strong><\/strong><\/p>\n<p><strong><\/strong><\/p>\n<p><strong><\/strong><\/p>\n<p><strong>Glasgel\u00e4nder<\/strong> mit f\u00e4rbigen Folien sind ein Zierelement f\u00fcr jedes Haus. Sie vereinen die Funktionen Absturzsicherung und eleganten Sichtschutz f\u00fcr mehr Privatsph\u00e4re. Mit der Variante Klarglas k\u00f6nnen sie ungehindert ihren Ausblick genie\u00dfen und sich trotzdem sicher auf ihrem Balkon f\u00fchlen.<\/p>\n<p>[\/et_pb_text][\/et_pb_column][et_pb_column type=&#8220;1_3&#8243; _builder_version=&#8220;4.9.4&#8243; _module_preset=&#8220;default&#8220;][et_pb_image src=&#8220;https:\/\/schlosserei-strodl.at\/wp-content\/uploads\/2021\/10\/balkongelaender_mit_glas.jpg&#8220; alt=&#8220;Schlosserei Strodl Balkongel\u00e4nder mit satiniertem Glas&#8220; title_text=&#8220;Schlosserei Strodl Balkongel\u00e4nder mit satiniertem Glas&#8220; _builder_version=&#8220;4.9.4&#8243; _module_preset=&#8220;default&#8220;][\/et_pb_image][\/et_pb_column][et_pb_column type=&#8220;1_3&#8243; _builder_version=&#8220;4.9.4&#8243; _module_preset=&#8220;default&#8220;][et_pb_image src=&#8220;https:\/\/schlosserei-strodl.at\/wp-content\/uploads\/2021\/10\/balkongelaender_mit_glasfuellung-scaled.jpg&#8220; alt=&#8220;Schlosserei Strodl balkongel\u00e4nder_mit_glasf\u00fcllung&#8220; title_text=&#8220;Schlosserei Strodl balkongel\u00e4nder_mit_glasf\u00fcllung&#8220; _builder_version=&#8220;4.9.4&#8243; _module_preset=&#8220;default&#8220;][\/et_pb_image][\/et_pb_column][\/et_pb_row][et_pb_row column_structure=&#8220;1_3,1_3,1_3&#8243; _builder_version=&#8220;4.9.4&#8243; _module_preset=&#8220;default&#8220; border_width_bottom=&#8220;1px&#8220;][et_pb_column type=&#8220;1_3&#8243; _builder_version=&#8220;4.9.4&#8243; _module_preset=&#8220;default&#8220;][et_pb_text _builder_version=&#8220;4.9.4&#8243; _module_preset=&#8220;default&#8220;]<\/p>\n<p><strong><\/strong><\/p>\n<p><strong><\/strong><\/p>\n<p><strong><\/strong><\/p>\n<p><strong>Handlaufgel\u00e4nder<\/strong> geben Ihnen Sicherheit &#8211; ob an \u00f6ffentlichen Pl\u00e4tzen oder an Stellen mit Gefahrenpotential. Oft werden Handlaufgel\u00e4nder nachtr\u00e4glich montiert, wenn das Sicherheitsbed\u00fcrfnis unserer Kunden mit zunehmenden Alter steigt.<\/p>\n<p>[\/et_pb_text][\/et_pb_column][et_pb_column type=&#8220;1_3&#8243; _builder_version=&#8220;4.9.4&#8243; _module_preset=&#8220;default&#8220;][et_pb_image src=&#8220;https:\/\/schlosserei-strodl.at\/wp-content\/uploads\/2021\/10\/handlaufgelaender_aus_edelstahl-3-scaled.jpg&#8220; alt=&#8220;Schlosserei Strodl Handlaufgel\u00e4nder aus Edelstahl&#8220; title_text=&#8220;Schlosserei Strodl handlaufgel\u00e4nder_aus_edelstahl (3)&#8220; _builder_version=&#8220;4.9.4&#8243; _module_preset=&#8220;default&#8220;][\/et_pb_image][\/et_pb_column][et_pb_column type=&#8220;1_3&#8243; _builder_version=&#8220;4.9.4&#8243; _module_preset=&#8220;default&#8220;][et_pb_image src=&#8220;https:\/\/schlosserei-strodl.at\/wp-content\/uploads\/2021\/10\/handlaufgelaender_schwarz-scaled.jpg&#8220; alt=&#8220;Schlosserei Strodl Handlaufgel\u00e4nder aus Stahl schwarz&#8220; title_text=&#8220;Schlosserei Strodl Handlaufgel\u00e4&#8220; _builder_version=&#8220;4.9.4&#8243; _module_preset=&#8220;default&#8220;][\/et_pb_image][\/et_pb_column][\/et_pb_row][et_pb_row column_structure=&#8220;1_3,1_3,1_3&#8243; _builder_version=&#8220;4.9.4&#8243; _module_preset=&#8220;default&#8220; border_width_bottom=&#8220;1px&#8220;][et_pb_column type=&#8220;1_3&#8243; _builder_version=&#8220;4.9.4&#8243; _module_preset=&#8220;default&#8220;][et_pb_text _builder_version=&#8220;4.9.4&#8243; _module_preset=&#8220;default&#8220;]<\/p>\n<p><strong><\/strong><\/p>\n<p><strong><\/strong><\/p>\n<p><strong><\/strong><\/p>\n<p><strong><\/strong><\/p>\n<p><strong>Nurglasgel\u00e4nder<\/strong> k\u00f6nnen fast unsichtbar sein, oder sie setzen mit f\u00e4rbigen Gl\u00e4sern Akzente. Mit der durchlaufende Schiene werden auch gleich die Schnittkanten von Stiegen und Terrassenb\u00f6den abgedeckt.<\/p>\n<p>[\/et_pb_text][\/et_pb_column][et_pb_column type=&#8220;1_3&#8243; _builder_version=&#8220;4.9.4&#8243; _module_preset=&#8220;default&#8220;][et_pb_image src=&#8220;https:\/\/schlosserei-strodl.at\/wp-content\/uploads\/2021\/10\/balkongelaender_mit_grauem_glas-scaled-e1633941240208.jpg&#8220; alt=&#8220;Schlosserei Strodl Nurglasgel\u00e4nder mit grauem Glas&#8220; title_text=&#8220;Schlosserei Strodl Nurglasgel\u00e4nder mit grauem Glas&#8220; _builder_version=&#8220;4.9.4&#8243; _module_preset=&#8220;default&#8220;][\/et_pb_image][\/et_pb_column][et_pb_column type=&#8220;1_3&#8243; _builder_version=&#8220;4.9.4&#8243; _module_preset=&#8220;default&#8220;][et_pb_image src=&#8220;https:\/\/schlosserei-strodl.at\/wp-content\/uploads\/2021\/10\/nurglasgelaender_mit_weisser_schiene-scaled-e1633941208933.jpg&#8220; alt=&#8220;Schlosserei Strodl Nurglasgel\u00e4nder&#8220; title_text=&#8220;Schlosserei Strodl Nurglasgel\u00e4nder&#8220; _builder_version=&#8220;4.9.4&#8243; _module_preset=&#8220;default&#8220;][\/et_pb_image][\/et_pb_column][\/et_pb_row][et_pb_row column_structure=&#8220;1_3,1_3,1_3&#8243; _builder_version=&#8220;4.9.4&#8243; _module_preset=&#8220;default&#8220; border_width_bottom=&#8220;1px&#8220;][et_pb_column type=&#8220;1_3&#8243; _builder_version=&#8220;4.9.4&#8243; _module_preset=&#8220;default&#8220;][et_pb_text _builder_version=&#8220;4.9.4&#8243; _module_preset=&#8220;default&#8220; custom_padding=&#8220;9px|||||&#8220;]<\/p>\n<p><strong><\/strong><\/p>\n<p><strong><\/strong><\/p>\n<p><strong><\/strong><\/p>\n<p><strong><\/strong><\/p>\n<p><strong><\/strong><\/p>\n<p><strong>Handl\u00e4ufe<\/strong> k\u00f6nnen in vielen Ausf\u00fchrungen &#8211; rund oder eckig, aus Edelstahl oder Stahl pulverbeschichtet &#8211; gefertigt werden.<\/p>\n<p>[\/et_pb_text][\/et_pb_column][et_pb_column type=&#8220;1_3&#8243; _builder_version=&#8220;4.9.4&#8243; _module_preset=&#8220;default&#8220;][et_pb_image src=&#8220;https:\/\/schlosserei-strodl.at\/wp-content\/uploads\/2021\/10\/edelstahlhandlauf.jpg&#8220; alt=&#8220;Schlosserei Strodl Edelstahlhandlauf&#8220; title_text=&#8220;Schlosserei Strodl Edelstahlhandlauf&#8220; _builder_version=&#8220;4.9.4&#8243; _module_preset=&#8220;default&#8220;][\/et_pb_image][\/et_pb_column][et_pb_column type=&#8220;1_3&#8243; _builder_version=&#8220;4.9.4&#8243; _module_preset=&#8220;default&#8220;][et_pb_image src=&#8220;https:\/\/schlosserei-strodl.at\/wp-content\/uploads\/2021\/10\/edelstahlhandlauf-2-scaled-e1633940727598.jpg&#8220; alt=&#8220;Schlosserei Strodl Edelstahlhandlauf&#8220; title_text=&#8220;Schlosserei Strodl Edelstahlhandlauf&#8220; _builder_version=&#8220;4.9.4&#8243; _module_preset=&#8220;default&#8220;][\/et_pb_image][\/et_pb_column][\/et_pb_row][et_pb_row column_structure=&#8220;1_3,1_3,1_3&#8243; _builder_version=&#8220;4.9.4&#8243; _module_preset=&#8220;default&#8220; border_width_bottom=&#8220;1px&#8220;][et_pb_column type=&#8220;1_3&#8243; _builder_version=&#8220;4.9.4&#8243; _module_preset=&#8220;default&#8220;][et_pb_text _builder_version=&#8220;4.9.4&#8243; _module_preset=&#8220;default&#8220;]<\/p>\n<p><strong><\/strong><\/p>\n<p><strong><\/strong><\/p>\n<p><strong><\/strong><\/p>\n<p><strong><\/strong><\/p>\n<p><strong>Gel\u00e4nder<\/strong> aus verzinktem Stahl k\u00f6nnen ganz schlicht oder auch mit Zierelementen gefertigt werden. Sie sind g\u00fcnstig, vielseitig und modern, da sie perfekt Bauvorhaben im industrial Style erg\u00e4nzen.<\/p>\n<p>[\/et_pb_text][\/et_pb_column][et_pb_column type=&#8220;1_3&#8243; _builder_version=&#8220;4.9.4&#8243; _module_preset=&#8220;default&#8220;][et_pb_image src=&#8220;https:\/\/schlosserei-strodl.at\/wp-content\/uploads\/2021\/10\/stahlgelaender_verzinkt-scaled-e1633940319284.jpg&#8220; alt=&#8220;Schlosserei Strodl wegnehmbares Gel\u00e4nder aus Stahl&#8220; title_text=&#8220;Schlosserei Strodl wegnehmbares Gel\u00e4nder aus Stahl&#8220; _builder_version=&#8220;4.9.4&#8243; _module_preset=&#8220;default&#8220;][\/et_pb_image][\/et_pb_column][et_pb_column type=&#8220;1_3&#8243; _builder_version=&#8220;4.9.4&#8243; _module_preset=&#8220;default&#8220;][et_pb_image src=&#8220;https:\/\/schlosserei-strodl.at\/wp-content\/uploads\/2021\/10\/stahlgelaender_verzinkt-3-e1633940239383.jpg&#8220; alt=&#8220;Schlosserei Strodl Stahlgel\u00e4nder verzinkt&#8220; title_text=&#8220;Schlosserei Strodl Stahlgel\u00e4nder_verzinkt &#8220; _builder_version=&#8220;4.9.4&#8243; _module_preset=&#8220;default&#8220;][\/et_pb_image][\/et_pb_column][\/et_pb_row][\/et_pb_section]<\/p>\n","protected":false},"excerpt":{"rendered":"<p>[et_pb_section fb_built=&#8220;1&#8243; _builder_version=&#8220;4.9.4&#8243; _module_preset=&#8220;default&#8220; background_color=&#8220;#e5e5e5&#8243;][et_pb_row _builder_version=&#8220;4.9.4&#8243; _module_preset=&#8220;default&#8220;][et_pb_column type=&#8220;4_4&#8243; _builder_version=&#8220;4.9.4&#8243; _module_preset=&#8220;default&#8220;][et_pb_text _builder_version=&#8220;4.9.4&#8243; _module_preset=&#8220;default&#8220; min_height=&#8220;0px&#8220;] Gel\u00e4nder [\/et_pb_text][\/et_pb_column][\/et_pb_row][et_pb_row column_structure=&#8220;1_3,1_3,1_3&#8243; _builder_version=&#8220;4.9.4&#8243; _module_preset=&#8220;default&#8220; border_width_bottom=&#8220;1px&#8220;][et_pb_column type=&#8220;1_3&#8243; _builder_version=&#8220;4.9.4&#8243; _module_preset=&#8220;default&#8220;][et_pb_text _builder_version=&#8220;4.9.4&#8243; _module_preset=&#8220;default&#8220;] &nbsp; Stahlgel\u00e4nder sind f\u00fcr den Innen- und Au\u00dfenbereich geeignet. Die Ausf\u00fchrung kann individuell an die Begebenheiten angepasst werden. Die Gel\u00e4nder k\u00f6nnen roh, grundiert, feuerverzinkt, lackiert und pulverbeschichtet geliefert werden. Bei der [&hellip;]<\/p>\n","protected":false},"author":1,"featured_media":0,"parent":0,"menu_order":0,"comment_status":"closed","ping_status":"closed","template":"","meta":{"_et_pb_use_builder":"on","_et_pb_old_content":"","_et_gb_content_width":"","footnotes":""},"class_list":["post-87","page","type-page","status-publish","hentry"],"_links":{"self":[{"href":"https:\/\/schlosserei-strodl.at\/index.php?rest_route=\/wp\/v2\/pages\/87","targetHints":{"allow":["GET"]}}],"collection":[{"href":"https:\/\/schlosserei-strodl.at\/index.php?rest_route=\/wp\/v2\/pages"}],"about":[{"href":"https:\/\/schlosserei-strodl.at\/index.php?rest_route=\/wp\/v2\/types\/page"}],"author":[{"embeddable":true,"href":"https:\/\/schlosserei-strodl.at\/index.php?rest_route=\/wp\/v2\/users\/1"}],"replies":[{"embeddable":true,"href":"https:\/\/schlosserei-strodl.at\/index.php?rest_route=%2Fwp%2Fv2%2Fcomments&post=87"}],"version-history":[{"count":31,"href":"https:\/\/schlosserei-strodl.at\/index.php?rest_route=\/wp\/v2\/pages\/87\/revisions"}],"predecessor-version":[{"id":1568,"href":"https:\/\/schlosserei-strodl.at\/index.php?rest_route=\/wp\/v2\/pages\/87\/revisions\/1568"}],"wp:attachment":[{"href":"https:\/\/schlosserei-strodl.at\/index.php?rest_route=%2Fwp%2Fv2%2Fmedia&parent=87"}],"curies":[{"name":"wp","href":"https:\/\/api.w.org\/{rel}","templated":true}]}}