{"id":85,"date":"2021-06-10T17:13:54","date_gmt":"2021-06-10T15:13:54","guid":{"rendered":"https:\/\/www.schlosserei-strodl.at\/?page_id=85"},"modified":"2024-07-02T13:56:02","modified_gmt":"2024-07-02T11:56:02","slug":"carports-vordaecher","status":"publish","type":"page","link":"https:\/\/schlosserei-strodl.at\/?page_id=85","title":{"rendered":"Carports &#038; Vord\u00e4cher"},"content":{"rendered":"<p>[et_pb_section fb_built=&#8220;1&#8243; _builder_version=&#8220;4.9.4&#8243; _module_preset=&#8220;default&#8220; background_color=&#8220;#e5e5e5&#8243;][et_pb_row _builder_version=&#8220;4.9.4&#8243; _module_preset=&#8220;default&#8220;][et_pb_column type=&#8220;4_4&#8243; _builder_version=&#8220;4.9.4&#8243; _module_preset=&#8220;default&#8220;][et_pb_text _builder_version=&#8220;4.9.4&#8243; _module_preset=&#8220;default&#8220;]<\/p>\n<h1 style=\"text-align: center;\">Vordach, Pergola &amp; Carport<\/h1>\n<p>[\/et_pb_text][\/et_pb_column][\/et_pb_row][et_pb_row column_structure=&#8220;1_3,1_3,1_3&#8243; _builder_version=&#8220;4.9.4&#8243; _module_preset=&#8220;default&#8220; border_width_bottom=&#8220;1px&#8220;][et_pb_column type=&#8220;1_3&#8243; _builder_version=&#8220;4.9.4&#8243; _module_preset=&#8220;default&#8220;][et_pb_text _builder_version=&#8220;4.9.4&#8243; _module_preset=&#8220;default&#8220;]<\/p>\n<p>&nbsp;<\/p>\n<p>Ein <strong>Vordach aus Glas<\/strong> sch\u00fctzt vor Wind und Regen und ziert Ihren Eingangsbereich.<\/p>\n<p>Jedes Vordach ist ein Einzelst\u00fcck. Es gibt verschiedene Gestaltungsm\u00f6glichkeiten mit oder ohne S\u00e4ulen. Die Unterkonstruktion k\u00f6nnen wir aus Edelstahl, Stahl oder Aluminium, verzinkt und pulverbeschichtet fertigen.<\/p>\n<p>[\/et_pb_text][\/et_pb_column][et_pb_column type=&#8220;1_3&#8243; _builder_version=&#8220;4.9.4&#8243; _module_preset=&#8220;default&#8220;][et_pb_image src=&#8220;https:\/\/schlosserei-strodl.at\/wp-content\/uploads\/2021\/10\/glasvordach_mit_edelstahlsaeulen-1.jpg&#8220; alt=&#8220;Schlosserei Strodl Glasvordach mit Edelstahl&#8220; title_text=&#8220;Schlosserei Strodl Glasvordach_mit_edelstahls\u00e4ulen&#8220; _builder_version=&#8220;4.9.4&#8243; _module_preset=&#8220;default&#8220;][\/et_pb_image][\/et_pb_column][et_pb_column type=&#8220;1_3&#8243; _builder_version=&#8220;4.9.4&#8243; _module_preset=&#8220;default&#8220;][et_pb_image src=&#8220;https:\/\/schlosserei-strodl.at\/wp-content\/uploads\/2021\/10\/glasvordach_mit_abhaengung.jpg&#8220; alt=&#8220;Schlosserei Strodl Glasvordach mit Abh\u00e4ngungen&#8220; title_text=&#8220;Schlosserei Strodl Glasvordach_mit_abh\u00e4ngung&#8220; _builder_version=&#8220;4.9.4&#8243; _module_preset=&#8220;default&#8220;][\/et_pb_image][\/et_pb_column][\/et_pb_row][et_pb_row column_structure=&#8220;1_3,1_3,1_3&#8243; _builder_version=&#8220;4.9.4&#8243; _module_preset=&#8220;default&#8220; border_width_bottom=&#8220;1px&#8220;][et_pb_column type=&#8220;1_3&#8243; _builder_version=&#8220;4.9.4&#8243; _module_preset=&#8220;default&#8220;][et_pb_text _builder_version=&#8220;4.9.4&#8243; _module_preset=&#8220;default&#8220; custom_margin=&#8220;71px||||false|false&#8220;]<\/p>\n<p><strong>Gr\u00f6\u00dfere \u00dcberdachungen<\/strong> f\u00fcr Eingang oder Terrasse k\u00f6nnen aus Stahl oder Edelstahl gefertigt werden. Wir bieten Deckungen mit Klarglas, Milchglas, Sonnenschutzglas oder Paneel an.<\/p>\n<p>[\/et_pb_text][\/et_pb_column][et_pb_column type=&#8220;1_3&#8243; _builder_version=&#8220;4.9.4&#8243; _module_preset=&#8220;default&#8220;][et_pb_image src=&#8220;https:\/\/schlosserei-strodl.at\/wp-content\/uploads\/2021\/10\/glasvordach_1.jpg&#8220; alt=&#8220;Schlosserei Strodl Glas\u00fcberdachung&#8220; title_text=&#8220;Schlosserei Strodl Glas\u00fcberdachung&#8220; _builder_version=&#8220;4.9.4&#8243; _module_preset=&#8220;default&#8220;][\/et_pb_image][\/et_pb_column][et_pb_column type=&#8220;1_3&#8243; _builder_version=&#8220;4.9.4&#8243; _module_preset=&#8220;default&#8220;][et_pb_image src=&#8220;https:\/\/schlosserei-strodl.at\/wp-content\/uploads\/2021\/10\/vordach_aus_stahl-scaled-e1633934773319.jpg&#8220; alt=&#8220;Schlosserei Strodl \u00dcberdachung mit Sonnenschutzglas&#8220; title_text=&#8220;Schlosserei Strodl \u00dcberdachung mit Son&#8220; _builder_version=&#8220;4.9.4&#8243; _module_preset=&#8220;default&#8220;][\/et_pb_image][\/et_pb_column][\/et_pb_row][et_pb_row column_structure=&#8220;1_3,1_3,1_3&#8243; _builder_version=&#8220;4.9.4&#8243; _module_preset=&#8220;default&#8220; border_color_right=&#8220;#000000&#8243; border_width_bottom=&#8220;1px&#8220;][et_pb_column type=&#8220;1_3&#8243; _builder_version=&#8220;4.9.4&#8243; _module_preset=&#8220;default&#8220;][et_pb_text _builder_version=&#8220;4.9.4&#8243; _module_preset=&#8220;default&#8220; width=&#8220;95.4%&#8220; module_alignment=&#8220;left&#8220; border_color_all=&#8220;#000000&#8243; border_style_all=&#8220;groove&#8220;]<\/p>\n<p>&nbsp;<\/p>\n<p>Eine <strong>Pergola<\/strong> verwandelt ihre Terrasse in ein schattiges Pl\u00e4tzchen. Wir k\u00f6nnen die Ma\u00dfanfertigung nach Ihren W\u00fcnschen mit Lamellen f\u00fcr den Sonnenschutz fertigen, oder wir verwenden Seile aus Edelstahl, um Weinreben oder Kletterpflanzen Halt zu geben.<\/p>\n<p>[\/et_pb_text][\/et_pb_column][et_pb_column type=&#8220;1_3&#8243; _builder_version=&#8220;4.9.4&#8243; _module_preset=&#8220;default&#8220;][et_pb_image src=&#8220;https:\/\/schlosserei-strodl.at\/wp-content\/uploads\/2021\/10\/weinlaube_pulverbeschichtet-scaled.jpg&#8220; alt=&#8220;Schlosserei Strodl Weinlaube Stahl pulverbeschichtet&#8220; title_text=&#8220;Schlosserei Strodl Weinlaube Stahl pulverbeschichtet&#8220; _builder_version=&#8220;4.9.4&#8243; _module_preset=&#8220;default&#8220;][\/et_pb_image][\/et_pb_column][et_pb_column type=&#8220;1_3&#8243; _builder_version=&#8220;4.9.4&#8243; _module_preset=&#8220;default&#8220;][et_pb_image src=&#8220;https:\/\/schlosserei-strodl.at\/wp-content\/uploads\/2021\/10\/pergola_verzinkt-scaled.jpg&#8220; alt=&#8220;Schlosserei Strodl Pergola Stahl verzinkt&#8220; title_text=&#8220;Schlosserei Strodl Pergola Stahl verzinkt&#8220; _builder_version=&#8220;4.9.4&#8243; _module_preset=&#8220;default&#8220;][\/et_pb_image][\/et_pb_column][\/et_pb_row][et_pb_row column_structure=&#8220;1_3,1_3,1_3&#8243; _builder_version=&#8220;4.9.4&#8243; _module_preset=&#8220;default&#8220; border_width_bottom=&#8220;1px&#8220;][et_pb_column type=&#8220;1_3&#8243; _builder_version=&#8220;4.9.4&#8243; _module_preset=&#8220;default&#8220;][et_pb_text _builder_version=&#8220;4.9.4&#8243; _module_preset=&#8220;default&#8220;]<\/p>\n<p>&nbsp;<\/p>\n<p><strong>Carports<\/strong> sind eine kosteng\u00fcnstige Alternative zur Garage. Wir fertigen Ihr Carport individuell und nach Ma\u00df. Die Unterkonstruktion kann je nach Geschmack in Aluminium, Stahl verzinkt, pulverbeschichtet oder in Edelstahl hergestellt werden. Ein Dach aus Glas gew\u00e4hrleistet ausreichenden Lichteinfall f\u00fcr angrenzende R\u00e4ume.<\/p>\n<p>[\/et_pb_text][\/et_pb_column][et_pb_column type=&#8220;1_3&#8243; _builder_version=&#8220;4.9.4&#8243; _module_preset=&#8220;default&#8220;][et_pb_image src=&#8220;https:\/\/schlosserei-strodl.at\/wp-content\/uploads\/2021\/10\/IMG_9259-scaled.jpg&#8220; alt=&#8220;Schlossrei Strodl Carport aus Stahl mit Holzdeckung&#8220; title_text=&#8220;Schlossrei Strodl Carport aus Stahl mit Holzdeckung&#8220; _builder_version=&#8220;4.9.4&#8243; _module_preset=&#8220;default&#8220;][\/et_pb_image][\/et_pb_column][et_pb_column type=&#8220;1_3&#8243; _builder_version=&#8220;4.9.4&#8243; _module_preset=&#8220;default&#8220;][et_pb_image src=&#8220;https:\/\/schlosserei-strodl.at\/wp-content\/uploads\/2024\/07\/IMG_0223-scaled.jpg&#8220; alt=&#8220;Schlosserei Strodl Carport aus beschichtetem Stahl&#8220; title_text=&#8220;Schlosserei Strodl Carport aus beschichtetem Stahl&#8220; _builder_version=&#8220;4.9.4&#8243; _module_preset=&#8220;default&#8220; hover_enabled=&#8220;0&#8243; sticky_enabled=&#8220;0&#8243;][\/et_pb_image][\/et_pb_column][\/et_pb_row][et_pb_row column_structure=&#8220;1_3,1_3,1_3&#8243; _builder_version=&#8220;4.9.4&#8243; _module_preset=&#8220;default&#8220; border_width_bottom=&#8220;1px&#8220;][et_pb_column type=&#8220;1_3&#8243; _builder_version=&#8220;4.9.4&#8243; _module_preset=&#8220;default&#8220;][et_pb_text _builder_version=&#8220;4.9.4&#8243; _module_preset=&#8220;default&#8220;]<\/p>\n<p>&nbsp;<\/p>\n<p>&nbsp;<\/p>\n<p>Wir liefern <strong>Carports<\/strong><span style=\"font-size: 14px;\">\u00a0in allen Gr\u00f6\u00dfen. Auch bei der Deckung gibt es viele M\u00f6glichkeiten. Die klassische Variante ist Trapezblech. Wir k\u00f6nnen die Unterkonstruktion jedoch auch f\u00fcr die bauseitige Deckung mit Holz richten.<\/span><\/p>\n<p>[\/et_pb_text][\/et_pb_column][et_pb_column type=&#8220;1_3&#8243; _builder_version=&#8220;4.9.4&#8243; _module_preset=&#8220;default&#8220;][et_pb_image src=&#8220;https:\/\/schlosserei-strodl.at\/wp-content\/uploads\/2021\/10\/Carport_mit_trapezblech-scaled.jpg&#8220; alt=&#8220;Schlosserei Strodl Carport_mit_trapezblech&#8220; title_text=&#8220;Schlosserei Strodl Carport_mit_trapezblech&#8220; _builder_version=&#8220;4.9.4&#8243; _module_preset=&#8220;default&#8220;][\/et_pb_image][\/et_pb_column][et_pb_column type=&#8220;1_3&#8243; _builder_version=&#8220;4.9.4&#8243; _module_preset=&#8220;default&#8220;][et_pb_image src=&#8220;https:\/\/schlosserei-strodl.at\/wp-content\/uploads\/2021\/10\/Carport_aus_stahl.jpg&#8220; alt=&#8220;Schlosserei Strodl Carport_mit Holzdeckung&#8220; title_text=&#8220;Schlosserei Strodl Carport_mit Holzdeckung&#8220; _builder_version=&#8220;4.9.4&#8243; _module_preset=&#8220;default&#8220;][\/et_pb_image][\/et_pb_column][\/et_pb_row][et_pb_row column_structure=&#8220;1_3,1_3,1_3&#8243; _builder_version=&#8220;4.9.4&#8243; _module_preset=&#8220;default&#8220; border_width_bottom=&#8220;1px&#8220;][et_pb_column type=&#8220;1_3&#8243; _builder_version=&#8220;4.9.4&#8243; _module_preset=&#8220;default&#8220;][et_pb_text _builder_version=&#8220;4.9.4&#8243; _module_preset=&#8220;default&#8220;]<\/p>\n<p>&nbsp;<\/p>\n<p>&nbsp;<\/p>\n<p>Auch Ihre <strong>Fahrr\u00e4der<\/strong> brauchen einen sicheren Platz. Eine \u00dcberdachung kombiniert mit einem Fahrradst\u00e4nder bietet die optimale L\u00f6sung.<\/p>\n<p>[\/et_pb_text][\/et_pb_column][et_pb_column type=&#8220;1_3&#8243; _builder_version=&#8220;4.9.4&#8243; _module_preset=&#8220;default&#8220;][et_pb_image src=&#8220;https:\/\/schlosserei-strodl.at\/wp-content\/uploads\/2021\/10\/Fahrradunterstellplatz-scaled-e1633609636758.jpg&#8220; alt=&#8220;Schlosserei Strodl Fahrradunterstellplatz&#8220; title_text=&#8220;Schlosserei Strodl Fahrradunterstellplatz&#8220; _builder_version=&#8220;4.9.4&#8243; _module_preset=&#8220;default&#8220;][\/et_pb_image][\/et_pb_column][et_pb_column type=&#8220;1_3&#8243; _builder_version=&#8220;4.9.4&#8243; _module_preset=&#8220;default&#8220;][et_pb_image src=&#8220;https:\/\/schlosserei-strodl.at\/wp-content\/uploads\/2021\/10\/fahrradunterstellplatz_mit_glasdach-e1633609721758.jpg&#8220; alt=&#8220;Schlosserei Strodl fahrradunterstellplatz_mit_glasdach&#8220; title_text=&#8220;Schlosserei Strodl fahrradunterstellplatz_mit_glasdach&#8220; _builder_version=&#8220;4.9.4&#8243; _module_preset=&#8220;default&#8220;][\/et_pb_image][\/et_pb_column][\/et_pb_row][\/et_pb_section]<\/p>\n","protected":false},"excerpt":{"rendered":"<p>[et_pb_section fb_built=&#8220;1&#8243; _builder_version=&#8220;4.9.4&#8243; _module_preset=&#8220;default&#8220; background_color=&#8220;#e5e5e5&#8243;][et_pb_row _builder_version=&#8220;4.9.4&#8243; _module_preset=&#8220;default&#8220;][et_pb_column type=&#8220;4_4&#8243; _builder_version=&#8220;4.9.4&#8243; _module_preset=&#8220;default&#8220;][et_pb_text _builder_version=&#8220;4.9.4&#8243; _module_preset=&#8220;default&#8220;] Vordach, Pergola &amp; Carport [\/et_pb_text][\/et_pb_column][\/et_pb_row][et_pb_row column_structure=&#8220;1_3,1_3,1_3&#8243; _builder_version=&#8220;4.9.4&#8243; _module_preset=&#8220;default&#8220; border_width_bottom=&#8220;1px&#8220;][et_pb_column type=&#8220;1_3&#8243; _builder_version=&#8220;4.9.4&#8243; _module_preset=&#8220;default&#8220;][et_pb_text _builder_version=&#8220;4.9.4&#8243; _module_preset=&#8220;default&#8220;] &nbsp; Ein Vordach aus Glas sch\u00fctzt vor Wind und Regen und ziert Ihren Eingangsbereich. Jedes Vordach ist ein Einzelst\u00fcck. Es gibt verschiedene Gestaltungsm\u00f6glichkeiten mit oder ohne S\u00e4ulen. Die Unterkonstruktion [&hellip;]<\/p>\n","protected":false},"author":1,"featured_media":0,"parent":0,"menu_order":0,"comment_status":"closed","ping_status":"closed","template":"","meta":{"_et_pb_use_builder":"on","_et_pb_old_content":"","_et_gb_content_width":"","footnotes":""},"class_list":["post-85","page","type-page","status-publish","hentry"],"_links":{"self":[{"href":"https:\/\/schlosserei-strodl.at\/index.php?rest_route=\/wp\/v2\/pages\/85","targetHints":{"allow":["GET"]}}],"collection":[{"href":"https:\/\/schlosserei-strodl.at\/index.php?rest_route=\/wp\/v2\/pages"}],"about":[{"href":"https:\/\/schlosserei-strodl.at\/index.php?rest_route=\/wp\/v2\/types\/page"}],"author":[{"embeddable":true,"href":"https:\/\/schlosserei-strodl.at\/index.php?rest_route=\/wp\/v2\/users\/1"}],"replies":[{"embeddable":true,"href":"https:\/\/schlosserei-strodl.at\/index.php?rest_route=%2Fwp%2Fv2%2Fcomments&post=85"}],"version-history":[{"count":26,"href":"https:\/\/schlosserei-strodl.at\/index.php?rest_route=\/wp\/v2\/pages\/85\/revisions"}],"predecessor-version":[{"id":1486,"href":"https:\/\/schlosserei-strodl.at\/index.php?rest_route=\/wp\/v2\/pages\/85\/revisions\/1486"}],"wp:attachment":[{"href":"https:\/\/schlosserei-strodl.at\/index.php?rest_route=%2Fwp%2Fv2%2Fmedia&parent=85"}],"curies":[{"name":"wp","href":"https:\/\/api.w.org\/{rel}","templated":true}]}}