{"id":58,"date":"2021-06-10T16:27:49","date_gmt":"2021-06-10T14:27:49","guid":{"rendered":"https:\/\/www.schlosserei-strodl.at\/?page_id=58"},"modified":"2024-09-19T07:35:17","modified_gmt":"2024-09-19T05:35:17","slug":"home","status":"publish","type":"page","link":"https:\/\/schlosserei-strodl.at\/","title":{"rendered":"Home"},"content":{"rendered":"<p>[et_pb_section fb_built=&#8220;1&#8243; fullwidth=&#8220;on&#8220; _builder_version=&#8220;4.9.4&#8243; _module_preset=&#8220;default&#8220; background_color=&#8220;rgba(0,0,0,0.15)&#8220; background_image=&#8220;https:\/\/schlosserei-strodl.at\/wp-content\/uploads\/2021\/10\/forge-2009453_1920.jpg&#8220; width=&#8220;100%&#8220; top_divider_color_tablet=&#8220;&#8220; top_divider_color_phone=&#8220;&#8220; top_divider_color_last_edited=&#8220;on|phone&#8220; locked=&#8220;off&#8220;][et_pb_fullwidth_slider show_arrows=&#8220;off&#8220; show_pagination=&#8220;off&#8220; use_bg_overlay=&#8220;off&#8220; use_text_overlay=&#8220;on&#8220; text_overlay_color=&#8220;RGBA(0,0,0,0)&#8220; text_border_radius=&#8220;28px&#8220; disabled_on=&#8220;off|off|off&#8220; _builder_version=&#8220;4.9.4&#8243; _module_preset=&#8220;default&#8220; header_font_size=&#8220;39px&#8220; body_font_size=&#8220;24px&#8220; background_color=&#8220;rgba(0,0,0,0)&#8220; background_enable_image=&#8220;off&#8220; background_blend=&#8220;soft-light&#8220; z_index=&#8220;0&#8243; filter_contrast=&#8220;97%&#8220; locked=&#8220;off&#8220;][et_pb_slide heading=&#8220;Schlosserei Strodl&#8220; heading_last_edited=&#8220;off|phone&#8220; _builder_version=&#8220;4.9.4&#8243; _module_preset=&#8220;default&#8220; header_level=&#8220;h2&#8243; header_font=&#8220;Cinzel||||||||&#8220; header_text_align=&#8220;center&#8220; header_font_size=&#8220;50px&#8220; header_line_height=&#8220;1.4em&#8220; body_font=&#8220;Cinzel||||||||&#8220; body_font_size=&#8220;23px&#8220; body_line_height=&#8220;1em&#8220; background_color=&#8220;rgba(0,0,0,0.35)&#8220; background_enable_color=&#8220;on&#8220; text_orientation=&#8220;center&#8220; max_width=&#8220;100%&#8220; custom_padding=&#8220;||||false|false&#8220; custom_padding_tablet=&#8220;&#8220; custom_padding_phone=&#8220;||25px||false|false&#8220; custom_padding_last_edited=&#8220;on|phone&#8220; header_font_size_tablet=&#8220;&#8220; header_font_size_phone=&#8220;25px&#8220; header_font_size_last_edited=&#8220;on|phone&#8220; body_font_size_tablet=&#8220;&#8220; body_font_size_phone=&#8220;11px&#8220; body_font_size_last_edited=&#8220;on|phone&#8220; background_color_phone=&#8220;rgba(10,10,10,0.38)&#8220; background_last_edited=&#8220;on|desktop&#8220; background_enable_color_phone=&#8220;on&#8220; use_background_color_gradient_tablet=&#8220;off&#8220; use_background_color_gradient_phone=&#8220;off&#8220; background_color_gradient_end_tablet=&#8220;#29c4a9&#8243; background_enable_image_tablet=&#8220;off&#8220; locked=&#8220;off&#8220; sticky_transition=&#8220;on&#8220;]Tradition in F\u00fcnfter Generation[\/et_pb_slide][\/et_pb_fullwidth_slider][\/et_pb_section][et_pb_section fb_built=&#8220;1&#8243; _builder_version=&#8220;4.9.4&#8243; background_color=&#8220;#e5e5e5&#8243; custom_padding=&#8220;0px||110px|||&#8220; collapsed=&#8220;on&#8220;][et_pb_row _builder_version=&#8220;4.9.4&#8243; _module_preset=&#8220;default&#8220;][et_pb_column type=&#8220;4_4&#8243; _builder_version=&#8220;4.9.4&#8243; _module_preset=&#8220;default&#8220;][et_pb_text _builder_version=&#8220;4.9.4&#8243; _module_preset=&#8220;default&#8220; border_width_bottom=&#8220;1px&#8220;]<\/p>\n<p style=\"text-align: center;\">\n<p style=\"text-align: center;\">Sie suchen einen verl\u00e4sslichen Schlosser, der Ihre Vorstellungen verwirklicht?<\/p>\n<p style=\"text-align: center;\"><strong><span style=\"font-size: x-large; color: #8c1c1c;\"><\/span><\/strong><\/p>\n<p style=\"text-align: center;\"><strong><span style=\"font-size: x-large; color: #8c1c1c;\">Dann sind Sie bei uns genau richtig!<\/span><\/strong><\/p>\n<p style=\"text-align: center;\">\n<p style=\"text-align: center;\">In unserem Kleinbetrieb ist alles Chefsache:<\/p>\n<p style=\"text-align: center;\">von der individuellen Beratung vor Ort, \u00fcber die 3-D Planung und die gewissenhafte Produktion bis zur fachgerechten Montage.<\/p>\n<p style=\"text-align: center;\">\n<p style=\"text-align: center;\">\n<p>[\/et_pb_text][\/et_pb_column][\/et_pb_row][et_pb_row _builder_version=&#8220;4.9.4&#8243; _module_preset=&#8220;default&#8220;][et_pb_column type=&#8220;4_4&#8243; _builder_version=&#8220;4.9.4&#8243; _module_preset=&#8220;default&#8220;][et_pb_text _builder_version=&#8220;4.9.4&#8243; _module_preset=&#8220;default&#8220;]<\/p>\n<h3 style=\"text-align: center;\">Unsere Produkte im \u00dcberblick:<\/h3>\n<p>[\/et_pb_text][\/et_pb_column][\/et_pb_row][et_pb_row column_structure=&#8220;1_3,1_3,1_3&#8243; _builder_version=&#8220;4.9.4&#8243; background_color=&#8220;#e5e5e5&#8243;][et_pb_column type=&#8220;1_3&#8243; _builder_version=&#8220;4.9.4&#8243; custom_padding=&#8220;|||&#8220; custom_padding__hover=&#8220;|||&#8220;][et_pb_image src=&#8220;https:\/\/schlosserei-strodl.at\/wp-content\/uploads\/2021\/10\/glasvordach_mit_edelstahlsaeulen.jpg&#8220; title_text=&#8220;glasvordach_mit_edelstahls\u00e4ulen&#8220; url=&#8220;@ET-DC@eyJkeW5hbWljIjp0cnVlLCJjb250ZW50IjoicG9zdF9saW5rX3VybF9wYWdlIiwic2V0dGluZ3MiOnsicG9zdF9pZCI6Ijg1In19@&#8220; _builder_version=&#8220;4.9.4&#8243; _dynamic_attributes=&#8220;url&#8220; _module_preset=&#8220;default&#8220; height=&#8220;243px&#8220; border_width_all=&#8220;1px&#8220;][\/et_pb_image][et_pb_text _builder_version=&#8220;4.9.4&#8243; _module_preset=&#8220;default&#8220;]<\/p>\n<h3 style=\"text-align: center;\">Vord\u00e4cher &amp; Carports<\/h3>\n<p>[\/et_pb_text][et_pb_text _builder_version=&#8220;4.9.4&#8243; _module_preset=&#8220;default&#8220;]<\/p>\n<p style=\"text-align: center;\">Wir lassen Sie (und Ihr Auto) nicht im Regen stehen!<\/p>\n<p style=\"text-align: center;\">Stilvoll designete Vord\u00e4cher und Carports gestalten Ihren Eingangsbereich einladend und bieten transparenten Schutz.<\/p>\n<p>[\/et_pb_text][\/et_pb_column][et_pb_column type=&#8220;1_3&#8243; _builder_version=&#8220;4.9.4&#8243; _module_preset=&#8220;default&#8220;][et_pb_image src=&#8220;https:\/\/schlosserei-strodl.at\/wp-content\/uploads\/2021\/10\/balkongelaender_aus_edelstahl-2-scaled.jpg&#8220; alt=&#8220;Schlosserei Strodl Edelstahlgel\u00e4nder&#8220; title_text=&#8220;Schlosserei Strodl Balkongel\u00e4nder aus Edelstahl&#8220; url=&#8220;@ET-DC@eyJkeW5hbWljIjp0cnVlLCJjb250ZW50IjoicG9zdF9saW5rX3VybF9wYWdlIiwic2V0dGluZ3MiOnsicG9zdF9pZCI6Ijg3In19@&#8220; _builder_version=&#8220;4.9.4&#8243; _dynamic_attributes=&#8220;url&#8220; _module_preset=&#8220;default&#8220; height=&#8220;243px&#8220; border_width_all=&#8220;1px&#8220;][\/et_pb_image][et_pb_text _builder_version=&#8220;4.9.4&#8243; _dynamic_attributes=&#8220;link_option_url&#8220; _module_preset=&#8220;default&#8220; link_option_url=&#8220;@ET-DC@eyJkeW5hbWljIjp0cnVlLCJjb250ZW50IjoicG9zdF9saW5rX3VybF9wYWdlIiwic2V0dGluZ3MiOnsicG9zdF9pZCI6Ijg3In19@&#8220;]<\/p>\n<h3 style=\"text-align: center;\">Gel\u00e4nder<\/h3>\n<p>[\/et_pb_text][et_pb_text _builder_version=&#8220;4.9.4&#8243; _module_preset=&#8220;default&#8220;]<\/p>\n<p style=\"text-align: center;\">Wenn Sicherheit zum Blickfang wird.<\/p>\n<p style=\"text-align: center;\">Ob aus Edelstahl, Glas, Aluminium oder Schmiedeeisen &#8211; Ihren Ideen und W\u00fcnschen sind keine Grenzen gesetzt.<\/p>\n<p>[\/et_pb_text][\/et_pb_column][et_pb_column type=&#8220;1_3&#8243; _builder_version=&#8220;4.9.4&#8243; _module_preset=&#8220;default&#8220;][et_pb_image src=&#8220;https:\/\/schlosserei-strodl.at\/wp-content\/uploads\/2021\/10\/zaun_aus_rundrohr_1-scaled.jpg&#8220; alt=&#8220;Schlosserei Strodl Zaun aus Rundrohr&#8220; title_text=&#8220;Schlosserei Strodl Zaun aus Rundrohr&#8220; url=&#8220;@ET-DC@eyJkeW5hbWljIjp0cnVlLCJjb250ZW50IjoicG9zdF9saW5rX3VybF9wYWdlIiwic2V0dGluZ3MiOnsicG9zdF9pZCI6Ijg5In19@&#8220; _builder_version=&#8220;4.9.4&#8243; _dynamic_attributes=&#8220;url&#8220; _module_preset=&#8220;default&#8220; height=&#8220;243px&#8220; border_width_all=&#8220;1px&#8220;][\/et_pb_image][et_pb_text _builder_version=&#8220;4.9.4&#8243; _dynamic_attributes=&#8220;link_option_url&#8220; _module_preset=&#8220;default&#8220; link_option_url=&#8220;@ET-DC@eyJkeW5hbWljIjp0cnVlLCJjb250ZW50IjoicG9zdF9saW5rX3VybF9wYWdlIiwic2V0dGluZ3MiOnsicG9zdF9pZCI6Ijg5In19@&#8220;]<\/p>\n<h3 style=\"text-align: center;\">Z\u00e4une<\/h3>\n<p>[\/et_pb_text][et_pb_text _builder_version=&#8220;4.9.4&#8243; _module_preset=&#8220;default&#8220; custom_padding=&#8220;0px|||||&#8220;]<\/p>\n<p style=\"text-align: center;\">Grenzen ziehen, ohne auszugrenzen.<\/p>\n<p style=\"text-align: center;\">Jeder Garten hat seinen eigenen Charakter und braucht seinen passenden Rahmen.<\/p>\n<p>[\/et_pb_text][\/et_pb_column][\/et_pb_row][et_pb_row column_structure=&#8220;1_3,1_3,1_3&#8243; _builder_version=&#8220;4.9.4&#8243; _module_preset=&#8220;default&#8220; background_color=&#8220;#e5e5e5&#8243;][et_pb_column type=&#8220;1_3&#8243; _builder_version=&#8220;4.9.4&#8243; _module_preset=&#8220;default&#8220;][et_pb_image src=&#8220;https:\/\/schlosserei-strodl.at\/wp-content\/uploads\/2021\/10\/schiebtor_alublech-scaled.jpg&#8220; alt=&#8220;Schlosserei Strodl Schiebetor mit Alublech&#8220; title_text=&#8220;Schlosserei Strodl Schiebetor mit Alublech&#8220; url=&#8220;@ET-DC@eyJkeW5hbWljIjp0cnVlLCJjb250ZW50IjoicG9zdF9saW5rX3VybF9wYWdlIiwic2V0dGluZ3MiOnsicG9zdF9pZCI6IjUzMyJ9fQ==@&#8220; _builder_version=&#8220;4.9.4&#8243; _dynamic_attributes=&#8220;url&#8220; _module_preset=&#8220;default&#8220; height=&#8220;243px&#8220; border_width_all=&#8220;1px&#8220;][\/et_pb_image][et_pb_text _builder_version=&#8220;4.9.4&#8243; _dynamic_attributes=&#8220;link_option_url&#8220; _module_preset=&#8220;default&#8220; link_option_url=&#8220;@ET-DC@eyJkeW5hbWljIjp0cnVlLCJjb250ZW50IjoicG9zdF9saW5rX3VybF9wYWdlIiwic2V0dGluZ3MiOnsicG9zdF9pZCI6IjUzMyJ9fQ==@&#8220;]<\/p>\n<h3 style=\"text-align: center;\">T\u00fcren &amp; Tore<\/h3>\n<p>[\/et_pb_text][et_pb_text _builder_version=&#8220;4.9.4&#8243; _module_preset=&#8220;default&#8220;]<\/p>\n<p style=\"text-align: center;\">Individuell und funktionell<\/p>\n<p style=\"text-align: center;\">Moderne T\u00fcren und Tore wirken einladend und geben trotzdem ein Gef\u00fchl von Sicherheit.<\/p>\n<p>[\/et_pb_text][\/et_pb_column][et_pb_column type=&#8220;1_3&#8243; _builder_version=&#8220;4.9.4&#8243; _module_preset=&#8220;default&#8220;][et_pb_image src=&#8220;https:\/\/schlosserei-strodl.at\/wp-content\/uploads\/2021\/10\/looping.jpg&#8220; alt=&#8220;Schlosserei Strodl Looping Minigolf&#8220; title_text=&#8220;Schlosserei Strodl Looping Minigolf&#8220; url=&#8220;@ET-DC@eyJkeW5hbWljIjp0cnVlLCJjb250ZW50IjoicG9zdF9saW5rX3VybF9wYWdlIiwic2V0dGluZ3MiOnsicG9zdF9pZCI6IjUxMSJ9fQ==@&#8220; _builder_version=&#8220;4.9.4&#8243; _dynamic_attributes=&#8220;url&#8220; _module_preset=&#8220;default&#8220; height=&#8220;243px&#8220; border_width_all=&#8220;1px&#8220;][\/et_pb_image][et_pb_text _builder_version=&#8220;4.9.4&#8243; _dynamic_attributes=&#8220;link_option_url&#8220; _module_preset=&#8220;default&#8220; link_option_url=&#8220;@ET-DC@eyJkeW5hbWljIjp0cnVlLCJjb250ZW50IjoicG9zdF9saW5rX3VybF9wYWdlIiwic2V0dGluZ3MiOnsicG9zdF9pZCI6IjUxMSJ9fQ==@&#8220;]<\/p>\n<h3 style=\"text-align: center;\">Kreatives<\/h3>\n<p>[\/et_pb_text][et_pb_text _builder_version=&#8220;4.9.4&#8243; _module_preset=&#8220;default&#8220;]<\/p>\n<p style=\"text-align: center;\">Kunstwerke f\u00fcr die Ewigkeit<\/p>\n<p style=\"text-align: center;\">Wir lassen unserer Kreativit\u00e4t freien Lauf und verwirklichen Ihre Tr\u00e4ume f\u00fcr Haus und Garten.<\/p>\n<p>[\/et_pb_text][\/et_pb_column][et_pb_column type=&#8220;1_3&#8243; _builder_version=&#8220;4.9.4&#8243; _module_preset=&#8220;default&#8220;][et_pb_image src=&#8220;https:\/\/schlosserei-strodl.at\/wp-content\/uploads\/2021\/10\/rampe_mit_gitterrost_2-scaled-e1633607181573.jpg&#8220; alt=&#8220;Schlosserei Strodl Rampe mit Gitterrost&#8220; title_text=&#8220;Schlosserei Strodl Rampe mit Gitterrost&#8220; url=&#8220;@ET-DC@eyJkeW5hbWljIjp0cnVlLCJjb250ZW50IjoicG9zdF9saW5rX3VybF9wYWdlIiwic2V0dGluZ3MiOnsicG9zdF9pZCI6IjQ5MSJ9fQ==@&#8220; _builder_version=&#8220;4.9.4&#8243; _dynamic_attributes=&#8220;url&#8220; _module_preset=&#8220;default&#8220; height=&#8220;243px&#8220; border_width_all=&#8220;1px&#8220;][\/et_pb_image][et_pb_text _builder_version=&#8220;4.9.4&#8243; _dynamic_attributes=&#8220;link_option_url&#8220; _module_preset=&#8220;default&#8220; link_option_url=&#8220;@ET-DC@eyJkeW5hbWljIjp0cnVlLCJjb250ZW50IjoicG9zdF9saW5rX3VybF9wYWdlIiwic2V0dGluZ3MiOnsicG9zdF9pZCI6IjQ5MSJ9fQ==@&#8220;]<\/p>\n<h3 style=\"text-align: center;\">Treppen &amp; Rampen<\/h3>\n<p>[\/et_pb_text][et_pb_text _builder_version=&#8220;4.9.4&#8243; _module_preset=&#8220;default&#8220;]<\/p>\n<p style=\"text-align: center;\">Stairway to heaven<\/p>\n<p style=\"text-align: center;\">Treppen und Rampen verbinden nicht nur Keller und Dachboden, sondern auch die Menschen &#8211; ob gesund, beeintr\u00e4chtigt oder pflegebed\u00fcrftig &#8211; miteinander.<\/p>\n<p>[\/et_pb_text][\/et_pb_column][\/et_pb_row][et_pb_row _builder_version=&#8220;4.9.4&#8243; _module_preset=&#8220;default&#8220;][et_pb_column type=&#8220;4_4&#8243; _builder_version=&#8220;4.9.4&#8243; _module_preset=&#8220;default&#8220;][et_pb_text _builder_version=&#8220;4.9.4&#8243; _module_preset=&#8220;default&#8220;]<\/p>\n<h3 style=\"text-align: center;\">Aktuelles aus unserem Sortiment:<\/h3>\n<p>[\/et_pb_text][\/et_pb_column][\/et_pb_row][et_pb_row _builder_version=&#8220;4.9.4&#8243; _module_preset=&#8220;default&#8220; custom_margin=&#8220;1px|auto||auto||&#8220;][et_pb_column type=&#8220;4_4&#8243; _builder_version=&#8220;4.9.4&#8243; _module_preset=&#8220;default&#8220;][et_pb_blog fullwidth=&#8220;off&#8220; posts_number=&#8220;3&#8243; meta_date=&#8220;d.m.y&#8220; show_more=&#8220;on&#8220; show_author=&#8220;off&#8220; show_categories=&#8220;off&#8220; masonry_tile_background_color=&#8220;rgba(255,255,255,0.64)&#8220; _builder_version=&#8220;4.9.4&#8243; _module_preset=&#8220;default&#8220; border_width_all=&#8220;2px&#8220; border_color_all=&#8220;#000000&#8243; border_radii_image=&#8220;off||||&#8220; border_width_all_image=&#8220;1px&#8220; box_shadow_style_image=&#8220;preset2&#8243;][\/et_pb_blog][\/et_pb_column][\/et_pb_row][\/et_pb_section]<\/p>\n","protected":false},"excerpt":{"rendered":"<p>[et_pb_section fb_built=&#8220;1&#8243; fullwidth=&#8220;on&#8220; _builder_version=&#8220;4.9.4&#8243; _module_preset=&#8220;default&#8220; background_color=&#8220;rgba(0,0,0,0.15)&#8220; background_image=&#8220;https:\/\/schlosserei-strodl.at\/wp-content\/uploads\/2021\/10\/forge-2009453_1920.jpg&#8220; width=&#8220;100%&#8220; top_divider_color_tablet=&#8220;&#8220; top_divider_color_phone=&#8220;&#8220; top_divider_color_last_edited=&#8220;on|phone&#8220; locked=&#8220;off&#8220;][et_pb_fullwidth_slider show_arrows=&#8220;off&#8220; show_pagination=&#8220;off&#8220; use_bg_overlay=&#8220;off&#8220; use_text_overlay=&#8220;on&#8220; text_overlay_color=&#8220;RGBA(0,0,0,0)&#8220; text_border_radius=&#8220;28px&#8220; disabled_on=&#8220;off|off|off&#8220; _builder_version=&#8220;4.9.4&#8243; _module_preset=&#8220;default&#8220; header_font_size=&#8220;39px&#8220; body_font_size=&#8220;24px&#8220; background_color=&#8220;rgba(0,0,0,0)&#8220; background_enable_image=&#8220;off&#8220; background_blend=&#8220;soft-light&#8220; z_index=&#8220;0&#8243; filter_contrast=&#8220;97%&#8220; locked=&#8220;off&#8220;][et_pb_slide heading=&#8220;Schlosserei Strodl&#8220; heading_last_edited=&#8220;off|phone&#8220; _builder_version=&#8220;4.9.4&#8243; _module_preset=&#8220;default&#8220; header_level=&#8220;h2&#8243; header_font=&#8220;Cinzel||||||||&#8220; header_text_align=&#8220;center&#8220; header_font_size=&#8220;50px&#8220; header_line_height=&#8220;1.4em&#8220; body_font=&#8220;Cinzel||||||||&#8220; body_font_size=&#8220;23px&#8220; body_line_height=&#8220;1em&#8220; background_color=&#8220;rgba(0,0,0,0.35)&#8220; background_enable_color=&#8220;on&#8220; text_orientation=&#8220;center&#8220; max_width=&#8220;100%&#8220; custom_padding=&#8220;||||false|false&#8220; custom_padding_tablet=&#8220;&#8220; custom_padding_phone=&#8220;||25px||false|false&#8220; custom_padding_last_edited=&#8220;on|phone&#8220; header_font_size_tablet=&#8220;&#8220; header_font_size_phone=&#8220;25px&#8220; header_font_size_last_edited=&#8220;on|phone&#8220; body_font_size_tablet=&#8220;&#8220; body_font_size_phone=&#8220;11px&#8220; [&hellip;]<\/p>\n","protected":false},"author":1,"featured_media":0,"parent":0,"menu_order":0,"comment_status":"closed","ping_status":"closed","template":"","meta":{"_et_pb_use_builder":"on","_et_pb_old_content":"<!-- wp:divi\/placeholder \/-->","_et_gb_content_width":"","footnotes":""},"class_list":["post-58","page","type-page","status-publish","hentry"],"_links":{"self":[{"href":"https:\/\/schlosserei-strodl.at\/index.php?rest_route=\/wp\/v2\/pages\/58","targetHints":{"allow":["GET"]}}],"collection":[{"href":"https:\/\/schlosserei-strodl.at\/index.php?rest_route=\/wp\/v2\/pages"}],"about":[{"href":"https:\/\/schlosserei-strodl.at\/index.php?rest_route=\/wp\/v2\/types\/page"}],"author":[{"embeddable":true,"href":"https:\/\/schlosserei-strodl.at\/index.php?rest_route=\/wp\/v2\/users\/1"}],"replies":[{"embeddable":true,"href":"https:\/\/schlosserei-strodl.at\/index.php?rest_route=%2Fwp%2Fv2%2Fcomments&post=58"}],"version-history":[{"count":76,"href":"https:\/\/schlosserei-strodl.at\/index.php?rest_route=\/wp\/v2\/pages\/58\/revisions"}],"predecessor-version":[{"id":1524,"href":"https:\/\/schlosserei-strodl.at\/index.php?rest_route=\/wp\/v2\/pages\/58\/revisions\/1524"}],"wp:attachment":[{"href":"https:\/\/schlosserei-strodl.at\/index.php?rest_route=%2Fwp%2Fv2%2Fmedia&parent=58"}],"curies":[{"name":"wp","href":"https:\/\/api.w.org\/{rel}","templated":true}]}}