{"id":533,"date":"2021-07-22T13:24:33","date_gmt":"2021-07-22T11:24:33","guid":{"rendered":"https:\/\/www.schlosserei-strodl.at\/?page_id=533"},"modified":"2021-10-14T12:31:53","modified_gmt":"2021-10-14T10:31:53","slug":"tore","status":"publish","type":"page","link":"https:\/\/schlosserei-strodl.at\/?page_id=533","title":{"rendered":"Tore"},"content":{"rendered":"<p>[et_pb_section fb_built=&#8220;1&#8243; _builder_version=&#8220;4.9.4&#8243; _module_preset=&#8220;default&#8220; hover_enabled=&#8220;0&#8243; background_color=&#8220;#e5e5e5&#8243; sticky_enabled=&#8220;0&#8243;][et_pb_row _builder_version=&#8220;4.9.4&#8243; _module_preset=&#8220;default&#8220;][et_pb_column type=&#8220;4_4&#8243; _builder_version=&#8220;4.9.4&#8243; _module_preset=&#8220;default&#8220;][et_pb_text _builder_version=&#8220;4.9.4&#8243; _module_preset=&#8220;default&#8220;]<\/p>\n<h1 style=\"text-align: center;\">T\u00fcren &amp; Tore<\/h1>\n<p>[\/et_pb_text][\/et_pb_column][\/et_pb_row][et_pb_row column_structure=&#8220;1_3,1_3,1_3&#8243; _builder_version=&#8220;4.9.4&#8243; _module_preset=&#8220;default&#8220; border_width_bottom=&#8220;1px&#8220;][et_pb_column type=&#8220;1_3&#8243; _builder_version=&#8220;4.9.4&#8243; _module_preset=&#8220;default&#8220;][et_pb_text _builder_version=&#8220;4.9.4&#8243; _module_preset=&#8220;default&#8220;]<\/p>\n<p>&nbsp;<\/p>\n<p>&nbsp;<\/p>\n<p>Wir fertigen Ihr <strong>Drehfl\u00fcgeltor<\/strong> nach Ihren W\u00fcnschen und Ma\u00dfen in Stahl, Aluminium oder Edelstahl. Auf Wunsch nat\u00fcrlich auch mit elektrischem Antrieb.<\/p>\n<p>[\/et_pb_text][\/et_pb_column][et_pb_column type=&#8220;1_3&#8243; _builder_version=&#8220;4.9.4&#8243; _module_preset=&#8220;default&#8220;][et_pb_image src=&#8220;https:\/\/schlosserei-strodl.at\/wp-content\/uploads\/2021\/10\/IMG_9204-scaled.jpg&#8220; alt=&#8220;Schlosserei Strodl Schmiedeeisernes Tor&#8220; title_text=&#8220;Schlosserei Strodl Schmiedeeisernes Tor&#8220; _builder_version=&#8220;4.9.4&#8243; _module_preset=&#8220;default&#8220;][\/et_pb_image][\/et_pb_column][et_pb_column type=&#8220;1_3&#8243; _builder_version=&#8220;4.9.4&#8243; _module_preset=&#8220;default&#8220;][et_pb_image src=&#8220;https:\/\/schlosserei-strodl.at\/wp-content\/uploads\/2021\/10\/tor_alulatten.jpg&#8220; alt=&#8220;Schlosserei Strodl Alutor&#8220; title_text=&#8220;Schlosserei Strodl Alutor&#8220; _builder_version=&#8220;4.9.4&#8243; _module_preset=&#8220;default&#8220;][\/et_pb_image][\/et_pb_column][\/et_pb_row][et_pb_row column_structure=&#8220;1_3,1_3,1_3&#8243; _builder_version=&#8220;4.9.4&#8243; _module_preset=&#8220;default&#8220; border_width_bottom=&#8220;1px&#8220;][et_pb_column type=&#8220;1_3&#8243; _builder_version=&#8220;4.9.4&#8243; _module_preset=&#8220;default&#8220;][et_pb_text _builder_version=&#8220;4.9.4&#8243; _module_preset=&#8220;default&#8220;]<\/p>\n<p>&nbsp;<\/p>\n<p>&nbsp;<\/p>\n<p>&nbsp;<\/p>\n<p>&nbsp;<\/p>\n<p>Eine <strong>Gartent\u00fcre<\/strong> soll Besucher willkommen hei\u00dfen. Ob passend zur Zaunanlage oder als Einzelst\u00fcck &#8211; ihren Vorstellung sind keine Grenzen gesetzt.<\/p>\n<p>[\/et_pb_text][\/et_pb_column][et_pb_column type=&#8220;1_3&#8243; _builder_version=&#8220;4.9.4&#8243; _module_preset=&#8220;default&#8220;][et_pb_image src=&#8220;https:\/\/schlosserei-strodl.at\/wp-content\/uploads\/2021\/10\/gartentuer_krippgitter-scaled.jpg&#8220; alt=&#8220;Schlosserei Strodl Gartent\u00fcr mit Krippgitterf\u00fcllung&#8220; title_text=&#8220;Schlosserei Strodl Gartent\u00fcr mit Krippgitterf\u00fcllung&#8220; _builder_version=&#8220;4.9.4&#8243; _module_preset=&#8220;default&#8220;][\/et_pb_image][\/et_pb_column][et_pb_column type=&#8220;1_3&#8243; _builder_version=&#8220;4.9.4&#8243; _module_preset=&#8220;default&#8220;][et_pb_image src=&#8220;https:\/\/schlosserei-strodl.at\/wp-content\/uploads\/2021\/10\/gartentor_schmiedeeisen-scaled.jpg&#8220; alt=&#8220;Schlosserei Strodl Gartent\u00fcr aus Schmiedeeisen&#8220; title_text=&#8220;Schlosserei Strodl Gartent\u00fcr aus Schmiedeeisen&#8220; _builder_version=&#8220;4.9.4&#8243; _module_preset=&#8220;default&#8220;][\/et_pb_image][\/et_pb_column][\/et_pb_row][et_pb_row column_structure=&#8220;1_3,1_3,1_3&#8243; _builder_version=&#8220;4.9.4&#8243; _module_preset=&#8220;default&#8220; border_width_bottom=&#8220;1px&#8220;][et_pb_column type=&#8220;1_3&#8243; _builder_version=&#8220;4.9.4&#8243; _module_preset=&#8220;default&#8220;][et_pb_text _builder_version=&#8220;4.9.4&#8243; _module_preset=&#8220;default&#8220;]<\/p>\n<p><strong><\/strong><\/p>\n<p><strong><\/strong><\/p>\n<p><strong><\/strong><\/p>\n<p><strong><\/strong><\/p>\n<p><strong>Schiebet\u00fcren<\/strong> f\u00fcr Abstellr\u00e4ume sind platzsparend und praktisch. So sind Fahrr\u00e4der, M\u00fclltonnen und Rasenm\u00e4her perfekt verstaut.<\/p>\n<p>&nbsp;<\/p>\n<p>[\/et_pb_text][\/et_pb_column][et_pb_column type=&#8220;1_3&#8243; _builder_version=&#8220;4.9.4&#8243; _module_preset=&#8220;default&#8220;][et_pb_image src=&#8220;https:\/\/schlosserei-strodl.at\/wp-content\/uploads\/2021\/10\/muellraumtor.jpg&#8220; alt=&#8220;Schlosserei Strodl Schiebet\u00fcre mit Alublech&#8220; title_text=&#8220;Schlosserei Strodl Schiebet\u00fcre mit Alublech&#8220; _builder_version=&#8220;4.9.4&#8243; _module_preset=&#8220;default&#8220;][\/et_pb_image][\/et_pb_column][et_pb_column type=&#8220;1_3&#8243; _builder_version=&#8220;4.9.4&#8243; _module_preset=&#8220;default&#8220;][et_pb_image src=&#8220;https:\/\/schlosserei-strodl.at\/wp-content\/uploads\/2021\/10\/schiebetuer2-e1633951837869.jpg&#8220; alt=&#8220;Schlosserei Strodl Schiebet\u00fcre mit Alublech&#8220; title_text=&#8220;Schlosserei Strodl Schiebet\u00fcre mit Alublech&#8220; _builder_version=&#8220;4.9.4&#8243; _module_preset=&#8220;default&#8220;][\/et_pb_image][\/et_pb_column][\/et_pb_row][et_pb_row column_structure=&#8220;1_3,1_3,1_3&#8243; _builder_version=&#8220;4.9.4&#8243; _module_preset=&#8220;default&#8220; border_width_bottom=&#8220;1px&#8220;][et_pb_column type=&#8220;1_3&#8243; _builder_version=&#8220;4.9.4&#8243; _module_preset=&#8220;default&#8220;][et_pb_text _builder_version=&#8220;4.9.4&#8243; _module_preset=&#8220;default&#8220;]<\/p>\n<p>&nbsp;<\/p>\n<p>&nbsp;<\/p>\n<p>Wir montieren <strong>Sektionaltore<\/strong> der Firmen Lindpointner, H\u00f6rmann und Normstahl.<\/p>\n<p>[\/et_pb_text][\/et_pb_column][et_pb_column type=&#8220;1_3&#8243; _builder_version=&#8220;4.9.4&#8243; _module_preset=&#8220;default&#8220;][et_pb_image src=&#8220;https:\/\/schlosserei-strodl.at\/wp-content\/uploads\/2021\/10\/sektionaltor.jpg&#8220; alt=&#8220;Schlosserei Strodl Sektionaltor&#8220; title_text=&#8220;Schlosserei Strodl Sektionaltor&#8220; _builder_version=&#8220;4.9.4&#8243; _module_preset=&#8220;default&#8220;][\/et_pb_image][\/et_pb_column][et_pb_column type=&#8220;1_3&#8243; _builder_version=&#8220;4.9.4&#8243; _module_preset=&#8220;default&#8220;][et_pb_image src=&#8220;https:\/\/schlosserei-strodl.at\/wp-content\/uploads\/2021\/10\/sektionaltor_anthrazit.jpg&#8220; alt=&#8220;Schlosserei Strodl Sektionaltor&#8220; title_text=&#8220;Schlosserei Strodl Sektionaltor&#8220; _builder_version=&#8220;4.9.4&#8243; _module_preset=&#8220;default&#8220;][\/et_pb_image][\/et_pb_column][\/et_pb_row][et_pb_row column_structure=&#8220;1_3,1_3,1_3&#8243; _builder_version=&#8220;4.9.4&#8243; _module_preset=&#8220;default&#8220; border_width_bottom=&#8220;1px&#8220;][et_pb_column type=&#8220;1_3&#8243; _builder_version=&#8220;4.9.4&#8243; _module_preset=&#8220;default&#8220;][et_pb_text _builder_version=&#8220;4.9.4&#8243; _module_preset=&#8220;default&#8220;]<\/p>\n<p>&nbsp;<\/p>\n<p>&nbsp;<\/p>\n<p>&nbsp;<\/p>\n<p>Sie m\u00f6chten ein <strong>Hoftor<\/strong>, das sonst keiner hat? Auch Lagerr\u00e4ume und Kellereing\u00e4nge brauchen sch\u00f6ne Tore.<\/p>\n<p>&nbsp;<\/p>\n<p>[\/et_pb_text][\/et_pb_column][et_pb_column type=&#8220;1_3&#8243; _builder_version=&#8220;4.9.4&#8243; _module_preset=&#8220;default&#8220;][et_pb_image src=&#8220;https:\/\/schlosserei-strodl.at\/wp-content\/uploads\/2021\/10\/hoftor_maxexterior.jpg&#8220; alt=&#8220;Schlosserei Strodl Hoftor mit Max Exterior&#8220; title_text=&#8220;Schlosserei Strodl Hoftor mit Max Exterior&#8220; _builder_version=&#8220;4.9.4&#8243; _module_preset=&#8220;default&#8220;][\/et_pb_image][\/et_pb_column][et_pb_column type=&#8220;1_3&#8243; _builder_version=&#8220;4.9.4&#8243; _module_preset=&#8220;default&#8220;][et_pb_image src=&#8220;https:\/\/schlosserei-strodl.at\/wp-content\/uploads\/2021\/10\/garagentor_zweifluegelig-scaled-e1633952074537.jpg&#8220; alt=&#8220;Schlosserei Strodl zweifl\u00fcgeliges Garagentor&#8220; title_text=&#8220;Schlosserei Strodl Garagentor_zweifl\u00fcgelig&#8220; _builder_version=&#8220;4.9.4&#8243; _module_preset=&#8220;default&#8220;][\/et_pb_image][\/et_pb_column][\/et_pb_row][et_pb_row column_structure=&#8220;1_3,1_3,1_3&#8243; _builder_version=&#8220;4.9.4&#8243; _module_preset=&#8220;default&#8220; border_width_bottom=&#8220;1px&#8220;][et_pb_column type=&#8220;1_3&#8243; _builder_version=&#8220;4.9.4&#8243; _module_preset=&#8220;default&#8220;][et_pb_text _builder_version=&#8220;4.9.4&#8243; _module_preset=&#8220;default&#8220;]<\/p>\n<p><strong><\/strong><\/p>\n<p><strong><\/strong><\/p>\n<p><strong><\/strong><\/p>\n<p><strong><\/strong><\/p>\n<p><strong><\/strong><\/p>\n<p><strong>Schiebetore<\/strong> k\u00f6nnen in vielen Varianten gefertigt werden. Sie sind platzsparend und mit einem elektrischen Antrieb besonders praktisch und langlebig.<\/p>\n<p>[\/et_pb_text][\/et_pb_column][et_pb_column type=&#8220;1_3&#8243; _builder_version=&#8220;4.9.4&#8243; _module_preset=&#8220;default&#8220;][et_pb_image src=&#8220;https:\/\/schlosserei-strodl.at\/wp-content\/uploads\/2021\/10\/schiebetor_lochblech-scaled.jpg&#8220; alt=&#8220;Schlosserei Strodl elektrisches Schiebetor mit Lochblechf\u00fcllung&#8220; title_text=&#8220;Schlosserei Strodl elektrisches Schiebetor mit Lochblechf\u00fcllung&#8220; _builder_version=&#8220;4.9.4&#8243; _module_preset=&#8220;default&#8220;][\/et_pb_image][\/et_pb_column][et_pb_column type=&#8220;1_3&#8243; _builder_version=&#8220;4.9.4&#8243; _module_preset=&#8220;default&#8220;][et_pb_image src=&#8220;https:\/\/schlosserei-strodl.at\/wp-content\/uploads\/2021\/10\/schiebtor_alublech-1-scaled.jpg&#8220; alt=&#8220;Schlosserei Strodl elektrisches Schiebetor mit Alublech&#8220; title_text=&#8220;Schlosserei Strodl elektrisches Schiebetor mit Alublech&#8220; _builder_version=&#8220;4.9.4&#8243; _module_preset=&#8220;default&#8220;][\/et_pb_image][\/et_pb_column][\/et_pb_row][\/et_pb_section]<\/p>\n","protected":false},"excerpt":{"rendered":"<p>[et_pb_section fb_built=&#8220;1&#8243; _builder_version=&#8220;4.9.4&#8243; _module_preset=&#8220;default&#8220; hover_enabled=&#8220;0&#8243; background_color=&#8220;#e5e5e5&#8243; sticky_enabled=&#8220;0&#8243;][et_pb_row _builder_version=&#8220;4.9.4&#8243; _module_preset=&#8220;default&#8220;][et_pb_column type=&#8220;4_4&#8243; _builder_version=&#8220;4.9.4&#8243; _module_preset=&#8220;default&#8220;][et_pb_text _builder_version=&#8220;4.9.4&#8243; _module_preset=&#8220;default&#8220;] T\u00fcren &amp; Tore [\/et_pb_text][\/et_pb_column][\/et_pb_row][et_pb_row column_structure=&#8220;1_3,1_3,1_3&#8243; _builder_version=&#8220;4.9.4&#8243; _module_preset=&#8220;default&#8220; border_width_bottom=&#8220;1px&#8220;][et_pb_column type=&#8220;1_3&#8243; _builder_version=&#8220;4.9.4&#8243; _module_preset=&#8220;default&#8220;][et_pb_text _builder_version=&#8220;4.9.4&#8243; _module_preset=&#8220;default&#8220;] &nbsp; &nbsp; Wir fertigen Ihr Drehfl\u00fcgeltor nach Ihren W\u00fcnschen und Ma\u00dfen in Stahl, Aluminium oder Edelstahl. Auf Wunsch nat\u00fcrlich auch mit elektrischem Antrieb. [\/et_pb_text][\/et_pb_column][et_pb_column type=&#8220;1_3&#8243; _builder_version=&#8220;4.9.4&#8243; _module_preset=&#8220;default&#8220;][et_pb_image src=&#8220;https:\/\/schlosserei-strodl.at\/wp-content\/uploads\/2021\/10\/IMG_9204-scaled.jpg&#8220; [&hellip;]<\/p>\n","protected":false},"author":1,"featured_media":0,"parent":0,"menu_order":0,"comment_status":"closed","ping_status":"closed","template":"","meta":{"_et_pb_use_builder":"on","_et_pb_old_content":"","_et_gb_content_width":"","footnotes":""},"class_list":["post-533","page","type-page","status-publish","hentry"],"_links":{"self":[{"href":"https:\/\/schlosserei-strodl.at\/index.php?rest_route=\/wp\/v2\/pages\/533","targetHints":{"allow":["GET"]}}],"collection":[{"href":"https:\/\/schlosserei-strodl.at\/index.php?rest_route=\/wp\/v2\/pages"}],"about":[{"href":"https:\/\/schlosserei-strodl.at\/index.php?rest_route=\/wp\/v2\/types\/page"}],"author":[{"embeddable":true,"href":"https:\/\/schlosserei-strodl.at\/index.php?rest_route=\/wp\/v2\/users\/1"}],"replies":[{"embeddable":true,"href":"https:\/\/schlosserei-strodl.at\/index.php?rest_route=%2Fwp%2Fv2%2Fcomments&post=533"}],"version-history":[{"count":7,"href":"https:\/\/schlosserei-strodl.at\/index.php?rest_route=\/wp\/v2\/pages\/533\/revisions"}],"predecessor-version":[{"id":1109,"href":"https:\/\/schlosserei-strodl.at\/index.php?rest_route=\/wp\/v2\/pages\/533\/revisions\/1109"}],"wp:attachment":[{"href":"https:\/\/schlosserei-strodl.at\/index.php?rest_route=%2Fwp%2Fv2%2Fmedia&parent=533"}],"curies":[{"name":"wp","href":"https:\/\/api.w.org\/{rel}","templated":true}]}}