{"id":511,"date":"2021-07-22T12:35:33","date_gmt":"2021-07-22T10:35:33","guid":{"rendered":"https:\/\/www.schlosserei-strodl.at\/?page_id=511"},"modified":"2024-02-06T09:14:31","modified_gmt":"2024-02-06T08:14:31","slug":"kreatives","status":"publish","type":"page","link":"https:\/\/schlosserei-strodl.at\/?page_id=511","title":{"rendered":"Kreatives"},"content":{"rendered":"<p>[et_pb_section fb_built=&#8220;1&#8243; _builder_version=&#8220;4.9.4&#8243; _module_preset=&#8220;default&#8220; background_color=&#8220;#e5e5e5&#8243;][et_pb_row _builder_version=&#8220;4.9.4&#8243; _module_preset=&#8220;default&#8220;][et_pb_column type=&#8220;4_4&#8243; _builder_version=&#8220;4.9.4&#8243; _module_preset=&#8220;default&#8220;][et_pb_text _builder_version=&#8220;4.9.4&#8243; _module_preset=&#8220;default&#8220;]<\/p>\n<h1 style=\"text-align: center;\">Kreatives &amp; N\u00fctzliches<\/h1>\n<p>[\/et_pb_text][\/et_pb_column][\/et_pb_row][et_pb_row column_structure=&#8220;1_3,1_3,1_3&#8243; _builder_version=&#8220;4.9.4&#8243; _module_preset=&#8220;default&#8220; border_width_bottom=&#8220;1px&#8220;][et_pb_column type=&#8220;1_3&#8243; _builder_version=&#8220;4.9.4&#8243; _module_preset=&#8220;default&#8220;][et_pb_text _builder_version=&#8220;4.9.4&#8243; _module_preset=&#8220;default&#8220;]<\/p>\n<p><strong><\/strong><\/p>\n<p><strong><\/strong><\/p>\n<p><strong><\/strong><\/p>\n<p><strong><\/strong><\/p>\n<p><strong><\/strong><\/p>\n<p><strong><\/strong><\/p>\n<p><strong><\/strong><\/p>\n<p><strong>Bushaltestellen<\/strong> sind essentiell f\u00fcr den \u00f6ffentlichen Verkehr und pr\u00e4gen das Ortsbild.<\/p>\n<p>[\/et_pb_text][\/et_pb_column][et_pb_column type=&#8220;1_3&#8243; _builder_version=&#8220;4.9.4&#8243; _module_preset=&#8220;default&#8220;][et_pb_image src=&#8220;https:\/\/schlosserei-strodl.at\/wp-content\/uploads\/2021\/10\/bushaltestelle_2-scaled-e1633942348840.jpg&#8220; alt=&#8220;Schlosserei Strodl Bushaltestelle aus Stahl und Glas&#8220; title_text=&#8220;Schlosserei Strodl Bushaltestelle a&#8220; _builder_version=&#8220;4.9.4&#8243; _module_preset=&#8220;default&#8220;][\/et_pb_image][\/et_pb_column][et_pb_column type=&#8220;1_3&#8243; _builder_version=&#8220;4.9.4&#8243; _module_preset=&#8220;default&#8220;][et_pb_image src=&#8220;https:\/\/schlosserei-strodl.at\/wp-content\/uploads\/2021\/10\/bushaltestelle-scaled.jpg&#8220; alt=&#8220;Schlosserei Strodl Bushaltestelle mit Eternitverkleidung&#8220; title_text=&#8220;Schlosserei Strodl Bushaltestelle mit Eternitverkleidung&#8220; _builder_version=&#8220;4.9.4&#8243; _module_preset=&#8220;default&#8220;][\/et_pb_image][\/et_pb_column][\/et_pb_row][et_pb_row column_structure=&#8220;1_3,1_3,1_3&#8243; _builder_version=&#8220;4.9.4&#8243; _module_preset=&#8220;default&#8220; border_width_bottom=&#8220;1px&#8220;][et_pb_column type=&#8220;1_3&#8243; _builder_version=&#8220;4.9.4&#8243; _module_preset=&#8220;default&#8220;][et_pb_text _builder_version=&#8220;4.9.4&#8243; _module_preset=&#8220;default&#8220;]<\/p>\n<p>Bleche aus <strong>Cortenstahl<\/strong> sind der optimale Werkstoff f\u00fcr Mauerverkleidungen, Hochbeete oder Beeteinfassungen.<\/p>\n<p>[\/et_pb_text][\/et_pb_column][et_pb_column type=&#8220;1_3&#8243; _builder_version=&#8220;4.9.4&#8243; _module_preset=&#8220;default&#8220;][et_pb_image src=&#8220;https:\/\/schlosserei-strodl.at\/wp-content\/uploads\/2023\/10\/IMG_8242-scaled-e1697109282957.jpg&#8220; alt=&#8220;Schlosserei Strodl Mauerverkleidung aus Cortenstahl&#8220; title_text=&#8220;Schlosserei Strodl Mauerverkleidung aus Cortenstahl&#8220; _builder_version=&#8220;4.9.4&#8243; _module_preset=&#8220;default&#8220;][\/et_pb_image][\/et_pb_column][et_pb_column type=&#8220;1_3&#8243; _builder_version=&#8220;4.9.4&#8243; _module_preset=&#8220;default&#8220;][et_pb_image src=&#8220;https:\/\/schlosserei-strodl.at\/wp-content\/uploads\/2023\/10\/IMG_7304-scaled.jpg&#8220; alt=&#8220;Schlosserei Strodl Gabione mit Blumenk\u00e4sten aus Cortenstahl&#8220; title_text=&#8220;Schlosserei Strodl Gabionen mit Blumenk\u00e4sten aus Cortenstahl&#8220; _builder_version=&#8220;4.9.4&#8243; _module_preset=&#8220;default&#8220;][\/et_pb_image][\/et_pb_column][\/et_pb_row][et_pb_row column_structure=&#8220;1_3,1_3,1_3&#8243; _builder_version=&#8220;4.9.4&#8243; _module_preset=&#8220;default&#8220; border_width_bottom=&#8220;1px&#8220;][et_pb_column type=&#8220;1_3&#8243; _builder_version=&#8220;4.9.4&#8243; _module_preset=&#8220;default&#8220;][et_pb_text _builder_version=&#8220;4.9.4&#8243; _module_preset=&#8220;default&#8220;]<\/p>\n<p><strong><\/strong><\/p>\n<p><strong><\/strong><\/p>\n<p><strong><\/strong><\/p>\n<p><strong><\/strong><\/p>\n<p><strong>Abdeckungen<\/strong> an den W\u00e4nden gestalten wir mit diversen Lochblechen aus Edelstahl oder Aluminium. F\u00fcr begehbare oder befahrbare Abdeckungen am Boden fertigen wir ma\u00dfgeschneiderte L\u00f6sungen aus Gitterrosten.<\/p>\n<p>[\/et_pb_text][\/et_pb_column][et_pb_column type=&#8220;1_3&#8243; _builder_version=&#8220;4.9.4&#8243; _module_preset=&#8220;default&#8220;][et_pb_image src=&#8220;https:\/\/schlosserei-strodl.at\/wp-content\/uploads\/2022\/06\/ABIY2497-scaled-e1655106060373.jpg&#8220; alt=&#8220;Schlosserei Strodl Abdeckung aus Lochblech&#8220; title_text=&#8220;Schlosserei Strodl Abdeckung aus Lochblech&#8220; _builder_version=&#8220;4.9.4&#8243; _module_preset=&#8220;default&#8220;][\/et_pb_image][\/et_pb_column][et_pb_column type=&#8220;1_3&#8243; _builder_version=&#8220;4.9.4&#8243; _module_preset=&#8220;default&#8220;][et_pb_image src=&#8220;https:\/\/schlosserei-strodl.at\/wp-content\/uploads\/2022\/06\/WRKW3980-scaled-e1655106257677.jpg&#8220; alt=&#8220;Schlosserei Strodl Abdeckung aus Gitterrost&#8220; title_text=&#8220;Schlosserei Strodl Abdeckung aus Gitterrost&#8220; _builder_version=&#8220;4.9.4&#8243; _module_preset=&#8220;default&#8220;][\/et_pb_image][\/et_pb_column][\/et_pb_row][et_pb_row column_structure=&#8220;1_3,1_3,1_3&#8243; _builder_version=&#8220;4.9.4&#8243; _module_preset=&#8220;default&#8220; border_width_bottom=&#8220;1px&#8220;][et_pb_column type=&#8220;1_3&#8243; _builder_version=&#8220;4.9.4&#8243; _module_preset=&#8220;default&#8220;][et_pb_text _builder_version=&#8220;4.9.4&#8243; _module_preset=&#8220;default&#8220;]<\/p>\n<p><strong><\/strong><\/p>\n<p><strong><\/strong><\/p>\n<p><strong><\/strong><\/p>\n<p><strong><\/strong><\/p>\n<p><strong><\/strong><\/p>\n<p><strong><\/strong><\/p>\n<p><strong><\/strong><\/p>\n<p><strong>Fenstergitter<\/strong> sind ein dekorativer Einbruchsschutz und zieren Ihre Fenster und T\u00fcren.<\/p>\n<p>&nbsp;<\/p>\n<p>[\/et_pb_text][\/et_pb_column][et_pb_column type=&#8220;1_3&#8243; _builder_version=&#8220;4.9.4&#8243; _module_preset=&#8220;default&#8220;][et_pb_image src=&#8220;https:\/\/schlosserei-strodl.at\/wp-content\/uploads\/2021\/10\/fenstergitter-scaled-e1634207416304.jpg&#8220; alt=&#8220;Schlosserei Strodl Fenstergitter aus Stahl&#8220; title_text=&#8220;Schlosserei Strodl Fenstergitter aus Stahl&#8220; _builder_version=&#8220;4.9.4&#8243; _module_preset=&#8220;default&#8220;][\/et_pb_image][\/et_pb_column][et_pb_column type=&#8220;1_3&#8243; _builder_version=&#8220;4.9.4&#8243; _module_preset=&#8220;default&#8220;][et_pb_image src=&#8220;https:\/\/schlosserei-strodl.at\/wp-content\/uploads\/2021\/10\/fenstergitter_3-scaled-e1633942657790.jpg&#8220; alt=&#8220;Schlosserei Strodl Gitter bei Eingangst\u00fcre&#8220; title_text=&#8220;Schlosserei Strodl Gitter bei Eingan&#8220; _builder_version=&#8220;4.9.4&#8243; _module_preset=&#8220;default&#8220;][\/et_pb_image][\/et_pb_column][\/et_pb_row][et_pb_row column_structure=&#8220;1_3,1_3,1_3&#8243; _builder_version=&#8220;4.9.4&#8243; _module_preset=&#8220;default&#8220; border_width_bottom=&#8220;1px&#8220;][et_pb_column type=&#8220;1_3&#8243; _builder_version=&#8220;4.9.4&#8243; _module_preset=&#8220;default&#8220;][et_pb_text _builder_version=&#8220;4.9.4&#8243; _module_preset=&#8220;default&#8220;]<\/p>\n<p><strong><\/strong><\/p>\n<p><strong><\/strong><\/p>\n<p><strong><\/strong><\/p>\n<p><strong><\/strong><\/p>\n<p><strong><\/strong><\/p>\n<p><strong><\/strong><\/p>\n<p><strong>Gabionen<\/strong> sind vielseitig einsetzbar. Ob als Sichtschutz, Blumenkorb, Hochbeet oder zum Verkleiden bereits bestehenden Mauern.<\/p>\n<p>&nbsp;<\/p>\n<p>[\/et_pb_text][\/et_pb_column][et_pb_column type=&#8220;1_3&#8243; _builder_version=&#8220;4.9.4&#8243; _module_preset=&#8220;default&#8220;][et_pb_image src=&#8220;https:\/\/schlosserei-strodl.at\/wp-content\/uploads\/2021\/10\/gabione-e1633942814142.jpg&#8220; alt=&#8220;Schlosserei Strodl Gabione&#8220; title_text=&#8220;Schlosserei Strodl Gabione&#8220; _builder_version=&#8220;4.9.4&#8243; _module_preset=&#8220;default&#8220;][\/et_pb_image][\/et_pb_column][et_pb_column type=&#8220;1_3&#8243; _builder_version=&#8220;4.9.4&#8243; _module_preset=&#8220;default&#8220;][et_pb_image src=&#8220;https:\/\/schlosserei-strodl.at\/wp-content\/uploads\/2021\/10\/gabione_mit_handlauf-scaled-e1633945838393.jpg&#8220; alt=&#8220;Schlosserei Strodl Gabione&#8220; title_text=&#8220;Schlosserei Strodl Gabione&#8220; _builder_version=&#8220;4.9.4&#8243; _module_preset=&#8220;default&#8220;][\/et_pb_image][\/et_pb_column][\/et_pb_row][et_pb_row column_structure=&#8220;1_3,1_3,1_3&#8243; _builder_version=&#8220;4.9.4&#8243; _module_preset=&#8220;default&#8220; border_width_bottom=&#8220;1px&#8220;][et_pb_column type=&#8220;1_3&#8243; _builder_version=&#8220;4.9.4&#8243; _module_preset=&#8220;default&#8220;][et_pb_text _builder_version=&#8220;4.9.4&#8243; _module_preset=&#8220;default&#8220;]<\/p>\n<p><strong><\/strong><\/p>\n<p><strong><\/strong><\/p>\n<p><strong><\/strong><\/p>\n<p><strong><\/strong><\/p>\n<p><strong><\/strong><\/p>\n<p><strong>Kaminverkleidungen<\/strong> aus Blech sch\u00fctzen verputzte \u00d6fen vor Verschmutzungen und sind gleichzeitig ein dekorativer Blickfang.<\/p>\n<p>[\/et_pb_text][\/et_pb_column][et_pb_column type=&#8220;1_3&#8243; _builder_version=&#8220;4.9.4&#8243; _module_preset=&#8220;default&#8220;][et_pb_image src=&#8220;https:\/\/schlosserei-strodl.at\/wp-content\/uploads\/2021\/10\/kaminverkleidung.jpg&#8220; alt=&#8220;Schlosserei Strodl Kaminverkleidung&#8220; title_text=&#8220;Schlosserei Strodl Kaminverkleidung&#8220; _builder_version=&#8220;4.9.4&#8243; _module_preset=&#8220;default&#8220;][\/et_pb_image][\/et_pb_column][et_pb_column type=&#8220;1_3&#8243; _builder_version=&#8220;4.9.4&#8243; _module_preset=&#8220;default&#8220;][et_pb_image src=&#8220;https:\/\/schlosserei-strodl.at\/wp-content\/uploads\/2021\/10\/kaminverkleidung_1-scaled-e1633946637176.jpg&#8220; alt=&#8220;Schlosserei Strodl Kaminverkleidung&#8220; title_text=&#8220;Schlosserei Strodl Kaminverkleidung&#8220; _builder_version=&#8220;4.9.4&#8243; _module_preset=&#8220;default&#8220;][\/et_pb_image][\/et_pb_column][\/et_pb_row][et_pb_row column_structure=&#8220;1_3,1_3,1_3&#8243; _builder_version=&#8220;4.9.4&#8243; _module_preset=&#8220;default&#8220; border_width_bottom=&#8220;1px&#8220;][et_pb_column type=&#8220;1_3&#8243; _builder_version=&#8220;4.9.4&#8243; _module_preset=&#8220;default&#8220;][et_pb_text _builder_version=&#8220;4.9.4&#8243; _module_preset=&#8220;default&#8220;]<\/p>\n<p><strong><\/strong><\/p>\n<p><strong><\/strong><\/p>\n<p><strong><\/strong><\/p>\n<p><strong><\/strong><\/p>\n<p><strong><\/strong><\/p>\n<p><strong>Begehbare Abdeckungen<\/strong> aus Glas gew\u00e4hren Einblicke in alte Kellergew\u00f6lbe oder Ausblicke durch obere Gescho\u00dfe.<\/p>\n<p>&nbsp;<\/p>\n<p>&nbsp;<\/p>\n<p>[\/et_pb_text][\/et_pb_column][et_pb_column type=&#8220;1_3&#8243; _builder_version=&#8220;4.9.4&#8243; _module_preset=&#8220;default&#8220;][et_pb_image src=&#8220;https:\/\/schlosserei-strodl.at\/wp-content\/uploads\/2021\/10\/glasdeckel.jpg&#8220; alt=&#8220;Schlosserei Strodl begehbarer Glasdeckel&#8220; title_text=&#8220;Schlosserei Strodl begehbarer Glasdeckelckel&#8220; _builder_version=&#8220;4.9.4&#8243; _module_preset=&#8220;default&#8220;][\/et_pb_image][\/et_pb_column][et_pb_column type=&#8220;1_3&#8243; _builder_version=&#8220;4.9.4&#8243; _module_preset=&#8220;default&#8220;][et_pb_image src=&#8220;https:\/\/schlosserei-strodl.at\/wp-content\/uploads\/2021\/10\/glasboden.jpg&#8220; alt=&#8220;Schlosserei Strodl begehbarer Glasboden&#8220; title_text=&#8220;Schlosserei Strodl begehbarer Glasboden&#8220; _builder_version=&#8220;4.9.4&#8243; _module_preset=&#8220;default&#8220;][\/et_pb_image][\/et_pb_column][\/et_pb_row][et_pb_row column_structure=&#8220;1_3,1_3,1_3&#8243; _builder_version=&#8220;4.9.4&#8243; _module_preset=&#8220;default&#8220; border_width_bottom=&#8220;1px&#8220;][et_pb_column type=&#8220;1_3&#8243; _builder_version=&#8220;4.9.4&#8243; _module_preset=&#8220;default&#8220;][et_pb_text _builder_version=&#8220;4.9.4&#8243; _module_preset=&#8220;default&#8220;]<\/p>\n<p>&nbsp;<\/p>\n<p>&nbsp;<\/p>\n<p>Wir fertigen auch besondere <strong>M\u00f6belst\u00fccke<\/strong> nach Ma\u00df. Als fertiges Produkt in Stahl oder in Verbindung mit Glas oder Teile wie zum Beispiel Untergestelle f\u00fcr Tische, die vom Tischler fertiggestellt werden.<\/p>\n<p>[\/et_pb_text][\/et_pb_column][et_pb_column type=&#8220;1_3&#8243; _builder_version=&#8220;4.9.4&#8243; _module_preset=&#8220;default&#8220;][et_pb_image src=&#8220;https:\/\/schlosserei-strodl.at\/wp-content\/uploads\/2021\/10\/esszimmertisch-scaled-e1633946912470.jpg&#8220; alt=&#8220;Schlosserei Strodl Untergestell f\u00fcr Esszimmertisch&#8220; title_text=&#8220;Schlosserei Strodl Untergestell f\u00fcr Esszimmertisch&#8220; _builder_version=&#8220;4.9.4&#8243; _module_preset=&#8220;default&#8220;][\/et_pb_image][\/et_pb_column][et_pb_column type=&#8220;1_3&#8243; _builder_version=&#8220;4.9.4&#8243; _module_preset=&#8220;default&#8220;][et_pb_image src=&#8220;https:\/\/schlosserei-strodl.at\/wp-content\/uploads\/2021\/10\/schreibtisch_aus_glas.jpg&#8220; alt=&#8220;Schlosserei Strodl Schreibtisch aus Glas&#8220; title_text=&#8220;Schlosserei Strodl Schreibtisch aus Glas&#8220; _builder_version=&#8220;4.9.4&#8243; _module_preset=&#8220;default&#8220;][\/et_pb_image][\/et_pb_column][\/et_pb_row][et_pb_row column_structure=&#8220;1_3,1_3,1_3&#8243; _builder_version=&#8220;4.9.4&#8243; _module_preset=&#8220;default&#8220; border_width_bottom=&#8220;1px&#8220;][et_pb_column type=&#8220;1_3&#8243; _builder_version=&#8220;4.9.4&#8243; _module_preset=&#8220;default&#8220;][et_pb_text _builder_version=&#8220;4.9.4&#8243; _module_preset=&#8220;default&#8220;]<\/p>\n<p><strong><\/strong><\/p>\n<p><strong><\/strong><\/p>\n<p><strong><\/strong><\/p>\n<p><strong><\/strong><\/p>\n<p><strong><\/strong><\/p>\n<p><strong>Sitzb\u00e4nke<\/strong>\u00a0<strong>und Sessel<\/strong> f\u00fcr den Garten oder den \u00f6ffentlichen Bereich werden in Zusammenarbeit mit Tischlern der Region gefertigt.<\/p>\n<p>[\/et_pb_text][\/et_pb_column][et_pb_column type=&#8220;1_3&#8243; _builder_version=&#8220;4.9.4&#8243; _module_preset=&#8220;default&#8220;][et_pb_image src=&#8220;https:\/\/schlosserei-strodl.at\/wp-content\/uploads\/2021\/10\/parkbank-scaled-e1633947101109.jpg&#8220; alt=&#8220;Schlosserei Strodl Parkbank&#8220; title_text=&#8220;Schlosserei Strodl Parkbank&#8220; _builder_version=&#8220;4.9.4&#8243; _module_preset=&#8220;default&#8220;][\/et_pb_image][\/et_pb_column][et_pb_column type=&#8220;1_3&#8243; _builder_version=&#8220;4.9.4&#8243; _module_preset=&#8220;default&#8220;][et_pb_image src=&#8220;https:\/\/schlosserei-strodl.at\/wp-content\/uploads\/2022\/09\/IMG_3846-scaled-e1664352531131.jpg&#8220; alt=&#8220;Schlosserei Strodl Gartenm\u00f6bel aus Stahl&#8220; title_text=&#8220;Schlosserei Strodl Gartenm\u00f6bel aus Stahl&#8220; _builder_version=&#8220;4.9.4&#8243; _module_preset=&#8220;default&#8220;][\/et_pb_image][\/et_pb_column][\/et_pb_row][et_pb_row column_structure=&#8220;1_3,1_3,1_3&#8243; _builder_version=&#8220;4.9.4&#8243; _module_preset=&#8220;default&#8220; border_width_bottom=&#8220;1px&#8220;][et_pb_column type=&#8220;1_3&#8243; _builder_version=&#8220;4.9.4&#8243; _module_preset=&#8220;default&#8220;][et_pb_text _builder_version=&#8220;4.9.4&#8243; _module_preset=&#8220;default&#8220;]<\/p>\n<p>&nbsp;<\/p>\n<p>&nbsp;<\/p>\n<p>&nbsp;<\/p>\n<p>&nbsp;<\/p>\n<p>&nbsp;<\/p>\n<p>Halterungen f\u00fcr <strong>Werbetafeln<\/strong> k\u00f6nnen in vielf\u00e4ltigen Designs gefertigt und montiert werden.<\/p>\n<p>[\/et_pb_text][\/et_pb_column][et_pb_column type=&#8220;1_3&#8243; _builder_version=&#8220;4.9.4&#8243; _module_preset=&#8220;default&#8220;][et_pb_image src=&#8220;https:\/\/schlosserei-strodl.at\/wp-content\/uploads\/2021\/10\/werbetafel-scaled-e1633947311382.jpg&#8220; alt=&#8220;Schlosserei Strodl Werbeschild&#8220; title_text=&#8220;Schlosserei Strodl Werbeschild&#8220; _builder_version=&#8220;4.9.4&#8243; _module_preset=&#8220;default&#8220;][\/et_pb_image][\/et_pb_column][et_pb_column type=&#8220;1_3&#8243; _builder_version=&#8220;4.9.4&#8243; _module_preset=&#8220;default&#8220;][\/et_pb_column][\/et_pb_row][et_pb_row column_structure=&#8220;1_3,1_3,1_3&#8243; _builder_version=&#8220;4.9.4&#8243; _module_preset=&#8220;default&#8220; border_width_bottom=&#8220;1px&#8220;][et_pb_column type=&#8220;1_3&#8243; _builder_version=&#8220;4.9.4&#8243; _module_preset=&#8220;default&#8220;][et_pb_text _builder_version=&#8220;4.9.4&#8243; _module_preset=&#8220;default&#8220;]<\/p>\n<p><strong><\/strong><\/p>\n<p><strong><\/strong><\/p>\n<p><strong><\/strong><\/p>\n<p><strong><\/strong><\/p>\n<p><strong><\/strong><\/p>\n<p><strong><\/strong><\/p>\n<p><strong><\/strong><\/p>\n<p><strong><\/strong><\/p>\n<p><strong><\/strong><\/p>\n<p><strong><\/strong><\/p>\n<p><strong>Windlichter<\/strong> schaffen eine angenehme Atmosph\u00e4re, auf dem Balkon, im Garten oder im Wohnzimmer. Da wir sie in allen Gr\u00f6\u00dfen produzieren k\u00f6nnen, eignen sie sich auch hervorragen als Geschenk.<\/p>\n<p>[\/et_pb_text][\/et_pb_column][et_pb_column type=&#8220;1_3&#8243; _builder_version=&#8220;4.9.4&#8243; _module_preset=&#8220;default&#8220;][et_pb_image src=&#8220;https:\/\/schlosserei-strodl.at\/wp-content\/uploads\/2021\/10\/windlicht_mit_glas-scaled.jpg&#8220; alt=&#8220;Schlosserei Strodl Windlicht&#8220; title_text=&#8220;Schlosserei Strodl Windlicht&#8220; _builder_version=&#8220;4.9.4&#8243; _module_preset=&#8220;default&#8220;][\/et_pb_image][\/et_pb_column][et_pb_column type=&#8220;1_3&#8243; _builder_version=&#8220;4.9.4&#8243; _module_preset=&#8220;default&#8220;][et_pb_image src=&#8220;https:\/\/schlosserei-strodl.at\/wp-content\/uploads\/2021\/10\/windlicht-scaled-e1633947664826.jpg&#8220; alt=&#8220;Schlosserei Strodl Windlicht&#8220; title_text=&#8220;Schlosserei Strodl Windlicht&#8220; _builder_version=&#8220;4.9.4&#8243; _module_preset=&#8220;default&#8220;][\/et_pb_image][\/et_pb_column][\/et_pb_row][et_pb_row column_structure=&#8220;1_3,1_3,1_3&#8243; _builder_version=&#8220;4.9.4&#8243; _module_preset=&#8220;default&#8220; border_width_bottom=&#8220;1px&#8220;][et_pb_column type=&#8220;1_3&#8243; _builder_version=&#8220;4.9.4&#8243; _module_preset=&#8220;default&#8220;][et_pb_text _builder_version=&#8220;4.9.4&#8243; _module_preset=&#8220;default&#8220;]<\/p>\n<p><strong><\/strong><\/p>\n<p><strong><\/strong><\/p>\n<p><strong><\/strong><\/p>\n<p><strong><\/strong><\/p>\n<p><strong><\/strong><\/p>\n<p><strong><\/strong><\/p>\n<p><strong><\/strong><\/p>\n<p><strong><\/strong><\/p>\n<p><strong><\/strong><\/p>\n<p><strong><\/strong><\/p>\n<p><strong>Skulpturen<\/strong> aus Stahl sind ein besonderes Highlight. Versch\u00f6nern Sie Ihren Garten mit einzigartigen St\u00fccken.<\/p>\n<p>[\/et_pb_text][\/et_pb_column][et_pb_column type=&#8220;1_3&#8243; _builder_version=&#8220;4.9.4&#8243; _module_preset=&#8220;default&#8220;][et_pb_image src=&#8220;https:\/\/schlosserei-strodl.at\/wp-content\/uploads\/2021\/10\/frau_aus_stahl_1-scaled.jpg&#8220; alt=&#8220;Schlosserei Strodl Skulptur aus Stahl Frau&#8220; title_text=&#8220;Schlosserei Strodl Skulptur aus Stahl Frau&#8220; _builder_version=&#8220;4.9.4&#8243; _module_preset=&#8220;default&#8220;][\/et_pb_image][\/et_pb_column][et_pb_column type=&#8220;1_3&#8243; _builder_version=&#8220;4.9.4&#8243; _module_preset=&#8220;default&#8220;][et_pb_image src=&#8220;https:\/\/schlosserei-strodl.at\/wp-content\/uploads\/2021\/10\/rose_aus_stahl_1-scaled-e1633947962254.jpg&#8220; alt=&#8220;Schlosserei Strodl Skulptur Rose aus Stahl&#8220; title_text=&#8220;Schlosserei Strodl Skulptur R&#8220; _builder_version=&#8220;4.9.4&#8243; _module_preset=&#8220;default&#8220;][\/et_pb_image][\/et_pb_column][\/et_pb_row][et_pb_row column_structure=&#8220;1_3,1_3,1_3&#8243; _builder_version=&#8220;4.9.4&#8243; _module_preset=&#8220;default&#8220; border_width_bottom=&#8220;1px&#8220;][et_pb_column type=&#8220;1_3&#8243; _builder_version=&#8220;4.9.4&#8243; _module_preset=&#8220;default&#8220;][et_pb_text _builder_version=&#8220;4.9.4&#8243; _module_preset=&#8220;default&#8220;]<\/p>\n<p>&nbsp;<\/p>\n<p>&nbsp;<\/p>\n<p>Spiel, Spa\u00df und <strong>Erholung<\/strong> kommen oft viel zu kurz. Entspannen Sie am eigenen Pool &#8211; wir liefern Einstiegshilfen, Leitern und Abdeckungen f\u00fcr die Technik. Oder wie w\u00e4re es mit einer Runde Minigolf?<\/p>\n<p>[\/et_pb_text][\/et_pb_column][et_pb_column type=&#8220;1_3&#8243; _builder_version=&#8220;4.9.4&#8243; _module_preset=&#8220;default&#8220;][et_pb_image src=&#8220;https:\/\/schlosserei-strodl.at\/wp-content\/uploads\/2021\/10\/looping-1-e1633948059844.jpg&#8220; alt=&#8220;Schlosserei Strodl Looping Adventure Golf&#8220; title_text=&#8220;Schlosserei Strodl Looping Adventure Golf&#8220; _builder_version=&#8220;4.9.4&#8243; _module_preset=&#8220;default&#8220;][\/et_pb_image][\/et_pb_column][et_pb_column type=&#8220;1_3&#8243; _builder_version=&#8220;4.9.4&#8243; _module_preset=&#8220;default&#8220;][et_pb_image src=&#8220;https:\/\/schlosserei-strodl.at\/wp-content\/uploads\/2021\/10\/pool_mit_einstiegshilfe-scaled-e1633948192154.jpg&#8220; alt=&#8220;Schlosserei Strodl Einstiegshilfe Swimmingpool&#8220; title_text=&#8220;Schlosserei Strodl Einstiegshilfe S&#8220; _builder_version=&#8220;4.9.4&#8243; _module_preset=&#8220;default&#8220;][\/et_pb_image][\/et_pb_column][\/et_pb_row][et_pb_row _builder_version=&#8220;4.9.4&#8243; _module_preset=&#8220;default&#8220; column_structure=&#8220;1_3,1_3,1_3&#8243; border_width_bottom=&#8220;1px&#8220; hover_enabled=&#8220;0&#8243; sticky_enabled=&#8220;0&#8243; width=&#8220;72%&#8220;][et_pb_column _builder_version=&#8220;4.9.4&#8243; _module_preset=&#8220;default&#8220; type=&#8220;1_3&#8243;][et_pb_text _builder_version=&#8220;4.9.4&#8243; _module_preset=&#8220;default&#8220; hover_enabled=&#8220;0&#8243; sticky_enabled=&#8220;0&#8243;]<\/p>\n<p>&nbsp;<\/p>\n<p>&nbsp;<\/p>\n<p>Kreative <strong>Einhausungen<\/strong> f\u00fcr W\u00e4rmepumpen, M\u00fclltonnen und Stromk\u00e4sten versch\u00f6nern auf praktische Art und Weise. Wir fertigen Ausf\u00fchrungen aus Gitterrosten, verzinkten oder beschichteten Blechen und aus Cortenstahl.<\/p>\n<p>[\/et_pb_text][\/et_pb_column][et_pb_column _builder_version=&#8220;4.9.4&#8243; _module_preset=&#8220;default&#8220; type=&#8220;1_3&#8243;][et_pb_image src=&#8220;https:\/\/schlosserei-strodl.at\/wp-content\/uploads\/2024\/02\/IMG_8957-scaled-e1707206941536.jpg&#8220; _builder_version=&#8220;4.9.4&#8243; _module_preset=&#8220;default&#8220; title_text=&#8220;Schlosserei Strodl Einhausung f\u00fcr M\u00fclltonnen aus Cortenstahl&#8220; alt=&#8220;Schlosserei Strodl Einhausung f\u00fcr M\u00fclltonnen aus Cortenstahl&#8220; hover_enabled=&#8220;0&#8243; sticky_enabled=&#8220;0&#8243;][\/et_pb_image][\/et_pb_column][et_pb_column _builder_version=&#8220;4.9.4&#8243; _module_preset=&#8220;default&#8220; type=&#8220;1_3&#8243;][et_pb_image src=&#8220;https:\/\/schlosserei-strodl.at\/wp-content\/uploads\/2024\/02\/IMG_8950-scaled-e1707207108677.jpg&#8220; _builder_version=&#8220;4.9.4&#8243; _module_preset=&#8220;default&#8220; alt=&#8220;Schlosserei Strodl Einhausung f\u00fcr W\u00e4rmepumpe aus verzinkten Gitterrosten&#8220; title_text=&#8220;Schlosserei Strodl Einhausung f\u00fcr W\u00e4rmepumpe aus verzinkten Gitterrosten&#8220; hover_enabled=&#8220;0&#8243; sticky_enabled=&#8220;0&#8243;][\/et_pb_image][\/et_pb_column][\/et_pb_row][\/et_pb_section]<\/p>\n","protected":false},"excerpt":{"rendered":"<p>[et_pb_section fb_built=&#8220;1&#8243; _builder_version=&#8220;4.9.4&#8243; _module_preset=&#8220;default&#8220; background_color=&#8220;#e5e5e5&#8243;][et_pb_row _builder_version=&#8220;4.9.4&#8243; _module_preset=&#8220;default&#8220;][et_pb_column type=&#8220;4_4&#8243; _builder_version=&#8220;4.9.4&#8243; _module_preset=&#8220;default&#8220;][et_pb_text _builder_version=&#8220;4.9.4&#8243; _module_preset=&#8220;default&#8220;] Kreatives &amp; N\u00fctzliches [\/et_pb_text][\/et_pb_column][\/et_pb_row][et_pb_row column_structure=&#8220;1_3,1_3,1_3&#8243; _builder_version=&#8220;4.9.4&#8243; _module_preset=&#8220;default&#8220; border_width_bottom=&#8220;1px&#8220;][et_pb_column type=&#8220;1_3&#8243; _builder_version=&#8220;4.9.4&#8243; _module_preset=&#8220;default&#8220;][et_pb_text _builder_version=&#8220;4.9.4&#8243; _module_preset=&#8220;default&#8220;] Bushaltestellen sind essentiell f\u00fcr den \u00f6ffentlichen Verkehr und pr\u00e4gen das Ortsbild. [\/et_pb_text][\/et_pb_column][et_pb_column type=&#8220;1_3&#8243; _builder_version=&#8220;4.9.4&#8243; _module_preset=&#8220;default&#8220;][et_pb_image src=&#8220;https:\/\/schlosserei-strodl.at\/wp-content\/uploads\/2021\/10\/bushaltestelle_2-scaled-e1633942348840.jpg&#8220; alt=&#8220;Schlosserei Strodl Bushaltestelle aus Stahl und Glas&#8220; title_text=&#8220;Schlosserei Strodl Bushaltestelle a&#8220; _builder_version=&#8220;4.9.4&#8243; _module_preset=&#8220;default&#8220;][\/et_pb_image][\/et_pb_column][et_pb_column type=&#8220;1_3&#8243; [&hellip;]<\/p>\n","protected":false},"author":1,"featured_media":0,"parent":0,"menu_order":0,"comment_status":"closed","ping_status":"closed","template":"","meta":{"_et_pb_use_builder":"on","_et_pb_old_content":"","_et_gb_content_width":"","footnotes":""},"class_list":["post-511","page","type-page","status-publish","hentry"],"_links":{"self":[{"href":"https:\/\/schlosserei-strodl.at\/index.php?rest_route=\/wp\/v2\/pages\/511","targetHints":{"allow":["GET"]}}],"collection":[{"href":"https:\/\/schlosserei-strodl.at\/index.php?rest_route=\/wp\/v2\/pages"}],"about":[{"href":"https:\/\/schlosserei-strodl.at\/index.php?rest_route=\/wp\/v2\/types\/page"}],"author":[{"embeddable":true,"href":"https:\/\/schlosserei-strodl.at\/index.php?rest_route=\/wp\/v2\/users\/1"}],"replies":[{"embeddable":true,"href":"https:\/\/schlosserei-strodl.at\/index.php?rest_route=%2Fwp%2Fv2%2Fcomments&post=511"}],"version-history":[{"count":17,"href":"https:\/\/schlosserei-strodl.at\/index.php?rest_route=\/wp\/v2\/pages\/511\/revisions"}],"predecessor-version":[{"id":1458,"href":"https:\/\/schlosserei-strodl.at\/index.php?rest_route=\/wp\/v2\/pages\/511\/revisions\/1458"}],"wp:attachment":[{"href":"https:\/\/schlosserei-strodl.at\/index.php?rest_route=%2Fwp%2Fv2%2Fmedia&parent=511"}],"curies":[{"name":"wp","href":"https:\/\/api.w.org\/{rel}","templated":true}]}}