{"id":410,"date":"2021-07-15T21:12:29","date_gmt":"2021-07-15T19:12:29","guid":{"rendered":"https:\/\/www.schlosserei-strodl.at\/?page_id=410"},"modified":"2025-05-06T15:30:02","modified_gmt":"2025-05-06T13:30:02","slug":"ueber-uns","status":"publish","type":"page","link":"https:\/\/schlosserei-strodl.at\/?page_id=410","title":{"rendered":"\u00dcber Uns"},"content":{"rendered":"<p>[et_pb_section fb_built=&#8220;1&#8243; fullwidth=&#8220;on&#8220; _builder_version=&#8220;4.9.4&#8243; _module_preset=&#8220;default&#8220; background_color=&#8220;RGBA(0,0,0,0)&#8220; background_image=&#8220;https:\/\/schlosserei-strodl.at\/wp-content\/uploads\/2021\/10\/hammer-gdc23b4f2c_1920.jpg&#8220; width=&#8220;100%&#8220; top_divider_color_tablet=&#8220;&#8220; top_divider_color_phone=&#8220;&#8220; top_divider_color_last_edited=&#8220;on|phone&#8220;][et_pb_fullwidth_slider show_arrows=&#8220;off&#8220; show_pagination=&#8220;off&#8220; use_bg_overlay=&#8220;off&#8220; use_text_overlay=&#8220;on&#8220; text_overlay_color=&#8220;RGBA(0,0,0,0)&#8220; text_border_radius=&#8220;28px&#8220; disabled_on=&#8220;off|off|off&#8220; _builder_version=&#8220;4.9.4&#8243; _module_preset=&#8220;default&#8220; header_font_size=&#8220;39px&#8220; body_font_size=&#8220;24px&#8220; background_color=&#8220;rgba(0,0,0,0)&#8220; background_image=&#8220;https:\/\/schlosserei-strodl.at\/wp-content\/uploads\/2021\/10\/hammer-gdc23b4f2c_1920.jpg&#8220; background_blend=&#8220;soft-light&#8220; z_index=&#8220;0&#8243; filter_contrast=&#8220;97%&#8220; locked=&#8220;off&#8220;][et_pb_slide heading=&#8220;Ein Familienunternehmen mit Tradition und Geschichte&#8220; heading_last_edited=&#8220;off|phone&#8220; _builder_version=&#8220;4.9.4&#8243; _module_preset=&#8220;default&#8220; header_level=&#8220;h2&#8243; header_font=&#8220;Cinzel||||||||&#8220; header_text_align=&#8220;center&#8220; header_font_size=&#8220;50px&#8220; header_line_height=&#8220;1.4em&#8220; body_font=&#8220;Cinzel||||||||&#8220; background_color=&#8220;rgba(0,0,0,0.35)&#8220; background_enable_color=&#8220;on&#8220; text_orientation=&#8220;center&#8220; max_width=&#8220;100%&#8220; custom_padding=&#8220;||||false|false&#8220; custom_padding_tablet=&#8220;&#8220; custom_padding_phone=&#8220;||25px||false|false&#8220; custom_padding_last_edited=&#8220;on|phone&#8220; header_font_size_tablet=&#8220;&#8220; header_font_size_phone=&#8220;15px&#8220; header_font_size_last_edited=&#8220;on|phone&#8220; background_color_phone=&#8220;rgba(10,10,10,0.38)&#8220; background_last_edited=&#8220;on|desktop&#8220; background_enable_color_phone=&#8220;on&#8220; use_background_color_gradient_tablet=&#8220;on&#8220; use_background_color_gradient_phone=&#8220;off&#8220; background_color_gradient_end_tablet=&#8220;#29c4a9&#8243; background_enable_image_tablet=&#8220;off&#8220; locked=&#8220;off&#8220; sticky_transition=&#8220;on&#8220;][\/et_pb_slide][\/et_pb_fullwidth_slider][\/et_pb_section][et_pb_section fb_built=&#8220;1&#8243; _builder_version=&#8220;4.9.4&#8243; _module_preset=&#8220;default&#8220; collapsed=&#8220;off&#8220;][et_pb_row column_structure=&#8220;1_2,1_2&#8243; admin_label=&#8220;Row&#8220; _builder_version=&#8220;4.9.4&#8243; custom_padding=&#8220;|||30px|false|false&#8220; border_color_all=&#8220;RGBA(0,0,0,0)&#8220; border_width_bottom=&#8220;0.1px&#8220; border_color_bottom=&#8220;rgba(233,69,88,0.23)&#8220; border_width_left=&#8220;2px&#8220; border_color_left=&#8220;#e94558&#8243; locked=&#8220;off&#8220; collapsed=&#8220;off&#8220;][et_pb_column type=&#8220;1_2&#8243; saved_specialty_column_type=&#8220;2_3&#8243; _builder_version=&#8220;4.9.4&#8243;][et_pb_blurb use_icon=&#8220;on&#8220; font_icon=&#8220;%%61%%&#8220; icon_color=&#8220;#e94558&#8243; icon_placement=&#8220;left&#8220; content_max_width=&#8220;100%&#8220; use_icon_font_size=&#8220;on&#8220; icon_font_size=&#8220;40px&#8220; _builder_version=&#8220;4.9.4&#8243; header_level=&#8220;h5&#8243; header_font=&#8220;Oswald|||on|||||&#8220; header_text_color=&#8220;#e94558&#8243; header_line_height=&#8220;1.4em&#8220; body_font=&#8220;Merriweather|700|||||||&#8220; body_text_color=&#8220;#000000&#8243; body_font_size=&#8220;20px&#8220; body_line_height=&#8220;1.8em&#8220; custom_margin=&#8220;|||-51px|false|false&#8220; body_font_size_tablet=&#8220;18px&#8220; body_font_size_phone=&#8220;16px&#8220; body_font_size_last_edited=&#8220;on|phone&#8220; locked=&#8220;off&#8220;]<\/p>\n<p>1889<\/p>\n<p>[\/et_pb_blurb][et_pb_text _builder_version=&#8220;4.9.4&#8243; text_font=&#8220;|600|||||||&#8220; text_line_height=&#8220;1.8em&#8220; locked=&#8220;off&#8220;]<\/p>\n<p><span>Im \u00d6denburger Comitatkalender aus dem Jahr 1889 haben wir die \u00e4lteste Aufzeichung \u00fcber einen Hufschmied in Neustift an der Rosalia gefunden. Der Einfachheit halber nennen wir ihn Strodl Michael #1. Wir sind nach wie vor noch auf der Suche nach unseren Wurzeln. Wer wei\u00df, welche interessanten Entdeckungen wir bei unseren Recherchen noch finden werden?<\/span><\/p>\n<p>[\/et_pb_text][\/et_pb_column][et_pb_column type=&#8220;1_2&#8243; saved_specialty_column_type=&#8220;2_3&#8243; _builder_version=&#8220;4.9.4&#8243;][et_pb_image src=&#8220;https:\/\/schlosserei-strodl.at\/wp-content\/uploads\/2021\/10\/Unbenannt.jpg&#8220; title_text=&#8220;Unbenannt&#8220; _builder_version=&#8220;4.9.4&#8243; _module_preset=&#8220;default&#8220; width=&#8220;50%&#8220;][\/et_pb_image][\/et_pb_column][\/et_pb_row][et_pb_row column_structure=&#8220;1_2,1_4,1_4&#8243; admin_label=&#8220;Row&#8220; _builder_version=&#8220;4.9.4&#8243; custom_padding=&#8220;||121px|30px|false|false&#8220; border_color_all=&#8220;RGBA(0,0,0,0)&#8220; border_width_bottom=&#8220;0.1px&#8220; border_color_bottom=&#8220;rgba(233,69,88,0.23)&#8220; border_width_left=&#8220;2px&#8220; border_color_left=&#8220;#e94558&#8243; locked=&#8220;off&#8220; collapsed=&#8220;off&#8220;][et_pb_column type=&#8220;1_2&#8243; _builder_version=&#8220;4.0.6&#8243;][et_pb_blurb use_icon=&#8220;on&#8220; font_icon=&#8220;%%61%%&#8220; icon_color=&#8220;#e94558&#8243; icon_placement=&#8220;left&#8220; content_max_width=&#8220;100%&#8220; use_icon_font_size=&#8220;on&#8220; icon_font_size=&#8220;40px&#8220; _builder_version=&#8220;4.0.10&#8243; header_level=&#8220;h5&#8243; header_font=&#8220;Oswald|||on|||||&#8220; header_text_color=&#8220;#e94558&#8243; header_line_height=&#8220;1.4em&#8220; body_font=&#8220;Merriweather|700|||||||&#8220; body_text_color=&#8220;#000000&#8243; body_font_size=&#8220;20px&#8220; body_line_height=&#8220;1.8em&#8220; custom_margin=&#8220;|||-51px|false|false&#8220; body_font_size_tablet=&#8220;18px&#8220; body_font_size_phone=&#8220;16px&#8220; body_font_size_last_edited=&#8220;on|phone&#8220; locked=&#8220;off&#8220;]<\/p>\n<p>1920<\/p>\n<p>[\/et_pb_blurb][et_pb_text _builder_version=&#8220;4.0.10&#8243; text_font=&#8220;|600|||||||&#8220; text_line_height=&#8220;1.8em&#8220; locked=&#8220;off&#8220;]<\/p>\n<p><span>Unser Urgro\u00dfvater \u2013 Strodl Michael #2 \u2013 meldet das Gewerbe als Hufschmied an. Im Jahr 1935 erwirbt er eine zweite Konzession als Wagenschmied.<\/span><\/p>\n<p>[\/et_pb_text][\/et_pb_column][et_pb_column type=&#8220;1_4&#8243; _builder_version=&#8220;4.0.6&#8243;][et_pb_image src=&#8220;https:\/\/schlosserei-strodl.at\/wp-content\/uploads\/2021\/10\/zeugnis_urgrossvater.jpg&#8220; title_text=&#8220;zeugnis_urgro\u00dfvater&#8220; _builder_version=&#8220;4.9.4&#8243; _module_preset=&#8220;default&#8220;][\/et_pb_image][\/et_pb_column][et_pb_column type=&#8220;1_4&#8243; _builder_version=&#8220;4.0.6&#8243;][et_pb_image src=&#8220;https:\/\/schlosserei-strodl.at\/wp-content\/uploads\/2021\/10\/urgrossvater_michael_strodl.jpg&#8220; alt=&#8220;Schlosserei Strodl Michael&#8220; title_text=&#8220;urgro\u00dfvater_michael_strodl&#8220; show_bottom_space=&#8220;off&#8220; _builder_version=&#8220;4.9.4&#8243; _module_preset=&#8220;default&#8220; transform_scale=&#8220;120%|120%&#8220; transform_translate=&#8220;45px|59px&#8220; custom_margin=&#8220;|0px|1px||false|false&#8220; custom_margin_tablet=&#8220;&#8220; custom_margin_phone=&#8220;&#8220; custom_margin_last_edited=&#8220;on|desktop&#8220; custom_padding=&#8220;||0px||false|false&#8220; custom_margin__hover_enabled=&#8220;on|desktop&#8220;][\/et_pb_image][\/et_pb_column][\/et_pb_row][et_pb_row column_structure=&#8220;1_2,1_4,1_4&#8243; _builder_version=&#8220;4.9.4&#8243; custom_padding=&#8220;24px|||30px|false|false&#8220; border_color_all=&#8220;RGBA(0,0,0,0)&#8220; border_width_bottom=&#8220;0.1px&#8220; border_color_bottom=&#8220;rgba(233,69,88,0.23)&#8220; border_width_left=&#8220;2px&#8220; border_color_left=&#8220;#e94558&#8243; locked=&#8220;off&#8220; collapsed=&#8220;off&#8220;][et_pb_column type=&#8220;1_2&#8243; _builder_version=&#8220;4.0.6&#8243;][et_pb_blurb use_icon=&#8220;on&#8220; font_icon=&#8220;%%61%%&#8220; icon_color=&#8220;#e94558&#8243; icon_placement=&#8220;left&#8220; content_max_width=&#8220;100%&#8220; use_icon_font_size=&#8220;on&#8220; icon_font_size=&#8220;40px&#8220; _builder_version=&#8220;4.9.4&#8243; header_level=&#8220;h5&#8243; header_font=&#8220;Oswald|||on|||||&#8220; header_text_color=&#8220;#e94558&#8243; header_line_height=&#8220;1.4em&#8220; body_font=&#8220;Merriweather|700|||||||&#8220; body_text_color=&#8220;#000000&#8243; body_font_size=&#8220;20px&#8220; body_line_height=&#8220;1.8em&#8220; custom_margin=&#8220;|||-51px|false|false&#8220; body_font_size_tablet=&#8220;18px&#8220; body_font_size_phone=&#8220;16px&#8220; body_font_size_last_edited=&#8220;on|phone&#8220; border_width_top=&#8220;0px&#8220; border_color_top=&#8220;RGBA(0,0,0,0)&#8220; border_radii_tablet=&#8220;&#8220; border_radii_phone=&#8220;&#8220; border_radii_last_edited=&#8220;on|phone&#8220; locked=&#8220;off&#8220;]<\/p>\n<p>1965<\/p>\n<p>[\/et_pb_blurb][et_pb_text _builder_version=&#8220;4.0.10&#8243; text_font=&#8220;|600|||||||&#8220; text_line_height=&#8220;1.8em&#8220; locked=&#8220;off&#8220;]<\/p>\n<p><span>Gro\u00dfvater Michael Strodl #3 legt die Meisterpr\u00fcfung ab und f\u00fchrt das Unternehmen bis zur \u00dcbergabe an seinen Sohn.<\/span><\/p>\n<p>[\/et_pb_text][\/et_pb_column][et_pb_column type=&#8220;1_4&#8243; _builder_version=&#8220;4.0.6&#8243;][et_pb_image src=&#8220;https:\/\/schlosserei-strodl.at\/wp-content\/uploads\/2021\/10\/grossvater_michael_strodl.jpg&#8220; title_text=&#8220;gro\u00dfvater_michael_strodl&#8220; _builder_version=&#8220;4.9.4&#8243; _module_preset=&#8220;default&#8220;][\/et_pb_image][\/et_pb_column][et_pb_column type=&#8220;1_4&#8243; _builder_version=&#8220;4.0.6&#8243;][et_pb_image src=&#8220;https:\/\/schlosserei-strodl.at\/wp-content\/uploads\/2021\/10\/lehrzeugnis_grossvater.jpg&#8220; title_text=&#8220;lehrzeugnis_gro\u00dfvater&#8220; admin_label=&#8220;Image&#8220; _builder_version=&#8220;4.9.4&#8243; _module_preset=&#8220;default&#8220;][\/et_pb_image][\/et_pb_column][\/et_pb_row][et_pb_row column_structure=&#8220;1_2,1_2&#8243; _builder_version=&#8220;4.9.4&#8243; custom_padding=&#8220;|||30px|false|false&#8220; border_color_all=&#8220;RGBA(0,0,0,0)&#8220; border_width_bottom=&#8220;0.1px&#8220; border_color_bottom=&#8220;rgba(233,69,88,0.23)&#8220; border_width_left=&#8220;2px&#8220; border_color_left=&#8220;#e94558&#8243; locked=&#8220;off&#8220; collapsed=&#8220;off&#8220;][et_pb_column type=&#8220;1_2&#8243; _builder_version=&#8220;4.0.6&#8243;][et_pb_blurb use_icon=&#8220;on&#8220; font_icon=&#8220;%%61%%&#8220; icon_color=&#8220;#e94558&#8243; icon_placement=&#8220;left&#8220; content_max_width=&#8220;100%&#8220; use_icon_font_size=&#8220;on&#8220; icon_font_size=&#8220;40px&#8220; _builder_version=&#8220;4.0.10&#8243; header_level=&#8220;h5&#8243; header_font=&#8220;Oswald|||on|||||&#8220; header_text_color=&#8220;#e94558&#8243; header_line_height=&#8220;1.4em&#8220; body_font=&#8220;Merriweather|700|||||||&#8220; body_text_color=&#8220;#000000&#8243; body_font_size=&#8220;20px&#8220; body_line_height=&#8220;1.8em&#8220; custom_margin=&#8220;|||-51px|false|false&#8220; body_font_size_tablet=&#8220;18px&#8220; body_font_size_phone=&#8220;16px&#8220; body_font_size_last_edited=&#8220;on|phone&#8220; locked=&#8220;off&#8220;]<\/p>\n<p>1980<\/p>\n<p>[\/et_pb_blurb][et_pb_text _builder_version=&#8220;4.0.10&#8243; text_font=&#8220;|600|||||||&#8220; text_line_height=&#8220;1.8em&#8220; locked=&#8220;off&#8220;]<\/p>\n<p><span>Michael Strodl #4 \u00fcbernimmt die Leitung der Firma. Unter seiner Leitung wird der Betrieb st\u00e4ndig erweitert und modernisiert.<\/span><\/p>\n<p>[\/et_pb_text][\/et_pb_column][et_pb_column type=&#8220;1_2&#8243; _builder_version=&#8220;4.0.6&#8243;][et_pb_image src=&#8220;https:\/\/schlosserei-strodl.at\/wp-content\/uploads\/2021\/10\/michael_strodl_senior.jpg&#8220; title_text=&#8220;michael_strodl_senior&#8220; _builder_version=&#8220;4.9.4&#8243; _module_preset=&#8220;default&#8220;][\/et_pb_image][\/et_pb_column][\/et_pb_row][et_pb_row column_structure=&#8220;1_2,1_4,1_4&#8243; admin_label=&#8220;Row&#8220; _builder_version=&#8220;4.9.4&#8243; custom_padding=&#8220;|||30px|false|false&#8220; border_color_all=&#8220;RGBA(0,0,0,0)&#8220; border_color_bottom=&#8220;rgba(233,69,88,0.23)&#8220; border_width_left=&#8220;2px&#8220; border_color_left=&#8220;#e94558&#8243; locked=&#8220;off&#8220; collapsed=&#8220;off&#8220;][et_pb_column type=&#8220;1_2&#8243; _builder_version=&#8220;4.0.6&#8243;][et_pb_blurb use_icon=&#8220;on&#8220; font_icon=&#8220;%%61%%&#8220; icon_color=&#8220;#e94558&#8243; icon_placement=&#8220;left&#8220; content_max_width=&#8220;100%&#8220; use_icon_font_size=&#8220;on&#8220; icon_font_size=&#8220;40px&#8220; _builder_version=&#8220;4.0.10&#8243; header_level=&#8220;h5&#8243; header_font=&#8220;Oswald|||on|||||&#8220; header_text_color=&#8220;#e94558&#8243; header_line_height=&#8220;1.4em&#8220; body_font=&#8220;Merriweather|700|||||||&#8220; body_text_color=&#8220;#000000&#8243; body_font_size=&#8220;20px&#8220; body_line_height=&#8220;1.8em&#8220; custom_margin=&#8220;|||-51px|false|false&#8220; body_font_size_tablet=&#8220;18px&#8220; body_font_size_phone=&#8220;16px&#8220; body_font_size_last_edited=&#8220;on|phone&#8220; locked=&#8220;off&#8220;]<\/p>\n<p>2013<\/p>\n<p>[\/et_pb_blurb][et_pb_text _builder_version=&#8220;4.0.10&#8243; text_font=&#8220;|600|||||||&#8220; text_line_height=&#8220;1.8em&#8220; locked=&#8220;off&#8220;]<\/p>\n<p><span>Michael Strodl #5 arbeitet schon seit l\u00e4ngerem im elterlichen Betrieb. Er absolviert die Ausbildung zum IWS (Internationaler Schwei\u00df Spezialist) und \u00fcbernimmt die F\u00fchrung des Betriebs.<\/span><\/p>\n<p>[\/et_pb_text][\/et_pb_column][et_pb_column type=&#8220;1_4&#8243; _builder_version=&#8220;4.0.6&#8243;][et_pb_image src=&#8220;https:\/\/schlosserei-strodl.at\/wp-content\/uploads\/2025\/05\/Meister-Pruefungszeugnis-e1746537880821.jpeg&#8220; _builder_version=&#8220;4.9.4&#8243; _module_preset=&#8220;default&#8220; title_text=&#8220;Meister-Pr\u00fcfungszeugnis&#8220; hover_enabled=&#8220;0&#8243; sticky_enabled=&#8220;0&#8243;][\/et_pb_image][\/et_pb_column][et_pb_column type=&#8220;1_4&#8243; _builder_version=&#8220;4.0.6&#8243;][et_pb_image src=&#8220;https:\/\/schlosserei-strodl.at\/wp-content\/uploads\/2025\/05\/iws-scaled-e1746538147464.jpg&#8220; _builder_version=&#8220;4.9.4&#8243; _module_preset=&#8220;default&#8220; title_text=&#8220;iws&#8220; hover_enabled=&#8220;0&#8243; sticky_enabled=&#8220;0&#8243;][\/et_pb_image][\/et_pb_column][\/et_pb_row][\/et_pb_section]<\/p>\n","protected":false},"excerpt":{"rendered":"<p>[et_pb_section fb_built=&#8220;1&#8243; fullwidth=&#8220;on&#8220; _builder_version=&#8220;4.9.4&#8243; _module_preset=&#8220;default&#8220; background_color=&#8220;RGBA(0,0,0,0)&#8220; background_image=&#8220;https:\/\/schlosserei-strodl.at\/wp-content\/uploads\/2021\/10\/hammer-gdc23b4f2c_1920.jpg&#8220; width=&#8220;100%&#8220; top_divider_color_tablet=&#8220;&#8220; top_divider_color_phone=&#8220;&#8220; top_divider_color_last_edited=&#8220;on|phone&#8220;][et_pb_fullwidth_slider show_arrows=&#8220;off&#8220; show_pagination=&#8220;off&#8220; use_bg_overlay=&#8220;off&#8220; use_text_overlay=&#8220;on&#8220; text_overlay_color=&#8220;RGBA(0,0,0,0)&#8220; text_border_radius=&#8220;28px&#8220; disabled_on=&#8220;off|off|off&#8220; _builder_version=&#8220;4.9.4&#8243; _module_preset=&#8220;default&#8220; header_font_size=&#8220;39px&#8220; body_font_size=&#8220;24px&#8220; background_color=&#8220;rgba(0,0,0,0)&#8220; background_image=&#8220;https:\/\/schlosserei-strodl.at\/wp-content\/uploads\/2021\/10\/hammer-gdc23b4f2c_1920.jpg&#8220; background_blend=&#8220;soft-light&#8220; z_index=&#8220;0&#8243; filter_contrast=&#8220;97%&#8220; locked=&#8220;off&#8220;][et_pb_slide heading=&#8220;Ein Familienunternehmen mit Tradition und Geschichte&#8220; heading_last_edited=&#8220;off|phone&#8220; _builder_version=&#8220;4.9.4&#8243; _module_preset=&#8220;default&#8220; header_level=&#8220;h2&#8243; header_font=&#8220;Cinzel||||||||&#8220; header_text_align=&#8220;center&#8220; header_font_size=&#8220;50px&#8220; header_line_height=&#8220;1.4em&#8220; body_font=&#8220;Cinzel||||||||&#8220; background_color=&#8220;rgba(0,0,0,0.35)&#8220; background_enable_color=&#8220;on&#8220; text_orientation=&#8220;center&#8220; max_width=&#8220;100%&#8220; custom_padding=&#8220;||||false|false&#8220; custom_padding_tablet=&#8220;&#8220; custom_padding_phone=&#8220;||25px||false|false&#8220; custom_padding_last_edited=&#8220;on|phone&#8220; header_font_size_tablet=&#8220;&#8220; header_font_size_phone=&#8220;15px&#8220; header_font_size_last_edited=&#8220;on|phone&#8220; background_color_phone=&#8220;rgba(10,10,10,0.38)&#8220; [&hellip;]<\/p>\n","protected":false},"author":2,"featured_media":0,"parent":0,"menu_order":0,"comment_status":"closed","ping_status":"closed","template":"","meta":{"_et_pb_use_builder":"on","_et_pb_old_content":"","_et_gb_content_width":"","footnotes":""},"class_list":["post-410","page","type-page","status-publish","hentry"],"_links":{"self":[{"href":"https:\/\/schlosserei-strodl.at\/index.php?rest_route=\/wp\/v2\/pages\/410","targetHints":{"allow":["GET"]}}],"collection":[{"href":"https:\/\/schlosserei-strodl.at\/index.php?rest_route=\/wp\/v2\/pages"}],"about":[{"href":"https:\/\/schlosserei-strodl.at\/index.php?rest_route=\/wp\/v2\/types\/page"}],"author":[{"embeddable":true,"href":"https:\/\/schlosserei-strodl.at\/index.php?rest_route=\/wp\/v2\/users\/2"}],"replies":[{"embeddable":true,"href":"https:\/\/schlosserei-strodl.at\/index.php?rest_route=%2Fwp%2Fv2%2Fcomments&post=410"}],"version-history":[{"count":42,"href":"https:\/\/schlosserei-strodl.at\/index.php?rest_route=\/wp\/v2\/pages\/410\/revisions"}],"predecessor-version":[{"id":1579,"href":"https:\/\/schlosserei-strodl.at\/index.php?rest_route=\/wp\/v2\/pages\/410\/revisions\/1579"}],"wp:attachment":[{"href":"https:\/\/schlosserei-strodl.at\/index.php?rest_route=%2Fwp%2Fv2%2Fmedia&parent=410"}],"curies":[{"name":"wp","href":"https:\/\/api.w.org\/{rel}","templated":true}]}}