{"id":366,"date":"2021-07-13T12:43:08","date_gmt":"2021-07-13T10:43:08","guid":{"rendered":"https:\/\/www.schlosserei-strodl.at\/?page_id=366"},"modified":"2021-10-14T10:33:50","modified_gmt":"2021-10-14T08:33:50","slug":"366-2","status":"publish","type":"page","link":"https:\/\/schlosserei-strodl.at\/?page_id=366","title":{"rendered":"Produktion"},"content":{"rendered":"<p>[et_pb_section fb_built=&#8220;1&#8243; _builder_version=&#8220;4.9.4&#8243; _module_preset=&#8220;default&#8220; hover_enabled=&#8220;0&#8243; background_color=&#8220;#e5e5e5&#8243; sticky_enabled=&#8220;0&#8243;][et_pb_row _builder_version=&#8220;4.9.4&#8243; _module_preset=&#8220;default&#8220;][et_pb_column type=&#8220;4_4&#8243; _builder_version=&#8220;4.9.4&#8243; _module_preset=&#8220;default&#8220;][et_pb_text _builder_version=&#8220;4.9.4&#8243; _module_preset=&#8220;default&#8220;]<\/p>\n<h1 style=\"text-align: center;\">Produktion<\/h1>\n<p>[\/et_pb_text][\/et_pb_column][\/et_pb_row][et_pb_row _builder_version=&#8220;4.9.4&#8243; _module_preset=&#8220;default&#8220;][et_pb_column type=&#8220;4_4&#8243; _builder_version=&#8220;4.9.4&#8243; _module_preset=&#8220;default&#8220;][et_pb_text _builder_version=&#8220;4.9.4&#8243; _module_preset=&#8220;default&#8220;]<\/p>\n<p>Die Produktion unserer Waren beginnt mit der Materialbeschaffung. Da wir nach \u00d6NORM 1090 fertigen, ben\u00f6tigen wir f\u00fcr unser Material Werkszeugnisse, dadurch wird auch die Herkunft und Zusammensetzung nachvollziehbar. Wenn m\u00f6glich, kaufen wir bei H\u00e4ndlern aus der Region.<\/p>\n<p>Wir haben getrennte Werkst\u00e4tten f\u00fcr Stahl und f\u00fcr Edelstahl und Aluminium. Obwohl wir ein Kleinbetrieb sind, ist unsere Ausstattung sehr vielseitig. Wir arbeiten teilweise noch mit Werkzeugen, die schon seit mehreren Generationen in Verwendung sind. Auf der anderen Seiten erneuern und erweitern wir laufend unsere Maschinen, um auf dem neuesten Stand zu bleiben.\u00a0<\/p>\n<p>Unsere Mitarbeiter nehmen regelm\u00e4\u00dfig an Schulungen und Weiterbildungen teil. Auch m\u00fcssen laut \u00d6NORM 1090 alle 2 Jahre diverse Schwei\u00dfpr\u00fcfungen abgelegt werden.\u00a0<\/p>\n<p>Bei uns ist alles Chefsache &#8211; von der Planung bis zur Montage. Jedes Produkt ist ein Einzelst\u00fcck und wird nach Ma\u00df gefertigt. Dadurch haben alle unsere Werkst\u00fccke ihren eigenen Charakter.\u00a0<\/p>\n<p>[\/et_pb_text][\/et_pb_column][\/et_pb_row][et_pb_row column_structure=&#8220;1_3,1_3,1_3&#8243; _builder_version=&#8220;4.9.4&#8243; _module_preset=&#8220;default&#8220;][et_pb_column type=&#8220;1_3&#8243; _builder_version=&#8220;4.9.4&#8243; _module_preset=&#8220;default&#8220;][et_pb_image src=&#8220;https:\/\/schlosserei-strodl.at\/wp-content\/uploads\/2021\/10\/bulgarian-4384342_1920-1-e1633951212374.jpg&#8220; title_text=&#8220;bulgarian-4384342_1920&#8243; _builder_version=&#8220;4.9.4&#8243; _module_preset=&#8220;default&#8220;][\/et_pb_image][\/et_pb_column][et_pb_column type=&#8220;1_3&#8243; _builder_version=&#8220;4.9.4&#8243; _module_preset=&#8220;default&#8220;][et_pb_image src=&#8220;https:\/\/schlosserei-strodl.at\/wp-content\/uploads\/2021\/10\/schweissen.jpg&#8220; title_text=&#8220;schweissen&#8220; _builder_version=&#8220;4.9.4&#8243; _module_preset=&#8220;default&#8220;][\/et_pb_image][\/et_pb_column][et_pb_column type=&#8220;1_3&#8243; _builder_version=&#8220;4.9.4&#8243; _module_preset=&#8220;default&#8220;][et_pb_image src=&#8220;https:\/\/schlosserei-strodl.at\/wp-content\/uploads\/2021\/10\/hammers-4348429_1920.jpg&#8220; title_text=&#8220;hammers-4348429_1920&#8243; _builder_version=&#8220;4.9.4&#8243; _module_preset=&#8220;default&#8220;][\/et_pb_image][\/et_pb_column][\/et_pb_row][\/et_pb_section]<\/p>\n","protected":false},"excerpt":{"rendered":"<p>[et_pb_section fb_built=&#8220;1&#8243; _builder_version=&#8220;4.9.4&#8243; _module_preset=&#8220;default&#8220; hover_enabled=&#8220;0&#8243; background_color=&#8220;#e5e5e5&#8243; sticky_enabled=&#8220;0&#8243;][et_pb_row _builder_version=&#8220;4.9.4&#8243; _module_preset=&#8220;default&#8220;][et_pb_column type=&#8220;4_4&#8243; _builder_version=&#8220;4.9.4&#8243; _module_preset=&#8220;default&#8220;][et_pb_text _builder_version=&#8220;4.9.4&#8243; _module_preset=&#8220;default&#8220;] Produktion [\/et_pb_text][\/et_pb_column][\/et_pb_row][et_pb_row _builder_version=&#8220;4.9.4&#8243; _module_preset=&#8220;default&#8220;][et_pb_column type=&#8220;4_4&#8243; _builder_version=&#8220;4.9.4&#8243; _module_preset=&#8220;default&#8220;][et_pb_text _builder_version=&#8220;4.9.4&#8243; _module_preset=&#8220;default&#8220;] Die Produktion unserer Waren beginnt mit der Materialbeschaffung. Da wir nach \u00d6NORM 1090 fertigen, ben\u00f6tigen wir f\u00fcr unser Material Werkszeugnisse, dadurch wird auch die Herkunft und Zusammensetzung nachvollziehbar. Wenn m\u00f6glich, kaufen wir [&hellip;]<\/p>\n","protected":false},"author":1,"featured_media":0,"parent":36,"menu_order":0,"comment_status":"closed","ping_status":"closed","template":"","meta":{"_et_pb_use_builder":"on","_et_pb_old_content":"","_et_gb_content_width":"","footnotes":""},"class_list":["post-366","page","type-page","status-publish","hentry"],"_links":{"self":[{"href":"https:\/\/schlosserei-strodl.at\/index.php?rest_route=\/wp\/v2\/pages\/366","targetHints":{"allow":["GET"]}}],"collection":[{"href":"https:\/\/schlosserei-strodl.at\/index.php?rest_route=\/wp\/v2\/pages"}],"about":[{"href":"https:\/\/schlosserei-strodl.at\/index.php?rest_route=\/wp\/v2\/types\/page"}],"author":[{"embeddable":true,"href":"https:\/\/schlosserei-strodl.at\/index.php?rest_route=\/wp\/v2\/users\/1"}],"replies":[{"embeddable":true,"href":"https:\/\/schlosserei-strodl.at\/index.php?rest_route=%2Fwp%2Fv2%2Fcomments&post=366"}],"version-history":[{"count":10,"href":"https:\/\/schlosserei-strodl.at\/index.php?rest_route=\/wp\/v2\/pages\/366\/revisions"}],"predecessor-version":[{"id":1090,"href":"https:\/\/schlosserei-strodl.at\/index.php?rest_route=\/wp\/v2\/pages\/366\/revisions\/1090"}],"up":[{"embeddable":true,"href":"https:\/\/schlosserei-strodl.at\/index.php?rest_route=\/wp\/v2\/pages\/36"}],"wp:attachment":[{"href":"https:\/\/schlosserei-strodl.at\/index.php?rest_route=%2Fwp%2Fv2%2Fmedia&parent=366"}],"curies":[{"name":"wp","href":"https:\/\/api.w.org\/{rel}","templated":true}]}}