{"id":36,"date":"2021-06-10T16:16:04","date_gmt":"2021-06-10T14:16:04","guid":{"rendered":"https:\/\/www.schlosserei-strodl.at\/?page_id=36"},"modified":"2021-10-14T10:30:20","modified_gmt":"2021-10-14T08:30:20","slug":"leistungen","status":"publish","type":"page","link":"https:\/\/schlosserei-strodl.at\/?page_id=36","title":{"rendered":"Leistungen"},"content":{"rendered":"<p>[et_pb_section fb_built=&#8220;1&#8243; _builder_version=&#8220;4.9.4&#8243; _module_preset=&#8220;default&#8220; hover_enabled=&#8220;0&#8243; background_color=&#8220;#e5e5e5&#8243; sticky_enabled=&#8220;0&#8243;][et_pb_row _builder_version=&#8220;4.9.4&#8243; _module_preset=&#8220;default&#8220;][et_pb_column type=&#8220;4_4&#8243; _builder_version=&#8220;4.9.4&#8243; _module_preset=&#8220;default&#8220;][et_pb_text _builder_version=&#8220;4.9.4&#8243; _module_preset=&#8220;default&#8220;]<\/p>\n<h2 style=\"text-align: left;\">Was uns am Herzen liegt &#8230;<\/h2>\n<p>[\/et_pb_text][\/et_pb_column][\/et_pb_row][et_pb_row column_structure=&#8220;1_2,1_2&#8243; _builder_version=&#8220;4.9.4&#8243; _module_preset=&#8220;default&#8220; border_width_bottom=&#8220;1px&#8220;][et_pb_column type=&#8220;1_2&#8243; _builder_version=&#8220;4.9.4&#8243; _module_preset=&#8220;default&#8220;][et_pb_image src=&#8220;https:\/\/schlosserei-strodl.at\/wp-content\/uploads\/2021\/10\/schmiede_1.jpg&#8220; alt=&#8220;Schlosserei Strodl Schmiede&#8220; title_text=&#8220;schmiede_1&#8243; _builder_version=&#8220;4.9.4&#8243; _module_preset=&#8220;default&#8220; hover_enabled=&#8220;0&#8243; border_width_all=&#8220;1px&#8220; sticky_enabled=&#8220;0&#8243;][\/et_pb_image][\/et_pb_column][et_pb_column type=&#8220;1_2&#8243; _builder_version=&#8220;4.9.4&#8243; _module_preset=&#8220;default&#8220;][et_pb_text _builder_version=&#8220;4.9.4&#8243; _module_preset=&#8220;default&#8220;]<\/p>\n<p>&nbsp;<\/p>\n<p>&nbsp;<\/p>\n<p>Jeder Kunde m\u00f6chte seinen eigenen Traum verwirklichen. Wir stehen ihm dabei mit Rat und Tat zur Seite. Gemeinsam k\u00f6nnen wir Gro\u00dfes schaffen.<\/p>\n<p>Bei unserer Arbeit ist es uns wichtig, auf die individuellen Vorstellungen unserer Kunden einzugehen.\u00a0<\/p>\n<p>Wir erzeugen hochqualitative und stilvolle Produkte. Dabei vereinen wir traditionelles Handwerk mit moderner Technik.<\/p>\n<p>Entscheidend ist, etwas Einzigartiges zu schaffen. Denn nur was Charakter hat, \u00fcberdauert den Augenblick!<\/p>\n<p>&nbsp;<\/p>\n<p>[\/et_pb_text][\/et_pb_column][\/et_pb_row][et_pb_row _builder_version=&#8220;4.9.4&#8243; _module_preset=&#8220;default&#8220;][et_pb_column type=&#8220;4_4&#8243; _builder_version=&#8220;4.9.4&#8243; _module_preset=&#8220;default&#8220;][et_pb_text _builder_version=&#8220;4.9.4&#8243; _module_preset=&#8220;default&#8220;]<\/p>\n<h3><\/h3>\n<h3><\/h3>\n<h3><\/h3>\n<h3><\/h3>\n<h3><\/h3>\n<h2>Wir sind f\u00fcr Sie da &#8230;<\/h2>\n<p>[\/et_pb_text][\/et_pb_column][\/et_pb_row][et_pb_row column_structure=&#8220;1_2,1_2&#8243; _builder_version=&#8220;4.9.4&#8243; _module_preset=&#8220;default&#8220;][et_pb_column type=&#8220;1_2&#8243; _builder_version=&#8220;4.9.4&#8243; _module_preset=&#8220;default&#8220;][et_pb_image src=&#8220;https:\/\/schlosserei-strodl.at\/wp-content\/uploads\/2021\/10\/anvil-1169340_1920.jpg&#8220; title_text=&#8220;anvil-1169340_1920&#8243; url=&#8220;@ET-DC@eyJkeW5hbWljIjp0cnVlLCJjb250ZW50IjoicG9zdF9saW5rX3VybF9wYWdlIiwic2V0dGluZ3MiOnsicG9zdF9pZCI6IjM1MiJ9fQ==@&#8220; _builder_version=&#8220;4.9.4&#8243; _dynamic_attributes=&#8220;url&#8220; _module_preset=&#8220;default&#8220; hover_enabled=&#8220;0&#8243; border_width_all=&#8220;1px&#8220; sticky_enabled=&#8220;0&#8243;][\/et_pb_image][\/et_pb_column][et_pb_column type=&#8220;1_2&#8243; _builder_version=&#8220;4.9.4&#8243; _module_preset=&#8220;default&#8220;][et_pb_text _builder_version=&#8220;4.9.4&#8243; _module_preset=&#8220;default&#8220;]<\/p>\n<h3><\/h3>\n<h3><\/h3>\n<h3><\/h3>\n<h3><\/h3>\n<h3><\/h3>\n<h3><\/h3>\n<h3>Beratung vor Ort<\/h3>\n<p>&nbsp;<\/p>\n<p>Sie sind dabei, Ihr Traumhaus zu bauen oder Ihr Haus zu renovieren? Bei der gro\u00dfen Auswahl an Materialien und M\u00f6glichkeiten ist es nicht immer einfach, das Passende zu finden. Wir kommen zu Ihnen und zeigen Altbew\u00e4hrtes sowie die neuesten Produkte auf dem Markt. Gemeinsam finden wir die optimale L\u00f6sung f\u00fcr Ihr Projekt.<\/p>\n<p>[\/et_pb_text][et_pb_button button_url=&#8220;@ET-DC@eyJkeW5hbWljIjp0cnVlLCJjb250ZW50IjoicG9zdF9saW5rX3VybF9wYWdlIiwic2V0dGluZ3MiOnsicG9zdF9pZCI6IjM1MiJ9fQ==@&#8220; button_text=&#8220;Mehr dazu&#8220; _builder_version=&#8220;4.9.4&#8243; _dynamic_attributes=&#8220;button_url&#8220; _module_preset=&#8220;default&#8220; custom_button=&#8220;on&#8220; button_text_color=&#8220;#FFFFFF&#8220; button_bg_color=&#8220;#333333&#8243; button_border_radius=&#8220;8px&#8220; background_layout=&#8220;dark&#8220;][\/et_pb_button][\/et_pb_column][\/et_pb_row][et_pb_row column_structure=&#8220;1_2,1_2&#8243; _builder_version=&#8220;4.9.4&#8243; _module_preset=&#8220;default&#8220;][et_pb_column type=&#8220;1_2&#8243; _builder_version=&#8220;4.9.4&#8243; _module_preset=&#8220;default&#8220;][et_pb_image src=&#8220;https:\/\/schlosserei-strodl.at\/wp-content\/uploads\/2021\/07\/plan_terrasse-scaled.jpg&#8220; alt=&#8220;Schlosserei Strodl 3D Planung&#8220; title_text=&#8220;Schlosserei Strodl 3D Planung&#8220; url=&#8220;@ET-DC@eyJkeW5hbWljIjp0cnVlLCJjb250ZW50IjoicG9zdF9saW5rX3VybF9wYWdlIiwic2V0dGluZ3MiOnsicG9zdF9pZCI6IjM1OSJ9fQ==@&#8220; _builder_version=&#8220;4.9.4&#8243; _dynamic_attributes=&#8220;url&#8220; _module_preset=&#8220;default&#8220;][\/et_pb_image][\/et_pb_column][et_pb_column type=&#8220;1_2&#8243; _builder_version=&#8220;4.9.4&#8243; _module_preset=&#8220;default&#8220;][et_pb_text _builder_version=&#8220;4.9.4&#8243; _module_preset=&#8220;default&#8220;]<\/p>\n<h3><\/h3>\n<h3><\/h3>\n<h3><\/h3>\n<h3><\/h3>\n<h3><\/h3>\n<h3><\/h3>\n<h3><\/h3>\n<h3><\/h3>\n<h3><\/h3>\n<h3>3-D Planung<\/h3>\n<p>&nbsp;<\/p>\n<p>Es ist nicht immer einfach, sich etwas vorzustellen, wo noch nichts ist. Mit Hilfe unseres 3-D Zeichenprogramms k\u00f6nnen wir dreidimensionale Pl\u00e4ne erstellen. So f\u00e4llt es leichter, sich f\u00fcr eine Variante zu entscheiden. Auch k\u00f6nnen Problemstellen schon vorzeitig erkannt und vermieden werden.<\/p>\n<p>[\/et_pb_text][et_pb_button button_url=&#8220;@ET-DC@eyJkeW5hbWljIjp0cnVlLCJjb250ZW50IjoicG9zdF9saW5rX3VybF9wYWdlIiwic2V0dGluZ3MiOnsicG9zdF9pZCI6IjM1OSJ9fQ==@&#8220; button_text=&#8220;Mehr dazu&#8220; _builder_version=&#8220;4.9.4&#8243; _dynamic_attributes=&#8220;button_url&#8220; _module_preset=&#8220;default&#8220; custom_button=&#8220;on&#8220; button_text_color=&#8220;#FFFFFF&#8220; button_bg_color=&#8220;#333333&#8243; button_border_radius=&#8220;8px&#8220; background_layout=&#8220;dark&#8220; locked=&#8220;off&#8220;][\/et_pb_button][\/et_pb_column][\/et_pb_row][et_pb_row column_structure=&#8220;1_2,1_2&#8243; _builder_version=&#8220;4.9.4&#8243; _module_preset=&#8220;default&#8220;][et_pb_column type=&#8220;1_2&#8243; _builder_version=&#8220;4.9.4&#8243; _module_preset=&#8220;default&#8220;][et_pb_image src=&#8220;https:\/\/schlosserei-strodl.at\/wp-content\/uploads\/2021\/10\/bulgarian-4384342_1920.jpg&#8220; title_text=&#8220;bulgarian-4384342_1920&#8243; url=&#8220;@ET-DC@eyJkeW5hbWljIjp0cnVlLCJjb250ZW50IjoicG9zdF9saW5rX3VybF9wYWdlIiwic2V0dGluZ3MiOnsicG9zdF9pZCI6IjM2NiJ9fQ==@&#8220; _builder_version=&#8220;4.9.4&#8243; _dynamic_attributes=&#8220;url&#8220; _module_preset=&#8220;default&#8220; hover_enabled=&#8220;0&#8243; border_width_all=&#8220;1px&#8220; sticky_enabled=&#8220;0&#8243;][\/et_pb_image][\/et_pb_column][et_pb_column type=&#8220;1_2&#8243; _builder_version=&#8220;4.9.4&#8243; _module_preset=&#8220;default&#8220;][et_pb_text _builder_version=&#8220;4.9.4&#8243; _module_preset=&#8220;default&#8220;]<\/p>\n<h3><\/h3>\n<h3><\/h3>\n<h3><\/h3>\n<h3><\/h3>\n<h3><\/h3>\n<h3><\/h3>\n<h3>Produktion<\/h3>\n<p>&nbsp;<\/p>\n<p>Wir fertigen nur Einzelst\u00fccke nach Ma\u00df. In unserer Werkst\u00e4tte arbeiten wir einerseits mit Werkzeugen, welche schon seit Generationen verwendet werden. Andererseits werden unsere Maschinen laufend erneuert, um auf dem neuesten Stand der Technik zu bleiben.\u00a0<\/p>\n<p>[\/et_pb_text][et_pb_button button_url=&#8220;@ET-DC@eyJkeW5hbWljIjp0cnVlLCJjb250ZW50IjoicG9zdF9saW5rX3VybF9wYWdlIiwic2V0dGluZ3MiOnsicG9zdF9pZCI6IjM2NiJ9fQ==@&#8220; button_text=&#8220;Mehr dazu&#8220; _builder_version=&#8220;4.9.4&#8243; _dynamic_attributes=&#8220;button_url&#8220; _module_preset=&#8220;default&#8220; custom_button=&#8220;on&#8220; button_text_color=&#8220;#FFFFFF&#8220; button_bg_color=&#8220;#333333&#8243; button_border_radius=&#8220;8px&#8220; background_layout=&#8220;dark&#8220; locked=&#8220;off&#8220;][\/et_pb_button][\/et_pb_column][\/et_pb_row][et_pb_row column_structure=&#8220;1_2,1_2&#8243; _builder_version=&#8220;4.9.4&#8243; _module_preset=&#8220;default&#8220;][et_pb_column type=&#8220;1_2&#8243; _builder_version=&#8220;4.9.4&#8243; _module_preset=&#8220;default&#8220;][et_pb_image src=&#8220;https:\/\/schlosserei-strodl.at\/wp-content\/uploads\/2021\/10\/workshop-2608390_1920.jpg&#8220; title_text=&#8220;workshop-2608390_1920&#8243; url=&#8220;@ET-DC@eyJkeW5hbWljIjp0cnVlLCJjb250ZW50IjoicG9zdF9saW5rX3VybF9wYWdlIiwic2V0dGluZ3MiOnsicG9zdF9pZCI6IjM3NCJ9fQ==@&#8220; _builder_version=&#8220;4.9.4&#8243; _dynamic_attributes=&#8220;url&#8220; _module_preset=&#8220;default&#8220; hover_enabled=&#8220;0&#8243; border_width_all=&#8220;1px&#8220; sticky_enabled=&#8220;0&#8243;][\/et_pb_image][\/et_pb_column][et_pb_column type=&#8220;1_2&#8243; _builder_version=&#8220;4.9.4&#8243; _module_preset=&#8220;default&#8220;][et_pb_text _builder_version=&#8220;4.9.4&#8243; _module_preset=&#8220;default&#8220;]<\/p>\n<h3><\/h3>\n<h3><\/h3>\n<h3><\/h3>\n<h3><\/h3>\n<h3><\/h3>\n<h3>Montage<\/h3>\n<p>&nbsp;<\/p>\n<p>Wir montieren alle unsere Produkte fachgerecht. Nat\u00fcrlich werden die Montagearbeiten mit anderen Gewerken wie Spengler, Elektriker oder Baumeister koordiniert.\u00a0<\/p>\n<p>[\/et_pb_text][et_pb_button button_url=&#8220;@ET-DC@eyJkeW5hbWljIjp0cnVlLCJjb250ZW50IjoicG9zdF9saW5rX3VybF9wYWdlIiwic2V0dGluZ3MiOnsicG9zdF9pZCI6IjM3NCJ9fQ==@&#8220; button_text=&#8220;Mehr dazu&#8220; _builder_version=&#8220;4.9.4&#8243; _dynamic_attributes=&#8220;button_url&#8220; _module_preset=&#8220;default&#8220; custom_button=&#8220;on&#8220; button_text_color=&#8220;#FFFFFF&#8220; button_bg_color=&#8220;#333333&#8243; button_border_radius=&#8220;8px&#8220; background_layout=&#8220;dark&#8220; locked=&#8220;off&#8220;][\/et_pb_button][\/et_pb_column][\/et_pb_row][\/et_pb_section]<\/p>\n","protected":false},"excerpt":{"rendered":"<p>[et_pb_section fb_built=&#8220;1&#8243; _builder_version=&#8220;4.9.4&#8243; _module_preset=&#8220;default&#8220; hover_enabled=&#8220;0&#8243; background_color=&#8220;#e5e5e5&#8243; sticky_enabled=&#8220;0&#8243;][et_pb_row _builder_version=&#8220;4.9.4&#8243; _module_preset=&#8220;default&#8220;][et_pb_column type=&#8220;4_4&#8243; _builder_version=&#8220;4.9.4&#8243; _module_preset=&#8220;default&#8220;][et_pb_text _builder_version=&#8220;4.9.4&#8243; _module_preset=&#8220;default&#8220;] Was uns am Herzen liegt &#8230; [\/et_pb_text][\/et_pb_column][\/et_pb_row][et_pb_row column_structure=&#8220;1_2,1_2&#8243; _builder_version=&#8220;4.9.4&#8243; _module_preset=&#8220;default&#8220; border_width_bottom=&#8220;1px&#8220;][et_pb_column type=&#8220;1_2&#8243; _builder_version=&#8220;4.9.4&#8243; _module_preset=&#8220;default&#8220;][et_pb_image src=&#8220;https:\/\/schlosserei-strodl.at\/wp-content\/uploads\/2021\/10\/schmiede_1.jpg&#8220; alt=&#8220;Schlosserei Strodl Schmiede&#8220; title_text=&#8220;schmiede_1&#8243; _builder_version=&#8220;4.9.4&#8243; _module_preset=&#8220;default&#8220; hover_enabled=&#8220;0&#8243; border_width_all=&#8220;1px&#8220; sticky_enabled=&#8220;0&#8243;][\/et_pb_image][\/et_pb_column][et_pb_column type=&#8220;1_2&#8243; _builder_version=&#8220;4.9.4&#8243; _module_preset=&#8220;default&#8220;][et_pb_text _builder_version=&#8220;4.9.4&#8243; _module_preset=&#8220;default&#8220;] &nbsp; &nbsp; Jeder Kunde m\u00f6chte seinen eigenen Traum verwirklichen. Wir stehen ihm [&hellip;]<\/p>\n","protected":false},"author":1,"featured_media":0,"parent":0,"menu_order":0,"comment_status":"closed","ping_status":"closed","template":"","meta":{"_et_pb_use_builder":"on","_et_pb_old_content":"","_et_gb_content_width":"","footnotes":""},"class_list":["post-36","page","type-page","status-publish","hentry"],"_links":{"self":[{"href":"https:\/\/schlosserei-strodl.at\/index.php?rest_route=\/wp\/v2\/pages\/36","targetHints":{"allow":["GET"]}}],"collection":[{"href":"https:\/\/schlosserei-strodl.at\/index.php?rest_route=\/wp\/v2\/pages"}],"about":[{"href":"https:\/\/schlosserei-strodl.at\/index.php?rest_route=\/wp\/v2\/types\/page"}],"author":[{"embeddable":true,"href":"https:\/\/schlosserei-strodl.at\/index.php?rest_route=\/wp\/v2\/users\/1"}],"replies":[{"embeddable":true,"href":"https:\/\/schlosserei-strodl.at\/index.php?rest_route=%2Fwp%2Fv2%2Fcomments&post=36"}],"version-history":[{"count":24,"href":"https:\/\/schlosserei-strodl.at\/index.php?rest_route=\/wp\/v2\/pages\/36\/revisions"}],"predecessor-version":[{"id":1086,"href":"https:\/\/schlosserei-strodl.at\/index.php?rest_route=\/wp\/v2\/pages\/36\/revisions\/1086"}],"wp:attachment":[{"href":"https:\/\/schlosserei-strodl.at\/index.php?rest_route=%2Fwp%2Fv2%2Fmedia&parent=36"}],"curies":[{"name":"wp","href":"https:\/\/api.w.org\/{rel}","templated":true}]}}