{"id":359,"date":"2021-07-13T12:29:44","date_gmt":"2021-07-13T10:29:44","guid":{"rendered":"https:\/\/www.schlosserei-strodl.at\/?page_id=359"},"modified":"2025-08-08T10:06:22","modified_gmt":"2025-08-08T08:06:22","slug":"359-2","status":"publish","type":"page","link":"https:\/\/schlosserei-strodl.at\/?page_id=359","title":{"rendered":"3D &#8211; Planung"},"content":{"rendered":"<p>[et_pb_section fb_built=&#8220;1&#8243; _builder_version=&#8220;4.9.4&#8243; _module_preset=&#8220;default&#8220; background_color=&#8220;#e5e5e5&#8243;][et_pb_row _builder_version=&#8220;4.9.4&#8243; _module_preset=&#8220;default&#8220;][et_pb_column type=&#8220;4_4&#8243; _builder_version=&#8220;4.9.4&#8243; _module_preset=&#8220;default&#8220;][et_pb_text _builder_version=&#8220;4.9.4&#8243; _module_preset=&#8220;default&#8220;]<\/p>\n<h1 style=\"text-align: center;\">3-D Planung<\/h1>\n<p>[\/et_pb_text][\/et_pb_column][\/et_pb_row][et_pb_row _builder_version=&#8220;4.9.4&#8243; _module_preset=&#8220;default&#8220; hover_enabled=&#8220;0&#8243; border_width_bottom=&#8220;2px&#8220; border_color_bottom=&#8220;#1A0052&#8243; sticky_enabled=&#8220;0&#8243; custom_margin=&#8220;|auto|-105px|auto||&#8220;][et_pb_column type=&#8220;4_4&#8243; _builder_version=&#8220;4.9.4&#8243; _module_preset=&#8220;default&#8220;][et_pb_text _builder_version=&#8220;4.9.4&#8243; _module_preset=&#8220;default&#8220; custom_padding=&#8220;||0px|||&#8220;]<\/p>\n<p>Mit Hilfe unseren 3D &#8211; Zeichenprogramms haben wir die M\u00f6glichkeit, unsere Produkte am PC zu planen. Dadurch k\u00f6nnen sich unsere Kunden bereits im Vorfeld sehen, wie zum Beispiel ihr Gel\u00e4nder auf der Terrasse aussehen wird.<\/p>\n<p>Dies ist sehr hilfreich bei der Detailplanung: sieht das Gel\u00e4nder mit oder ohne Zierelement besser aus? Soll der Zaun 50 oder 60 cm hoch sein? Bleibt genug Platz, um die Balkont\u00fcr zu \u00f6ffnen? So k\u00f6nnen noch Entscheidungen getroffen oder Ausf\u00fchrungen ge\u00e4ndert werden, bevor wir mit der Produktion beginnen.\u00a0<\/p>\n<p>Auch ist eine genaue Planung wieder wichtig, damit die Zusammenarbeiten mit anderen Firmen reibungslos funktioniert. Nur mit genauen Pl\u00e4nen kann sinnvoll kommuniziert werden.\u00a0<\/p>\n<p>&nbsp;<\/p>\n<p>[\/et_pb_text][\/et_pb_column][\/et_pb_row][et_pb_row column_structure=&#8220;1_2,1_2&#8243; _builder_version=&#8220;4.9.4&#8243; _module_preset=&#8220;default&#8220; hover_enabled=&#8220;0&#8243; border_radii=&#8220;on|2px|2px|2px|2px&#8220; sticky_enabled=&#8220;0&#8243; border_width_all=&#8220;2px&#8220; border_color_all=&#8220;gcid-16221c17-7371-4017-a73c-89ea9220365c&#8220; global_colors_info=&#8220;{%22gcid-16221c17-7371-4017-a73c-89ea9220365c%22:%91%22border_color_all%22%93}&#8220; border_color_bottom=&#8220;#1A0052&#8243; custom_margin=&#8220;116px|auto|-4px|auto||&#8220; min_height=&#8220;392px&#8220;][et_pb_column type=&#8220;1_2&#8243; _builder_version=&#8220;4.9.4&#8243; _module_preset=&#8220;default&#8220;][et_pb_image src=&#8220;https:\/\/schlosserei-strodl.at\/wp-content\/uploads\/2025\/08\/Screenshot-10.png&#8220; title_text=&#8220;Screenshot 10&#8243; _builder_version=&#8220;4.9.4&#8243; _module_preset=&#8220;default&#8220; min_height=&#8220;100px&#8220; height=&#8220;270px&#8220; custom_padding=&#8220;||116px|||&#8220; custom_margin=&#8220;||-92px|||&#8220;][\/et_pb_image][\/et_pb_column][et_pb_column type=&#8220;1_2&#8243; _builder_version=&#8220;4.9.4&#8243; _module_preset=&#8220;default&#8220;][et_pb_image src=&#8220;https:\/\/schlosserei-strodl.at\/wp-content\/uploads\/2025\/08\/hochwolkersdorf-12-scaled-e1754397966755.jpg&#8220; title_text=&#8220;hochwolkersdorf (12)&#8220; _builder_version=&#8220;4.9.4&#8243; _module_preset=&#8220;default&#8220; min_height=&#8220;100px&#8220; height=&#8220;270px&#8220; max_height=&#8220;775px&#8220; custom_padding=&#8220;||0px|||&#8220;][\/et_pb_image][\/et_pb_column][\/et_pb_row][et_pb_row column_structure=&#8220;1_2,1_2&#8243; _builder_version=&#8220;4.9.4&#8243; _module_preset=&#8220;default&#8220; hover_enabled=&#8220;0&#8243; border_width_bottom=&#8220;2px&#8220; border_color_bottom=&#8220;#1A0052&#8243; sticky_enabled=&#8220;0&#8243; min_height=&#8220;429px&#8220;][et_pb_column type=&#8220;1_2&#8243; _builder_version=&#8220;4.9.4&#8243; _module_preset=&#8220;default&#8220;][et_pb_image src=&#8220;https:\/\/schlosserei-strodl.at\/wp-content\/uploads\/2025\/08\/Screenshot-11.png&#8220; title_text=&#8220;Screenshot 11&#8243; _builder_version=&#8220;4.9.4&#8243; _module_preset=&#8220;default&#8220; max_width=&#8220;100%&#8220; min_height=&#8220;100px&#8220; height=&#8220;343px&#8220;][\/et_pb_image][\/et_pb_column][et_pb_column type=&#8220;1_2&#8243; _builder_version=&#8220;4.9.4&#8243; _module_preset=&#8220;default&#8220;][et_pb_image src=&#8220;https:\/\/schlosserei-strodl.at\/wp-content\/uploads\/2025\/08\/chwatal-1-scaled-e1754399200660.jpg&#8220; title_text=&#8220;chwatal&#8220; _builder_version=&#8220;4.9.4&#8243; _module_preset=&#8220;default&#8220; min_height=&#8220;100px&#8220; height=&#8220;343px&#8220;][\/et_pb_image][\/et_pb_column][\/et_pb_row][\/et_pb_section]<\/p>\n","protected":false},"excerpt":{"rendered":"<p>[et_pb_section fb_built=&#8220;1&#8243; _builder_version=&#8220;4.9.4&#8243; _module_preset=&#8220;default&#8220; background_color=&#8220;#e5e5e5&#8243;][et_pb_row _builder_version=&#8220;4.9.4&#8243; _module_preset=&#8220;default&#8220;][et_pb_column type=&#8220;4_4&#8243; _builder_version=&#8220;4.9.4&#8243; _module_preset=&#8220;default&#8220;][et_pb_text _builder_version=&#8220;4.9.4&#8243; _module_preset=&#8220;default&#8220;] 3-D Planung [\/et_pb_text][\/et_pb_column][\/et_pb_row][et_pb_row _builder_version=&#8220;4.9.4&#8243; _module_preset=&#8220;default&#8220; hover_enabled=&#8220;0&#8243; border_width_bottom=&#8220;2px&#8220; border_color_bottom=&#8220;#1A0052&#8243; sticky_enabled=&#8220;0&#8243; custom_margin=&#8220;|auto|-105px|auto||&#8220;][et_pb_column type=&#8220;4_4&#8243; _builder_version=&#8220;4.9.4&#8243; _module_preset=&#8220;default&#8220;][et_pb_text _builder_version=&#8220;4.9.4&#8243; _module_preset=&#8220;default&#8220; custom_padding=&#8220;||0px|||&#8220;] Mit Hilfe unseren 3D &#8211; Zeichenprogramms haben wir die M\u00f6glichkeit, unsere Produkte am PC zu planen. Dadurch k\u00f6nnen sich unsere Kunden bereits im Vorfeld sehen, wie zum [&hellip;]<\/p>\n","protected":false},"author":1,"featured_media":0,"parent":36,"menu_order":0,"comment_status":"closed","ping_status":"closed","template":"","meta":{"_et_pb_use_builder":"on","_et_pb_old_content":"","_et_gb_content_width":"","footnotes":""},"class_list":["post-359","page","type-page","status-publish","hentry"],"_links":{"self":[{"href":"https:\/\/schlosserei-strodl.at\/index.php?rest_route=\/wp\/v2\/pages\/359","targetHints":{"allow":["GET"]}}],"collection":[{"href":"https:\/\/schlosserei-strodl.at\/index.php?rest_route=\/wp\/v2\/pages"}],"about":[{"href":"https:\/\/schlosserei-strodl.at\/index.php?rest_route=\/wp\/v2\/types\/page"}],"author":[{"embeddable":true,"href":"https:\/\/schlosserei-strodl.at\/index.php?rest_route=\/wp\/v2\/users\/1"}],"replies":[{"embeddable":true,"href":"https:\/\/schlosserei-strodl.at\/index.php?rest_route=%2Fwp%2Fv2%2Fcomments&post=359"}],"version-history":[{"count":8,"href":"https:\/\/schlosserei-strodl.at\/index.php?rest_route=\/wp\/v2\/pages\/359\/revisions"}],"predecessor-version":[{"id":1614,"href":"https:\/\/schlosserei-strodl.at\/index.php?rest_route=\/wp\/v2\/pages\/359\/revisions\/1614"}],"up":[{"embeddable":true,"href":"https:\/\/schlosserei-strodl.at\/index.php?rest_route=\/wp\/v2\/pages\/36"}],"wp:attachment":[{"href":"https:\/\/schlosserei-strodl.at\/index.php?rest_route=%2Fwp%2Fv2%2Fmedia&parent=359"}],"curies":[{"name":"wp","href":"https:\/\/api.w.org\/{rel}","templated":true}]}}