{"id":352,"date":"2021-07-13T11:59:31","date_gmt":"2021-07-13T09:59:31","guid":{"rendered":"https:\/\/www.schlosserei-strodl.at\/?page_id=352"},"modified":"2021-10-14T10:31:03","modified_gmt":"2021-10-14T08:31:03","slug":"beratung","status":"publish","type":"page","link":"https:\/\/schlosserei-strodl.at\/?page_id=352","title":{"rendered":"Beratung"},"content":{"rendered":"<p>[et_pb_section fb_built=&#8220;1&#8243; _builder_version=&#8220;4.9.4&#8243; _module_preset=&#8220;default&#8220; hover_enabled=&#8220;0&#8243; background_color=&#8220;#e5e5e5&#8243; sticky_enabled=&#8220;0&#8243;][et_pb_row _builder_version=&#8220;4.9.4&#8243; _module_preset=&#8220;default&#8220;][et_pb_column type=&#8220;4_4&#8243; _builder_version=&#8220;4.9.4&#8243; _module_preset=&#8220;default&#8220;][et_pb_text _builder_version=&#8220;4.9.4&#8243; _module_preset=&#8220;default&#8220;]<\/p>\n<h1 style=\"text-align: center;\">Beratung<\/h1>\n<p>[\/et_pb_text][\/et_pb_column][\/et_pb_row][et_pb_row _builder_version=&#8220;4.9.4&#8243; _module_preset=&#8220;default&#8220;][et_pb_column type=&#8220;4_4&#8243; _builder_version=&#8220;4.9.4&#8243; _module_preset=&#8220;default&#8220;][et_pb_text _builder_version=&#8220;4.9.4&#8243; _module_preset=&#8220;default&#8220;]<\/p>\n<p>Am Anfang eines jeden Projekts steht eine kompetente Beratung. Es macht keinen Unterschied, ob es sich um die Reparatur eines alten Gartentors handelt, oder um eine neues Stiegengel\u00e4nder vom Keller bis ins Dachgescho\u00df. Wir gehen sowohl auf die W\u00fcnsche unserer Kunden, als auch auf die \u00f6rtlichen Gegebenheiten ein und beschlie\u00dfen gemeinsam die passende Ausf\u00fchrung und Vorgehensweise.\u00a0<\/p>\n<p>Meistens ist eine Beratung direkt am Bauvorhaben der sinnvollste Weg. Bei Neubauten, die noch in der Planungsphase stecken, bietet unser B\u00fcro gen\u00fcgend Platz f\u00fcr Besprechungen. Durch unsere langj\u00e4hrige T\u00e4tigkeit gibt es jede Menge an Anschauungsmaterial in Form von Bildern. Es ist aber auch m\u00f6glich, viele Materialien direkt in unserer Werkstatt zu besichtigen.\u00a0<\/p>\n<p>Es ist uns wichtig, unsere Kunden \u00fcber Vor- aber auch Nachteile der verschiedenen Produkte aufzukl\u00e4ren. Schlie\u00dflich sollen sie lange eine Freude an ihren neuen Produkten haben.\u00a0<\/p>\n<p>Bei umfangreicheren Projekten, an denen mehrere Gewerke beteiligt sind, ist es am besten, bereits vor Baubeginn auch einen Schlosser f\u00fcr die Planung hinzuzuziehen. Dadurch k\u00f6nnen Details wie Befestigung oder Abdichtung schon im Vorfeld mit dem Baumeister oder Spengler gekl\u00e4rt werden. So erspart man sich im Nachhinein etliche Probleme.\u00a0<\/p>\n<p>Unser Ziel bei einer Beratung ist, gemeinsam mit dem Kunden &#8222;sein Projekt&#8220; zu definieren.<\/p>\n<p>&nbsp;<\/p>\n<p>[\/et_pb_text][\/et_pb_column][\/et_pb_row][et_pb_row column_structure=&#8220;1_3,1_3,1_3&#8243; _builder_version=&#8220;4.9.4&#8243; _module_preset=&#8220;default&#8220;][et_pb_column type=&#8220;1_3&#8243; _builder_version=&#8220;4.9.4&#8243; _module_preset=&#8220;default&#8220;][et_pb_image src=&#8220;https:\/\/schlosserei-strodl.at\/wp-content\/uploads\/2021\/10\/anvil-1169340_1920.jpg&#8220; title_text=&#8220;anvil-1169340_1920&#8243; _builder_version=&#8220;4.9.4&#8243; _module_preset=&#8220;default&#8220;][\/et_pb_image][\/et_pb_column][et_pb_column type=&#8220;1_3&#8243; _builder_version=&#8220;4.9.4&#8243; _module_preset=&#8220;default&#8220;][et_pb_image src=&#8220;https:\/\/schlosserei-strodl.at\/wp-content\/uploads\/2021\/10\/business-idea-3683781_1920.jpg&#8220; title_text=&#8220;business-idea-3683781_1920&#8243; _builder_version=&#8220;4.9.4&#8243; _module_preset=&#8220;default&#8220;][\/et_pb_image][\/et_pb_column][et_pb_column type=&#8220;1_3&#8243; _builder_version=&#8220;4.9.4&#8243; _module_preset=&#8220;default&#8220;][et_pb_image src=&#8220;https:\/\/schlosserei-strodl.at\/wp-content\/uploads\/2021\/10\/macro-g3205c0c97_1920.jpg&#8220; title_text=&#8220;macro-g3205c0c97_1920&#8243; _builder_version=&#8220;4.9.4&#8243; _module_preset=&#8220;default&#8220;][\/et_pb_image][\/et_pb_column][\/et_pb_row][\/et_pb_section]<\/p>\n","protected":false},"excerpt":{"rendered":"<p>[et_pb_section fb_built=&#8220;1&#8243; _builder_version=&#8220;4.9.4&#8243; _module_preset=&#8220;default&#8220; hover_enabled=&#8220;0&#8243; background_color=&#8220;#e5e5e5&#8243; sticky_enabled=&#8220;0&#8243;][et_pb_row _builder_version=&#8220;4.9.4&#8243; _module_preset=&#8220;default&#8220;][et_pb_column type=&#8220;4_4&#8243; _builder_version=&#8220;4.9.4&#8243; _module_preset=&#8220;default&#8220;][et_pb_text _builder_version=&#8220;4.9.4&#8243; _module_preset=&#8220;default&#8220;] Beratung [\/et_pb_text][\/et_pb_column][\/et_pb_row][et_pb_row _builder_version=&#8220;4.9.4&#8243; _module_preset=&#8220;default&#8220;][et_pb_column type=&#8220;4_4&#8243; _builder_version=&#8220;4.9.4&#8243; _module_preset=&#8220;default&#8220;][et_pb_text _builder_version=&#8220;4.9.4&#8243; _module_preset=&#8220;default&#8220;] Am Anfang eines jeden Projekts steht eine kompetente Beratung. Es macht keinen Unterschied, ob es sich um die Reparatur eines alten Gartentors handelt, oder um eine neues Stiegengel\u00e4nder vom Keller bis ins [&hellip;]<\/p>\n","protected":false},"author":1,"featured_media":0,"parent":36,"menu_order":0,"comment_status":"closed","ping_status":"closed","template":"","meta":{"_et_pb_use_builder":"on","_et_pb_old_content":"","_et_gb_content_width":"","footnotes":""},"class_list":["post-352","page","type-page","status-publish","hentry"],"_links":{"self":[{"href":"https:\/\/schlosserei-strodl.at\/index.php?rest_route=\/wp\/v2\/pages\/352","targetHints":{"allow":["GET"]}}],"collection":[{"href":"https:\/\/schlosserei-strodl.at\/index.php?rest_route=\/wp\/v2\/pages"}],"about":[{"href":"https:\/\/schlosserei-strodl.at\/index.php?rest_route=\/wp\/v2\/types\/page"}],"author":[{"embeddable":true,"href":"https:\/\/schlosserei-strodl.at\/index.php?rest_route=\/wp\/v2\/users\/1"}],"replies":[{"embeddable":true,"href":"https:\/\/schlosserei-strodl.at\/index.php?rest_route=%2Fwp%2Fv2%2Fcomments&post=352"}],"version-history":[{"count":9,"href":"https:\/\/schlosserei-strodl.at\/index.php?rest_route=\/wp\/v2\/pages\/352\/revisions"}],"predecessor-version":[{"id":1087,"href":"https:\/\/schlosserei-strodl.at\/index.php?rest_route=\/wp\/v2\/pages\/352\/revisions\/1087"}],"up":[{"embeddable":true,"href":"https:\/\/schlosserei-strodl.at\/index.php?rest_route=\/wp\/v2\/pages\/36"}],"wp:attachment":[{"href":"https:\/\/schlosserei-strodl.at\/index.php?rest_route=%2Fwp%2Fv2%2Fmedia&parent=352"}],"curies":[{"name":"wp","href":"https:\/\/api.w.org\/{rel}","templated":true}]}}